{"id":16494,"date":"2025-07-22T10:10:19","date_gmt":"2025-07-22T08:10:19","guid":{"rendered":"https:\/\/zbranebudai.sk\/?post_type=product&#038;p=16494"},"modified":"2026-04-29T14:44:10","modified_gmt":"2026-04-29T12:44:10","slug":"pard-night-stalker-mini-digitalny-puskohlad","status":"publish","type":"product","link":"https:\/\/zbranebudai.sk\/hu\/product\/pard-night-stalker-mini-digitalny-puskohlad\/","title":{"rendered":"PARD Night Stalker mini digit\u00e1lis puska t\u00e1vcs\u0151"},"content":{"rendered":"<p data-start=\"58\" data-end=\"486\"><strong data-start=\"60\" data-end=\"82\">\u00c9jszakai Vad\u00e1sz Mini<\/strong> sp\u00e1ja 2560\u00d71440 pixelov\u00e9 rozl\u00ed\u0161enie sn\u00edma\u010da s kompaktn\u00fdm tubusov\u00fdm dizajnom, ktor\u00fd je kompatibiln\u00fd so \u0161tandardn\u00fdmi 30 mm mont\u00e1\u017eami. Jeho okr\u00fahly displej poskytuje pohodln\u00e9 pozorovanie, bo\u010dn\u00e9 zaostrovacie tla\u010didlo umo\u017e\u0148uje jednoduch\u00e9 nastavenie a v\u010faka hmotnosti iba 450 g \u2013 vr\u00e1tane bat\u00e9rie \u2013 pon\u00faka v\u00fdnimo\u010dn\u00fa prenosnos\u0165. Toto je dokonal\u00e1 kombin\u00e1cia inov\u00e1cie a praktickosti.<\/p>\n<p data-start=\"488\" data-end=\"525\"><strong data-start=\"488\" data-end=\"525\">FORRADALMI OLDALS\u00d3 F\u00d3KUSZKER\u00c9K<\/strong><\/p>\n<p data-start=\"527\" data-end=\"863\">Bo\u010dn\u00e9 zaostrovacie koliesko je navrhnut\u00e9 tak, aby neru\u0161ilo zameriavaciu l\u00edniu a nezhor\u0161ovalo vizu\u00e1lny z\u00e1\u017eitok, \u010d\u00edm sa zlep\u0161uje pou\u017eite\u013enos\u0165 zariadenia. Jeho bo\u010dn\u00e9 umiestnenie zais\u0165uje \u013eahk\u00fd pr\u00edstup a vynikaj\u00facu ovl\u00e1date\u013enos\u0165, \u010di u\u017e ide o zbra\u0148 dr\u017ean\u00fa v ruke, alebo o zariadenie upevnen\u00e9 na stat\u00edve.<\/p>\n<p data-start=\"865\" data-end=\"883\"><strong data-start=\"865\" data-end=\"883\">Specifik\u00e1ci\u00f3k:<\/strong><\/p>\n<p data-start=\"1153\" data-end=\"1167\" data-is-last-node=\"\">\u00c9rz\u00e9kel\u0151: CMOS, 2560\u00d71440 px<br \/>\nK\u00e9ppontm\u00e9ret: 2,9 \u00b5m<br \/>\n\u00c9rz\u00e9kenys\u00e9g: 0,001 lux<br \/>\nGy\u00fajt\u00f3t\u00e1vols\u00e1g: 35 mm<br \/>\nKijelz\u0151: IPS, 800\u00d7800 px<br \/>\nF\u00e9nyk\u00e9p felbont\u00e1sa: 1440\u00d71080 px<br \/>\nVide\u00f3 felbont\u00e1s: 1440\u00d71080 px<br \/>\nKimeneti pupilla: 100 mm<br \/>\nM\u00e9retek (mm): 295 \u00d7 82 \u00d7 70<br \/>\nT\u00f6meg (g): 455<\/p>\n<p data-start=\"55\" data-end=\"77\"><strong data-start=\"55\" data-end=\"68\">Garancia:<\/strong><br data-start=\"68\" data-end=\"71\" \/>2 \u00e9v<\/p>\n<p data-start=\"79\" data-end=\"120\"><strong data-start=\"79\" data-end=\"103\">\u00c9rz\u00e9kel\u0151 felbont\u00e1sa:<\/strong><br data-start=\"103\" data-end=\"106\" \/>2560\u00d71440 px<\/p>\n<p data-start=\"122\" data-end=\"160\"><strong data-start=\"122\" data-end=\"150\">Objekt\u00edv (gy\u00fajt\u00f3t\u00e1vols\u00e1g):<\/strong><br data-start=\"150\" data-end=\"153\" \/>35 mm<\/p>\n<p data-start=\"162\" data-end=\"190\"><strong data-start=\"162\" data-end=\"183\">Optikai nagy\u00edt\u00e1s:<\/strong><br data-start=\"183\" data-end=\"186\" \/>3\u00d7<\/p>\n<p data-start=\"192\" data-end=\"218\"><strong data-start=\"192\" data-end=\"211\">Digit\u00e1lis zoom:<\/strong><br data-start=\"211\" data-end=\"214\" \/>2\u00d7<\/p>\n<p data-start=\"220\" data-end=\"258\"><strong data-start=\"220\" data-end=\"243\">Kijelz\u0151 felbont\u00e1sa:<\/strong><br data-start=\"243\" data-end=\"246\" \/>800\u00d7800 px<\/p>\n<p data-start=\"260\" data-end=\"288\" data-is-last-node=\"\" data-is-only-node=\"\"><strong data-start=\"260\" data-end=\"280\">IR hat\u00f3t\u00e1vols\u00e1g<\/strong><br data-start=\"280\" data-end=\"283\" \/>350 m<\/p>","protected":false},"excerpt":{"rendered":"<p data-start=\"0\" data-end=\"35\"><strong data-start=\"0\" data-end=\"35\">NAJMEN\u0160\u00cd DIGIT\u00c1LNY PU\u0160KOH\u013dAD<\/strong><\/p>\n<p data-start=\"37\" data-end=\"325\" data-is-last-node=\"\" data-is-only-node=\"\"><strong data-start=\"39\" data-end=\"66\">Pard \u00c9jjell\u00e1t\u00f3 \u00d6sv\u00e9ny\u0151r Mini<\/strong> Ez egy kompakt, nagy felbont\u00e1s\u00fa (2560\u00d71440) digit\u00e1lis puskat\u00e1vcs\u0151 k\u00e9nyelmes, kerek kijelz\u0151vel. K\u00f6nny\u0171 (450 g) \u00e9s k\u00f6nnyen felszerelhet\u0151 a szabv\u00e1nyos 30 mm-es szerel\u00e9kgy\u0171r\u0171kre. T\u00f6k\u00e9letes kombin\u00e1ci\u00f3ja a teljes\u00edtm\u00e9nynek \u00e9s a hordozhat\u00f3s\u00e1gnak az ig\u00e9nyes felhaszn\u00e1l\u00f3k sz\u00e1m\u00e1ra.<\/p>","protected":false},"featured_media":16603,"template":"","meta":{"_gspb_post_css":""},"product_brand":[],"product_cat":[2753],"product_tag":[2290,284,229,324],"class_list":{"0":"post-16494","1":"product","2":"type-product","3":"status-publish","4":"has-post-thumbnail","6":"product_cat-puskohlady","7":"product_tag-mini","8":"product_tag-night-stalker","9":"product_tag-pard","10":"product_tag-puskohlad","12":"first","13":"instock","14":"taxable","15":"shipping-taxable","16":"purchasable","17":"product-type-simple"},"ct_brands":[],"_links":{"self":[{"href":"https:\/\/zbranebudai.sk\/hu\/wp-json\/wp\/v2\/product\/16494","targetHints":{"allow":["GET"]}}],"collection":[{"href":"https:\/\/zbranebudai.sk\/hu\/wp-json\/wp\/v2\/product"}],"about":[{"href":"https:\/\/zbranebudai.sk\/hu\/wp-json\/wp\/v2\/types\/product"}],"wp:featuredmedia":[{"embeddable":true,"href":"https:\/\/zbranebudai.sk\/hu\/wp-json\/wp\/v2\/media\/16603"}],"wp:attachment":[{"href":"https:\/\/zbranebudai.sk\/hu\/wp-json\/wp\/v2\/media?parent=16494"}],"wp:term":[{"taxonomy":"product_brand","embeddable":true,"href":"https:\/\/zbranebudai.sk\/hu\/wp-json\/wp\/v2\/product_brand?post=16494"},{"taxonomy":"product_cat","embeddable":true,"href":"https:\/\/zbranebudai.sk\/hu\/wp-json\/wp\/v2\/product_cat?post=16494"},{"taxonomy":"product_tag","embeddable":true,"href":"https:\/\/zbranebudai.sk\/hu\/wp-json\/wp\/v2\/product_tag?post=16494"}],"curies":[{"name":"wp","href":"https:\/\/api.w.org\/{rel}","templated":true}]}}