{"id":16493,"date":"2025-07-22T10:10:19","date_gmt":"2025-07-22T08:10:19","guid":{"rendered":"https:\/\/zbranebudai.sk\/?post_type=product&#038;p=16493"},"modified":"2026-05-02T09:35:23","modified_gmt":"2026-05-02T07:35:23","slug":"keeppower-rcr123a-800-mah-li-ion-akkumulator-vedelemmel","status":"publish","type":"product","link":"https:\/\/zbranebudai.sk\/hu\/product\/keeppower-rcr123a-800-mah-li-ion-akkumulator-vedelemmel\/","title":{"rendered":"Keeppower RCR123A 800 mAh (Li-Ion) akkumul\u00e1tor v\u00e9delemmel"},"content":{"rendered":"<p><strong>Keeppower RCR123A 800 mAh (Li-Ion) akkumul\u00e1tor v\u00e9delemmel<\/strong><\/p>\n<p>A Keeppower RCR123A 800 mAh (16340) v\u00e9dett (protected) \u00fajrat\u00f6lthet\u0151 akkumul\u00e1tor l\u00edtium-ion technol\u00f3gi\u00e1n alapul. A Li-ion technol\u00f3gia az egyik legjobb energia\u2013t\u00f6meg ar\u00e1nyt biztos\u00edtja. Az akkumul\u00e1torok nem rendelkeznek mem\u00f3riaeffektussal, \u00e9s \u00f6nkis\u00fcl\u00e9s\u00fck minim\u00e1lis. A standard Fenix RCR123A akkumul\u00e1torokhoz k\u00e9pest ez a cella k\u00f6r\u00fclbel\u00fcl 15%-kal nagyobb kapacit\u00e1st k\u00edn\u00e1l azonos m\u00e9retek mellett, \u00edgy a m\u0171k\u00f6d\u00e9si id\u0151 is mintegy 15%-kal hosszabb. A kapacit\u00e1st saj\u00e1t m\u00e9r\u00e9seinkkel ellen\u0151rizt\u00fck.<\/p>\n<p><strong>Specifik\u00e1ci\u00f3k:<\/strong><\/p>\n<ul>\n<li>T\u00edpus: RCR123A \u2013 800 mAh<\/li>\n<li>T\u00edpusa: Li-ion<\/li>\n<li>Kapacit\u00e1s (mAh): 800 mAh<\/li>\n<li>Fesz\u00fclts\u00e9g: 3,7 V<\/li>\n<li>A negat\u00edv p\u00f3lusba \u00e9p\u00edtett v\u00e9delmi elektronika t\u00falt\u00f6lt\u00e9s, m\u00e9lykis\u00fcl\u00e9s \u00e9s r\u00f6vidz\u00e1rlat elleni v\u00e9delmet biztos\u00edt.<\/li>\n<li>T\u00f6lt\u00e9si ciklusok: 500<\/li>\n<li>S\u00faly: 18 g<\/li>\n<li>M\u00e9retek (\u00e1tm\u00e9r\u0151 \u00d7 magass\u00e1g): 16,5 mm \u00d7 34 mm<\/li>\n<\/ul>","protected":false},"excerpt":{"rendered":"<p>P\u00f3t, \u00fajrat\u00f6lthet\u0151 akkumul\u00e1tor minden Thunder, Stellar \u00e9s Alpex modellhez.<\/p>","protected":false},"featured_media":16602,"template":"","meta":{"_gspb_post_css":""},"product_brand":[],"product_cat":[2762,21,354],"product_tag":[368,2289],"class_list":{"0":"post-16493","1":"product","2":"type-product","3":"status-publish","4":"has-post-thumbnail","6":"product_cat-baterie","7":"product_cat-optika","8":"product_cat-prislusenstvo","9":"product_tag-bateria","10":"product_tag-keeppower","12":"first","13":"instock","14":"taxable","15":"shipping-taxable","16":"purchasable","17":"product-type-simple"},"ct_brands":[],"_links":{"self":[{"href":"https:\/\/zbranebudai.sk\/hu\/wp-json\/wp\/v2\/product\/16493","targetHints":{"allow":["GET"]}}],"collection":[{"href":"https:\/\/zbranebudai.sk\/hu\/wp-json\/wp\/v2\/product"}],"about":[{"href":"https:\/\/zbranebudai.sk\/hu\/wp-json\/wp\/v2\/types\/product"}],"wp:featuredmedia":[{"embeddable":true,"href":"https:\/\/zbranebudai.sk\/hu\/wp-json\/wp\/v2\/media\/16602"}],"wp:attachment":[{"href":"https:\/\/zbranebudai.sk\/hu\/wp-json\/wp\/v2\/media?parent=16493"}],"wp:term":[{"taxonomy":"product_brand","embeddable":true,"href":"https:\/\/zbranebudai.sk\/hu\/wp-json\/wp\/v2\/product_brand?post=16493"},{"taxonomy":"product_cat","embeddable":true,"href":"https:\/\/zbranebudai.sk\/hu\/wp-json\/wp\/v2\/product_cat?post=16493"},{"taxonomy":"product_tag","embeddable":true,"href":"https:\/\/zbranebudai.sk\/hu\/wp-json\/wp\/v2\/product_tag?post=16493"}],"curies":[{"name":"wp","href":"https:\/\/api.w.org\/{rel}","templated":true}]}}