{"id":16492,"date":"2025-07-22T10:10:19","date_gmt":"2025-07-22T08:10:19","guid":{"rendered":"https:\/\/zbranebudai.sk\/?post_type=product&#038;p=16492"},"modified":"2026-05-02T09:45:39","modified_gmt":"2026-05-02T07:45:39","slug":"keeppower-18500-2250mah-3-6v-3-7v-li-ion-akkumulator","status":"publish","type":"product","link":"https:\/\/zbranebudai.sk\/hu\/product\/keeppower-18500-2250mah-3-6v-3-7v-li-ion-akkumulator\/","title":{"rendered":"Keeppower 18500 2250mAh 3.6V \u2013 3.7V Li-Ion akkumul\u00e1tor"},"content":{"rendered":"<p><strong>Keeppower 18500 2250mAh 3.6V \u2013 3.7V Li-Ion akkumul\u00e1tor<\/strong><\/p>\n<p>\u00dajrat\u00f6lthet\u0151 Li-ion 21700 akkumul\u00e1tor Xtar, v\u00e9delmi \u00e1ramk\u00f6rrel.<\/p>\n<p><strong>Specifik\u00e1ci\u00f3k:<\/strong><\/p>\n<table dir=\"ltr\" style=\"width: 402px\" border=\"1\" cellspacing=\"0\" cellpadding=\"0\" data-sheets-root=\"1\" data-sheets-baot=\"1\">\n<colgroup>\n<col width=\"140\" \/>\n<col width=\"73\" \/><\/colgroup>\n<tbody>\n<tr>\n<td style=\"width: 187.562px\">Kapacit\u00e1s<\/td>\n<td style=\"width: 209.637px\">\n<div>\n<div>2250 mAh<\/div>\n<\/div>\n<\/td>\n<\/tr>\n<tr>\n<td style=\"width: 187.562px\">Fesz\u00fclts\u00e9g<\/td>\n<td style=\"width: 209.637px\">\n<div>\n<div>3,6 \u2013 3,7 V<\/div>\n<\/div>\n<\/td>\n<\/tr>\n<tr>\n<td style=\"width: 187.562px\">K\u00e9miai \u00f6sszet\u00e9tel<\/td>\n<td style=\"width: 209.637px\">Li-Ion<\/td>\n<\/tr>\n<tr>\n<td style=\"width: 187.562px\">T\u00f6lt\u00e9si lehet\u0151s\u00e9g<\/td>\n<td style=\"width: 209.637px\">Igen<\/td>\n<\/tr>\n<tr>\n<td style=\"width: 187.562px\">M\u00e9retek<\/td>\n<td style=\"width: 209.637px\">\n<div>\n<div>18,4 \u00d7 48,6 mm<\/div>\n<\/div>\n<\/td>\n<\/tr>\n<tr>\n<td style=\"width: 187.562px\"><\/td>\n<td style=\"width: 209.637px\"><\/td>\n<\/tr>\n<\/tbody>\n<\/table>","protected":false},"excerpt":{"rendered":"<p>Keeppower m\u00e1rk\u00e1j\u00fa \u00fajrat\u00f6lthet\u0151 akkumul\u00e1tor. \nLi-ion 18500, v\u00e9delem n\u00e9lk\u00fcl. \nKapacit\u00e1s: 2250 mAh. \nFesz\u00fclts\u00e9g: 3,6\u20133,7 V.<\/p>","protected":false},"featured_media":16601,"template":"","meta":{"_gspb_post_css":""},"product_brand":[],"product_cat":[2762,21,354],"product_tag":[368,2289],"class_list":{"0":"post-16492","1":"product","2":"type-product","3":"status-publish","4":"has-post-thumbnail","6":"product_cat-baterie","7":"product_cat-optika","8":"product_cat-prislusenstvo","9":"product_tag-bateria","10":"product_tag-keeppower","12":"first","13":"instock","14":"taxable","15":"shipping-taxable","16":"purchasable","17":"product-type-simple"},"ct_brands":[],"_links":{"self":[{"href":"https:\/\/zbranebudai.sk\/hu\/wp-json\/wp\/v2\/product\/16492","targetHints":{"allow":["GET"]}}],"collection":[{"href":"https:\/\/zbranebudai.sk\/hu\/wp-json\/wp\/v2\/product"}],"about":[{"href":"https:\/\/zbranebudai.sk\/hu\/wp-json\/wp\/v2\/types\/product"}],"wp:featuredmedia":[{"embeddable":true,"href":"https:\/\/zbranebudai.sk\/hu\/wp-json\/wp\/v2\/media\/16601"}],"wp:attachment":[{"href":"https:\/\/zbranebudai.sk\/hu\/wp-json\/wp\/v2\/media?parent=16492"}],"wp:term":[{"taxonomy":"product_brand","embeddable":true,"href":"https:\/\/zbranebudai.sk\/hu\/wp-json\/wp\/v2\/product_brand?post=16492"},{"taxonomy":"product_cat","embeddable":true,"href":"https:\/\/zbranebudai.sk\/hu\/wp-json\/wp\/v2\/product_cat?post=16492"},{"taxonomy":"product_tag","embeddable":true,"href":"https:\/\/zbranebudai.sk\/hu\/wp-json\/wp\/v2\/product_tag?post=16492"}],"curies":[{"name":"wp","href":"https:\/\/api.w.org\/{rel}","templated":true}]}}