{"id":16471,"date":"2025-07-22T10:09:59","date_gmt":"2025-07-22T08:09:59","guid":{"rendered":"https:\/\/zbranebudai.sk\/?post_type=product&#038;p=16471"},"modified":"2026-04-29T14:41:12","modified_gmt":"2026-04-29T12:41:12","slug":"pard-nv-s470cl-940nm-lrf-4k-digitalis-ejjellato-tavcso","status":"publish","type":"product","link":"https:\/\/zbranebudai.sk\/hu\/product\/pard-nv-s470cl-940nm-lrf-4k-digitalny-nocny-puskohlad\/","title":{"rendered":"Pard NV-S470CL 940nm LRF 4K digit\u00e1lis \u00e9jjell\u00e1t\u00f3 c\u00e9lt\u00e1vcs\u0151"},"content":{"rendered":"<h3 data-start=\"767\" data-end=\"794\"><strong data-start=\"771\" data-end=\"794\">Alapvet\u0151 tulajdons\u00e1gok:<\/strong><\/h3>\n<p data-start=\"796\" data-end=\"904\"><strong data-start=\"796\" data-end=\"820\">Digit\u00e1lis \u00e9jjell\u00e1t\u00f3 t\u00e1vcs\u0151:<\/strong><br data-start=\"820\" data-end=\"823\" \/>A k\u00e9p \u00e9jszakai k\u00f6r\u00fclm\u00e9nyek k\u00f6z\u00f6tti megjelen\u00edt\u00e9s\u00e9hez digit\u00e1lis technol\u00f3gi\u00e1t haszn\u00e1l.<\/p>\n<p data-start=\"906\" data-end=\"1075\"><strong data-start=\"906\" data-end=\"934\">Infrav\u00f6r\u00f6s vil\u00e1g\u00edt\u00e1s:<\/strong><br data-start=\"934\" data-end=\"937\" \/>Be\u00e9p\u00edtett, 940 nm-es infrav\u00f6r\u00f6s vil\u00e1g\u00edt\u00e1s a teljes s\u00f6t\u00e9ts\u00e9gben val\u00f3 l\u00e1t\u00e1shoz.<br data-start=\"1031\" data-end=\"1034\" \/>A megvil\u00e1g\u00edt\u00e1s hat\u00f3t\u00e1vols\u00e1ga ak\u00e1r 350 m\u00e9ter is lehet.<\/p>\n<p data-start=\"1077\" data-end=\"1098\"><strong data-start=\"1077\" data-end=\"1096\">Nagy felbont\u00e1s:<\/strong><\/p>\n<ul data-start=\"1099\" data-end=\"1173\">\n<li data-start=\"1099\" data-end=\"1139\">\n<p data-start=\"1101\" data-end=\"1139\">4K \u00e9rz\u00e9kel\u0151 3840 \u00d7 2160 px felbont\u00e1ssal<\/p>\n<\/li>\n<li data-start=\"1140\" data-end=\"1173\">\n<p data-start=\"1142\" data-end=\"1173\">800 \u00d7 800 px felbont\u00e1s\u00fa kijelz\u0151<\/p>\n<\/li>\n<\/ul>\n<p data-start=\"1175\" data-end=\"1247\"><strong data-start=\"1175\" data-end=\"1196\">Optikai nagy\u00edt\u00e1s:<\/strong><br data-start=\"1196\" data-end=\"1199\" \/>Alap (optikai) nagy\u00edt\u00e1s: 5,6\u00d7 (zoom: 5,6\u00d7 \u2013 11,2\u00d7)<\/p>\n<hr data-start=\"1249\" data-end=\"1252\" \/>\n<h3 data-start=\"1254\" data-end=\"1279\"><strong data-start=\"1258\" data-end=\"1279\">Fejlett funkci\u00f3k:<\/strong><\/h3>\n<p data-start=\"1281\" data-end=\"1366\"><strong data-start=\"1281\" data-end=\"1306\">L\u00e9zeres t\u00e1vols\u00e1gm\u00e9r\u0151:<\/strong><br data-start=\"1306\" data-end=\"1309\" \/>Be\u00e9p\u00edtett l\u00e9zeres t\u00e1vols\u00e1gm\u00e9r\u0151 a pontos t\u00e1vols\u00e1gm\u00e9r\u00e9shez.<\/p>\n<p data-start=\"1368\" data-end=\"1453\"><strong data-start=\"1368\" data-end=\"1396\">Ballisztikai kalkul\u00e1tor:<\/strong><br data-start=\"1396\" data-end=\"1399\" \/>Seg\u00edt pontosan c\u00e9lozni k\u00fcl\u00f6nb\u00f6z\u0151 t\u00e1vols\u00e1gokon.<\/p>\n<p data-start=\"1455\" data-end=\"1515\"><strong data-start=\"1455\" data-end=\"1473\">Videofelv\u00e9tel:<\/strong><br data-start=\"1473\" data-end=\"1476\" \/>Ultra HD felbont\u00e1s\u00fa videofelv\u00e9tel.<\/p>\n<p data-start=\"1517\" data-end=\"1583\"><strong data-start=\"1517\" data-end=\"1527\">Wi-Fi:<\/strong><br data-start=\"1527\" data-end=\"1530\" \/>Wi-Fi kapcsolat t\u00e1vir\u00e1ny\u00edt\u00e1shoz vagy adat\u00e1tvitelhez.<\/p>\n<p data-start=\"1585\" data-end=\"1670\"><strong data-start=\"1585\" data-end=\"1602\">Rugalmass\u00e1g:<\/strong><br data-start=\"1602\" data-end=\"1605\" \/>A k\u00e9sz\u00fcl\u00e9k ellen\u00e1ll a k\u00fcls\u0151 hat\u00e1soknak \u00e9s a kih\u00edv\u00e1st jelent\u0151 k\u00f6r\u00fclm\u00e9nyeknek.<\/p>\n<hr data-start=\"1672\" data-end=\"1675\" \/>\n<h3 data-start=\"1677\" data-end=\"1700\"><strong data-start=\"1681\" data-end=\"1700\">M\u0171szaki param\u00e9terek:<\/strong><\/h3>\n<ul data-start=\"1702\" data-end=\"1801\">\n<li data-start=\"1702\" data-end=\"1731\">\n<p data-start=\"1704\" data-end=\"1731\"><strong data-start=\"1704\" data-end=\"1716\">\u00c9rz\u00e9kel\u0151:<\/strong> 3840 \u00d7 2160 px<\/p>\n<\/li>\n<li data-start=\"1732\" data-end=\"1756\">\n<p data-start=\"1734\" data-end=\"1756\"><strong data-start=\"1734\" data-end=\"1744\">S\u00faly:<\/strong> kb. 447 g<\/p>\n<\/li>\n<li data-start=\"1757\" data-end=\"1801\">\n<p data-start=\"1759\" data-end=\"1801\"><strong data-start=\"1759\" data-end=\"1774\">T\u00e1pegys\u00e9g:<\/strong> k\u00fcls\u0151 akkumul\u00e1tor 18650<\/p>\n<\/li>\n<\/ul>\n<hr data-start=\"1803\" data-end=\"1806\" \/>\n<h3 data-start=\"1808\" data-end=\"1829\"><strong data-start=\"1812\" data-end=\"1829\">Haszn\u00e1lat:<\/strong><\/h3>\n<p data-start=\"1831\" data-end=\"1968\">Ez a c\u00e9lt\u00e1vcs\u0151 kiv\u00e1l\u00f3an alkalmas vad\u00e1szathoz, megfigyel\u00e9shez \u00e9s minden olyan tev\u00e9kenys\u00e9ghez, amelyhez \u00e9jszakai l\u00e1t\u00e1sra van sz\u00fcks\u00e9g.<\/p>\n<table dir=\"ltr\" border=\"1\" cellspacing=\"0\" cellpadding=\"0\" data-sheets-root=\"1\" data-sheets-baot=\"1\">\n<colgroup>\n<col width=\"199\" \/>\n<col width=\"199\" \/><\/colgroup>\n<tbody>\n<tr>\n<td style=\"width: 268px\">Tulajdons\u00e1g<\/td>\n<td style=\"width: 197.545px\">\u00c9rt\u00e9k<\/td>\n<\/tr>\n<tr>\n<td style=\"width: 268px\">Felbont\u00e1s (pixel)<\/td>\n<td style=\"width: 197.545px\">4K \u2013 3840 \u00d7 2160 px<\/td>\n<\/tr>\n<tr>\n<td style=\"width: 268px\">\u00c9rz\u00e9kenys\u00e9g (Lux)<\/td>\n<td style=\"width: 197.545px\">1<\/td>\n<\/tr>\n<tr>\n<td style=\"width: 268px\">K\u00e9pkockasebess\u00e9g (fps)<\/td>\n<td style=\"width: 197.545px\">30<\/td>\n<\/tr>\n<tr>\n<td style=\"width: 268px\">F\u00f3kuszt\u00e1vols\u00e1g (mm)<\/td>\n<td style=\"width: 197.545px\">70<\/td>\n<\/tr>\n<tr>\n<td style=\"width: 268px\">Optikai nagy\u00edt\u00e1s (x)<\/td>\n<td style=\"width: 197.545px\">5,6\u00d7<\/td>\n<\/tr>\n<tr>\n<td style=\"width: 268px\">Digit\u00e1lis zoom (x)<\/td>\n<td style=\"width: 197.545px\">2\u00d7 (5,6\u201311,2\u00d7)<\/td>\n<\/tr>\n<tr>\n<td style=\"width: 268px\">V\u00edzszintes l\u00e1t\u00f3mez\u0151<\/td>\n<td style=\"width: 197.545px\">3,5\u00b0<\/td>\n<\/tr>\n<tr>\n<td style=\"width: 268px\">F\u00fcgg\u0151leges l\u00e1t\u00f3mez\u0151<\/td>\n<td style=\"width: 197.545px\">3,5\u00b0<\/td>\n<\/tr>\n<tr>\n<td style=\"width: 268px\">\u00c1tl\u00f3s l\u00e1t\u00f3mez\u0151<\/td>\n<td style=\"width: 197.545px\">5,0\u00b0<\/td>\n<\/tr>\n<tr>\n<td style=\"width: 268px\">Kijelz\u0151 felbont\u00e1sa (pixel)<\/td>\n<td style=\"width: 197.545px\">800 \u00d7 800<\/td>\n<\/tr>\n<tr>\n<td style=\"width: 268px\">Akkumul\u00e1tor t\u00edpusa<\/td>\n<td style=\"width: 197.545px\">18650 Li-ion akkumul\u00e1tor<\/td>\n<\/tr>\n<tr>\n<td style=\"width: 268px\">USB Type-C<\/td>\n<td style=\"width: 197.545px\">Igen<\/td>\n<\/tr>\n<tr>\n<td style=\"width: 268px\">HDMI kimenet<\/td>\n<td style=\"width: 197.545px\">Igen<\/td>\n<\/tr>\n<tr>\n<td style=\"width: 268px\">WiFi<\/td>\n<td style=\"width: 197.545px\">Igen<\/td>\n<\/tr>\n<tr>\n<td style=\"width: 268px\">Infrav\u00f6r\u00f6s hull\u00e1mhossz (nm)<\/td>\n<td style=\"width: 197.545px\">940<\/td>\n<\/tr>\n<tr>\n<td style=\"width: 268px\">F\u00e9nyk\u00e9p felbont\u00e1sa (pixel)<\/td>\n<td style=\"width: 197.545px\">1536 \u00d7 1536<\/td>\n<\/tr>\n<tr>\n<td style=\"width: 268px\">Vide\u00f3 felbont\u00e1s (pixel)<\/td>\n<td style=\"width: 197.545px\">1440 \u00d7 1080<\/td>\n<\/tr>\n<\/tbody>\n<\/table>","protected":false},"excerpt":{"rendered":"<p><strong>PARD NV-S470CL 940nm 4K<\/strong> Ez egy cs\u00facskateg\u00f3ri\u00e1s digit\u00e1lis \u00e9jjell\u00e1t\u00f3 puskat\u00e1vcs\u0151, amely kiv\u00e1l\u00f3 k\u00e9pet biztos\u00edt \u00e9jszakai k\u00f6r\u00fclm\u00e9nyek k\u00f6z\u00f6tt. A QHD \u00e9rz\u00e9kel\u0151nek \u00e9s a nagy felbont\u00e1s\u00fa kijelz\u0151nek k\u00f6sz\u00f6nhet\u0151en \u00e9les \u00e9s r\u00e9szletes k\u00e9pet k\u00edn\u00e1l. A be\u00e9p\u00edtett, 350 m\u00e9ter hat\u00f3t\u00e1vols\u00e1g\u00fa infrav\u00f6r\u00f6s megvil\u00e1g\u00edt\u00e1s lehet\u0151v\u00e9 teszi a l\u00e1t\u00e1st teljes s\u00f6t\u00e9ts\u00e9gben is. A puskat\u00e1vcs\u0151 l\u00e9zeres t\u00e1vols\u00e1gm\u00e9r\u0151vel \u00e9s ballisztikai sz\u00e1mol\u00f3g\u00e9ppel van felszerelve a c\u00e9lpont prec\u00edz megc\u00e9lz\u00e1s\u00e1hoz. Tov\u00e1bbi funkci\u00f3k k\u00f6z\u00e9 tartozik az Ultra HD videofelv\u00e9tel \u00e9s a Wi-Fi kapcsolat. <strong>PARD NV-S470CL 940nm 4K<\/strong> ide\u00e1lis v\u00e1laszt\u00e1s vad\u00e1szathoz, megfigyel\u00e9shez \u00e9s minden olyan tev\u00e9kenys\u00e9ghez, amely \u00e9jjell\u00e1t\u00e1st ig\u00e9nyel.<\/p>","protected":false},"featured_media":16597,"template":"","meta":{"_gspb_post_css":""},"product_brand":[],"product_cat":[145,2753],"product_tag":[325,290,229,324],"class_list":{"0":"post-16471","1":"product","2":"type-product","3":"status-publish","4":"has-post-thumbnail","6":"product_cat-nocne-videnie","7":"product_cat-puskohlady","8":"product_tag-nocne-videnie","9":"product_tag-nv","10":"product_tag-pard","11":"product_tag-puskohlad","13":"first","14":"instock","15":"taxable","16":"shipping-taxable","17":"purchasable","18":"product-type-simple"},"ct_brands":[],"_links":{"self":[{"href":"https:\/\/zbranebudai.sk\/hu\/wp-json\/wp\/v2\/product\/16471","targetHints":{"allow":["GET"]}}],"collection":[{"href":"https:\/\/zbranebudai.sk\/hu\/wp-json\/wp\/v2\/product"}],"about":[{"href":"https:\/\/zbranebudai.sk\/hu\/wp-json\/wp\/v2\/types\/product"}],"wp:featuredmedia":[{"embeddable":true,"href":"https:\/\/zbranebudai.sk\/hu\/wp-json\/wp\/v2\/media\/16597"}],"wp:attachment":[{"href":"https:\/\/zbranebudai.sk\/hu\/wp-json\/wp\/v2\/media?parent=16471"}],"wp:term":[{"taxonomy":"product_brand","embeddable":true,"href":"https:\/\/zbranebudai.sk\/hu\/wp-json\/wp\/v2\/product_brand?post=16471"},{"taxonomy":"product_cat","embeddable":true,"href":"https:\/\/zbranebudai.sk\/hu\/wp-json\/wp\/v2\/product_cat?post=16471"},{"taxonomy":"product_tag","embeddable":true,"href":"https:\/\/zbranebudai.sk\/hu\/wp-json\/wp\/v2\/product_tag?post=16471"}],"curies":[{"name":"wp","href":"https:\/\/api.w.org\/{rel}","templated":true}]}}