{"id":16470,"date":"2025-07-22T10:09:59","date_gmt":"2025-07-22T08:09:59","guid":{"rendered":"https:\/\/zbranebudai.sk\/?post_type=product&#038;p=16470"},"modified":"2026-04-29T14:37:34","modified_gmt":"2026-04-29T12:37:34","slug":"pard-night-stalker-4k-pro-digitalis-ejjellato-940nm-lrf","status":"publish","type":"product","link":"https:\/\/zbranebudai.sk\/hu\/product\/pard-night-stalker-4k-pro-digitalis-ejjellato-940nm-lrf\/","title":{"rendered":"Pard NV007S 4K PRO digit\u00e1lis \u00e9jjell\u00e1t\u00f3 t\u00e1vcs\u0151 940nm LRF"},"content":{"rendered":"<p data-start=\"343\" data-end=\"626\">A k\u00e9sz\u00fcl\u00e9k sz\u00edve egy cs\u00facsteljes\u00edtm\u00e9ny\u0171 4K-s szenzor, amely a fejlett PARD VLEA k\u00e9pfeldolgoz\u00f3 technol\u00f3gi\u00e1nak k\u00f6sz\u00f6nhet\u0151en sz\u00fcrk\u00fcletben is tiszta \u00e9s r\u00e9szletgazdag k\u00e9pet biztos\u00edt. A be\u00e9p\u00edtett l\u00e9zeres t\u00e1vols\u00e1gm\u00e9r\u0151nek (LRF) k\u00f6sz\u00f6nhet\u0151en mindig pontos inform\u00e1ci\u00f3 \u00e1ll rendelkez\u00e9s\u00e9re a c\u00e9lpont t\u00e1vols\u00e1g\u00e1r\u00f3l.<\/p>\n<p data-start=\"628\" data-end=\"985\">A PARD Night Stalker 4K Pro olyan praktikus funkci\u00f3kat is k\u00edn\u00e1l, mint a ballisztikai sz\u00e1mol\u00f3g\u00e9p \u00e9s a visszar\u00fag\u00e1s \u00e1ltal aktiv\u00e1lt videofelv\u00e9tel, amelyek seg\u00edtik a l\u00f6v\u00e9sek elemz\u00e9s\u00e9t \u00e9s dokument\u00e1l\u00e1s\u00e1t. A robusztus alum\u00ednium h\u00e1z, az IP67-es v\u00edz\u00e1ll\u00f3s\u00e1gi besorol\u00e1s \u00e9s a 6000 J-os visszar\u00fag\u00e1s\u00e1ll\u00f3s\u00e1g biztos\u00edtja, hogy ez az eszk\u00f6z m\u00e9g a legig\u00e9nyesebb k\u00f6r\u00fclm\u00e9nyek k\u00f6z\u00f6tt sem hagyja cserben.<\/p>\n<p data-start=\"987\" data-end=\"1082\"><strong data-start=\"987\" data-end=\"1082\">PARD Night Stalker 4K Pro (70 mm) \u2013 megb\u00edzhat\u00f3 t\u00e1rsad a pontos tal\u00e1latokhoz minden \u00e9jjel.<\/strong><\/p>\n<table dir=\"ltr\" border=\"1\" cellspacing=\"0\" cellpadding=\"0\" data-sheets-root=\"1\" data-sheets-baot=\"1\">\n<colgroup>\n<col width=\"300\" \/>\n<col width=\"263\" \/><\/colgroup>\n<tbody>\n<tr>\n<td>Felbont\u00e1s (pixel)<\/td>\n<td>3840\u00d72160<\/td>\n<\/tr>\n<tr>\n<td>Pixel m\u00e9ret (\u03bcm)<\/td>\n<td>2<\/td>\n<\/tr>\n<tr>\n<td>\u00c9rz\u00e9kenys\u00e9g (lux)<\/td>\n<td>0.001<\/td>\n<\/tr>\n<tr>\n<td>K\u00e9pfriss\u00edt\u00e9si frekvencia (Hz)<\/td>\n<td>30<\/td>\n<\/tr>\n<tr>\n<td>K\u00e9pfeldolgoz\u00f3 processzor<\/td>\n<td>PARD VLEA<\/td>\n<\/tr>\n<tr>\n<td>Objekt\u00edv f\u00f3kuszt\u00e1vols\u00e1ga (mm)<\/td>\n<td>70<\/td>\n<\/tr>\n<tr>\n<td>Optikai nagy\u00edt\u00e1s (x)<\/td>\n<td>5.6<\/td>\n<\/tr>\n<tr>\n<td>Digit\u00e1lis zoom (x)<\/td>\n<td>2 \/ 3 \/ 4<\/td>\n<\/tr>\n<tr>\n<td>Zorn\u00e9 pole (\u00b0) \u2013 horizont\u00e1lne<\/td>\n<td>3.3 \/ 2.3<\/td>\n<\/tr>\n<tr>\n<td>Zorn\u00e9 pole (\u00b0) \u2013 vertik\u00e1lne<\/td>\n<td>3.3 \/ 2.3<\/td>\n<\/tr>\n<tr>\n<td>Zorn\u00e9 pole (\u00b0) \u2013 diagon\u00e1le<\/td>\n<td>4.6 \/ 3.2<\/td>\n<\/tr>\n<tr>\n<td>Zorn\u00e9 pole (m na 100 m) \u2013 horizont\u00e1lne<\/td>\n<td>5.7 \/ 4<\/td>\n<\/tr>\n<tr>\n<td>Zorn\u00e9 pole (m na 100 m) \u2013 vertik\u00e1lne<\/td>\n<td>5.7 \/ 4<\/td>\n<\/tr>\n<tr>\n<td>\u00c9less\u00e9g\u00e1ll\u00edt\u00e1si tartom\u00e1ny<\/td>\n<td>10 m \u2013 \u221e<\/td>\n<\/tr>\n<tr>\n<td>Kil\u00e9p\u0151 pupilla (mm)<\/td>\n<td>100<\/td>\n<\/tr>\n<tr>\n<td>Dioptri\u00e1s korrekci\u00f3 (D)<\/td>\n<td>-5 ~ +3<\/td>\n<\/tr>\n<tr>\n<td>Megjelen\u00edt\u00e9s t\u00edpusa<\/td>\n<td>IPS<\/td>\n<\/tr>\n<\/tbody>\n<\/table>\n<p>Kijelz\u0151 felbont\u00e1sa (pixel) \u202f800\u00d7800 \u202fK\u00f6rpixelek sz\u00e1ma \u202f6 \u202fK\u00f6rpixelek sz\u00ednei \u202fPiros \/ Feh\u00e9r \/ S\u00e1rga \/ Z\u00f6ld \u202fSz\u00ednm\u00f3dok \u202fSz\u00ednes \/ Fekete-feh\u00e9r \/ S\u00e1rga \/ Z\u00f6ld \u202fFot\u00f3 felbont\u00e1sa (pixel) \u202f1536\u00d71536 \u202fFot\u00f3 form\u00e1tum \u202f.JPG \u202fVide\u00f3 felbont\u00e1sa (pixel) \u202f1440\u00d71080 \u202fVide\u00f3 form\u00e1tum \u202f.MP4 \u202fT\u00e1rhely \u202fMicro SD k\u00e1rtya (max. 128 GB) \u202fLRF + IR 940 nm \u202f1000 m (a csomag r\u00e9sze) \u202fK\u00e9p a k\u00e9pben funkci\u00f3 (PIP) \u202fIgen \u202fBallisztikai sz\u00e1mol\u00f3g\u00e9p \u202fIgen \u202fGiroszk\u00f3p \u202fIgen \u202fVisszar\u00fag\u00e1s \u00e1ltal aktiv\u00e1lt felv\u00e9tel \u202fIgen \u202fAutomatikus felv\u00e9tel \u202fIgen \u202fCiklikus felv\u00e9tel \u202fIgen \u202fId\u0151b\u00e9lyegz\u0151 \u202fIgen \u202fHangfelv\u00e9tel \u202fIgen \u202fF\u00e9nyer\u0151-kompenz\u00e1ci\u00f3 \u202fIgen \u202fUSB Type-C \u202fIgen \u202fHDMI kimenet \u202fIgen \u202fWi-Fi \u202fIgen \u202fT\u00e1mogatott alkalmaz\u00e1s \u202fPardVision2 \u202fL\u00edtium akkumul\u00e1tor \u202fCser\u00e9lhet\u0151 18650 \u202fKimeneti fesz\u00fclts\u00e9g (V) \u202f3.7 \u202f\u00dczemid\u0151 (\u00f3ra, max.) \u202f6 \u202fK\u00fcls\u0151 t\u00e1pell\u00e1t\u00e1s (V) \u202fUSB Type-C \u202fV\u00e9detts\u00e9g \u202fIP67 \u202f\u00dczemi h\u0151m\u00e9rs\u00e9klet (\u2103\/\u2109) \u202f-30 ~ 55 \/ -22 ~ 131 \u202fVisszar\u00fag\u00e1s\u00e1ll\u00f3s\u00e1g (J) \u202f6000 \u202fTest anyaga \u202fAlum\u00ednium \u00f6tv\u00f6zet \u202fObjekt\u00edv lencse anyaga \u202f\u00dcveg \u202fTerm\u00e9k m\u00e9retei (LRF-fel, M \u00d7 SZ \u00d7 M\u00c9, mm) \u202fK\u00e9s\u0151bb hat\u00e1rozzuk meg \u202fNett\u00f3 s\u00faly (LRF, IR, akkumul\u00e1torral, g) \u202fK\u00e9s\u0151bb hat\u00e1rozzuk meg<\/p>","protected":false},"excerpt":{"rendered":"<p>Azok sz\u00e1m\u00e1ra, akik megb\u00edzhat\u00f3s\u00e1got \u00e9s r\u00e9szletgazdags\u00e1got keresnek \u00e9jszakai k\u00f6rnyezetben, a PARD Night Stalker 4K Pro (70 mm) ide\u00e1lis v\u00e1laszt\u00e1s. Ez a digit\u00e1lis \u00e9jjell\u00e1t\u00f3 c\u00e9lt\u00e1vcs\u0151 a fejlett \u00e9jszakai teljes\u00edtm\u00e9nyre lett tervezve \u2013 legyen \u00d6n vad\u00e1sz, sportl\u00f6v\u0151 vagy fegyveres er\u0151 tagja.<\/p>","protected":false},"featured_media":16596,"template":"","meta":{"_gspb_post_css":""},"product_brand":[],"product_cat":[2236,145],"product_tag":[284,325,229],"class_list":{"0":"post-16470","1":"product","2":"type-product","3":"status-publish","4":"has-post-thumbnail","6":"product_cat-digitalis-ejjellato","7":"product_cat-nocne-videnie","8":"product_tag-night-stalker","9":"product_tag-nocne-videnie","10":"product_tag-pard","12":"first","13":"onbackorder","14":"taxable","15":"shipping-taxable","16":"purchasable","17":"product-type-simple"},"ct_brands":[],"_links":{"self":[{"href":"https:\/\/zbranebudai.sk\/hu\/wp-json\/wp\/v2\/product\/16470","targetHints":{"allow":["GET"]}}],"collection":[{"href":"https:\/\/zbranebudai.sk\/hu\/wp-json\/wp\/v2\/product"}],"about":[{"href":"https:\/\/zbranebudai.sk\/hu\/wp-json\/wp\/v2\/types\/product"}],"wp:featuredmedia":[{"embeddable":true,"href":"https:\/\/zbranebudai.sk\/hu\/wp-json\/wp\/v2\/media\/16596"}],"wp:attachment":[{"href":"https:\/\/zbranebudai.sk\/hu\/wp-json\/wp\/v2\/media?parent=16470"}],"wp:term":[{"taxonomy":"product_brand","embeddable":true,"href":"https:\/\/zbranebudai.sk\/hu\/wp-json\/wp\/v2\/product_brand?post=16470"},{"taxonomy":"product_cat","embeddable":true,"href":"https:\/\/zbranebudai.sk\/hu\/wp-json\/wp\/v2\/product_cat?post=16470"},{"taxonomy":"product_tag","embeddable":true,"href":"https:\/\/zbranebudai.sk\/hu\/wp-json\/wp\/v2\/product_tag?post=16470"}],"curies":[{"name":"wp","href":"https:\/\/api.w.org\/{rel}","templated":true}]}}