{"id":16469,"date":"2025-07-22T10:09:59","date_gmt":"2025-07-22T08:09:59","guid":{"rendered":"https:\/\/zbranebudai.sk\/?post_type=product&#038;p=16469"},"modified":"2026-04-29T14:34:29","modified_gmt":"2026-04-29T12:34:29","slug":"pard-night-stalker-4k-pro-digitalny-nocny-puskohlad-850nm-lrf","status":"publish","type":"product","link":"https:\/\/zbranebudai.sk\/hu\/product\/pard-night-stalker-4k-pro-digitalny-nocny-puskohlad-850nm-lrf\/","title":{"rendered":"Pard Night Stalker 4K PRO digit\u00e1lny no\u010dn\u00fd pu\u0161koh\u013ead 850nm LRF"},"content":{"rendered":"<p data-start=\"343\" data-end=\"626\">A k\u00e9sz\u00fcl\u00e9k sz\u00edve egy cs\u00facsteljes\u00edtm\u00e9ny\u0171 4K-s szenzor, amely a fejlett PARD VLEA k\u00e9pfeldolgoz\u00f3 technol\u00f3gi\u00e1nak k\u00f6sz\u00f6nhet\u0151en sz\u00fcrk\u00fcletben is tiszta \u00e9s r\u00e9szletgazdag k\u00e9pet biztos\u00edt. A be\u00e9p\u00edtett l\u00e9zeres t\u00e1vols\u00e1gm\u00e9r\u0151nek (LRF) k\u00f6sz\u00f6nhet\u0151en mindig pontos inform\u00e1ci\u00f3 \u00e1ll rendelkez\u00e9s\u00e9re a c\u00e9lpont t\u00e1vols\u00e1g\u00e1r\u00f3l.<\/p>\n<p data-start=\"628\" data-end=\"985\">A PARD Night Stalker 4K Pro olyan praktikus funkci\u00f3kat is k\u00edn\u00e1l, mint a ballisztikai sz\u00e1mol\u00f3g\u00e9p \u00e9s a visszar\u00fag\u00e1s \u00e1ltal aktiv\u00e1lt videofelv\u00e9tel, amelyek seg\u00edtik a l\u00f6v\u00e9sek elemz\u00e9s\u00e9t \u00e9s dokument\u00e1l\u00e1s\u00e1t. A robusztus alum\u00ednium h\u00e1z, az IP67-es v\u00edz\u00e1ll\u00f3s\u00e1gi besorol\u00e1s \u00e9s a 6000 J-os visszar\u00fag\u00e1s\u00e1ll\u00f3s\u00e1g biztos\u00edtja, hogy ez az eszk\u00f6z m\u00e9g a legig\u00e9nyesebb k\u00f6r\u00fclm\u00e9nyek k\u00f6z\u00f6tt sem hagyja cserben.<\/p>\n<p data-start=\"987\" data-end=\"1082\"><strong data-start=\"987\" data-end=\"1082\">PARD Night Stalker 4K Pro (70 mm) \u2013 megb\u00edzhat\u00f3 t\u00e1rsad a pontos tal\u00e1latokhoz minden \u00e9jjel.<\/strong><\/p>\n<table dir=\"ltr\" border=\"1\" cellspacing=\"0\" cellpadding=\"0\" data-sheets-root=\"1\" data-sheets-baot=\"1\">\n<colgroup>\n<col width=\"300\" \/>\n<col width=\"263\" \/><\/colgroup>\n<tbody>\n<tr>\n<td>Felbont\u00e1s (pixel)<\/td>\n<td>3840\u00d72160<\/td>\n<\/tr>\n<tr>\n<td>Pixel m\u00e9ret (\u03bcm)<\/td>\n<td>2<\/td>\n<\/tr>\n<tr>\n<td>\u00c9rz\u00e9kenys\u00e9g (lux)<\/td>\n<td>0.001<\/td>\n<\/tr>\n<tr>\n<td>K\u00e9pfriss\u00edt\u00e9si frekvencia (Hz)<\/td>\n<td>30<\/td>\n<\/tr>\n<tr>\n<td>K\u00e9pfeldolgoz\u00f3 processzor<\/td>\n<td>PARD VLEA<\/td>\n<\/tr>\n<tr>\n<td>Objekt\u00edv f\u00f3kuszt\u00e1vols\u00e1ga (mm)<\/td>\n<td>70<\/td>\n<\/tr>\n<tr>\n<td>Optikai nagy\u00edt\u00e1s (x)<\/td>\n<td>5.6<\/td>\n<\/tr>\n<tr>\n<td>Digit\u00e1lis zoom (x)<\/td>\n<td>2 \/ 3 \/ 4<\/td>\n<\/tr>\n<tr>\n<td>Zorn\u00e9 pole (\u00b0) \u2013 horizont\u00e1lne<\/td>\n<td>3.3 \/ 2.3<\/td>\n<\/tr>\n<tr>\n<td>Zorn\u00e9 pole (\u00b0) \u2013 vertik\u00e1lne<\/td>\n<td>3.3 \/ 2.3<\/td>\n<\/tr>\n<tr>\n<td>Zorn\u00e9 pole (\u00b0) \u2013 diagon\u00e1le<\/td>\n<td>4.6 \/ 3.2<\/td>\n<\/tr>\n<tr>\n<td>Zorn\u00e9 pole (m na 100 m) \u2013 horizont\u00e1lne<\/td>\n<td>5.7 \/ 4<\/td>\n<\/tr>\n<tr>\n<td>Zorn\u00e9 pole (m na 100 m) \u2013 vertik\u00e1lne<\/td>\n<td>5.7 \/ 4<\/td>\n<\/tr>\n<tr>\n<td>\u00c9less\u00e9g\u00e1ll\u00edt\u00e1si tartom\u00e1ny<\/td>\n<td>10 m \u2013 \u221e<\/td>\n<\/tr>\n<tr>\n<td>Kil\u00e9p\u0151 pupilla (mm)<\/td>\n<td>100<\/td>\n<\/tr>\n<tr>\n<td>Dioptri\u00e1s korrekci\u00f3 (D)<\/td>\n<td>-5 ~ +3<\/td>\n<\/tr>\n<tr>\n<td>Megjelen\u00edt\u00e9s t\u00edpusa<\/td>\n<td>IPS<\/td>\n<\/tr>\n<tr>\n<td>Kijelz\u0151 felbont\u00e1sa (pixel)<\/td>\n<td>800\u00d7800<\/td>\n<\/tr>\n<tr>\n<td>Po\u010det zameriavac\u00edch kr\u00ed\u017eov<\/td>\n<td>6<\/td>\n<\/tr>\n<tr>\n<td>Farby zameriavac\u00edch kr\u00ed\u017eov<\/td>\n<td>Piros \/ feh\u00e9r \/ s\u00e1rga \/ z\u00f6ld<\/td>\n<\/tr>\n<tr>\n<td>Sz\u00edn \u00fczemm\u00f3dok<\/td>\n<td>Farebn\u00fd \/ \u010ciernobiely \/ \u017dlt\u00fd \/ Zelen\u00fd<\/td>\n<\/tr>\n<tr>\n<td>F\u00e9nyk\u00e9p felbont\u00e1sa (pixel)<\/td>\n<td>1536\u00d71536<\/td>\n<\/tr>\n<tr>\n<td>F\u00e9nyk\u00e9p form\u00e1tum<\/td>\n<td>.JPG<\/td>\n<\/tr>\n<tr>\n<td>Vide\u00f3 felbont\u00e1s (pixel)<\/td>\n<td>1440\u00d71080<\/td>\n<\/tr>\n<tr>\n<td>Vide\u00f3 form\u00e1tum<\/td>\n<td>.MP4<\/td>\n<\/tr>\n<tr>\n<td>T\u00e1rhely<\/td>\n<td>Micro SD (max. 128 GB)<\/td>\n<\/tr>\n<tr>\n<td>LRF + IR 850 nm<\/td>\n<td>1000 m (s\u00fa\u010das\u0165 balenia)<\/td>\n<\/tr>\n<tr>\n<td>K\u00e9p a k\u00e9pben (PIP) funkci\u00f3<\/td>\n<td>Igen<\/td>\n<\/tr>\n<tr>\n<td>Ballisztikus kalkul\u00e1tor<\/td>\n<td>Igen<\/td>\n<\/tr>\n<tr>\n<td>Gyroszk\u00f3p<\/td>\n<td>Igen<\/td>\n<\/tr>\n<tr>\n<td>Recoil-aktiv\u00e1lt felv\u00e9tel<\/td>\n<td>Igen<\/td>\n<\/tr>\n<tr>\n<td>Automatikus felv\u00e9tel<\/td>\n<td>Igen<\/td>\n<\/tr>\n<tr>\n<td>Ciklikus felv\u00e9tel<\/td>\n<td>Igen<\/td>\n<\/tr>\n<tr>\n<td>\u010casov\u00e1 pe\u010diatka<\/td>\n<td>Igen<\/td>\n<\/tr>\n<tr>\n<td>Hangfelv\u00e9tel<\/td>\n<td>Igen<\/td>\n<\/tr>\n<tr>\n<td>Kompenz\u00e1cia expoz\u00edcie<\/td>\n<td>Igen<\/td>\n<\/tr>\n<tr>\n<td>USB Type-C<\/td>\n<td>Igen<\/td>\n<\/tr>\n<tr>\n<td>HDMI kimenet<\/td>\n<td>Igen<\/td>\n<\/tr>\n<tr>\n<td>Wi-Fi<\/td>\n<td>Igen<\/td>\n<\/tr>\n<tr>\n<td>T\u00e1mogatott alkalmaz\u00e1s<\/td>\n<td>PardVision2<\/td>\n<\/tr>\n<tr>\n<td>L\u00edtium bat\u00e9ria<\/td>\n<td>Vymenite\u013en\u00e1 18650<\/td>\n<\/tr>\n<tr>\n<td>Kimeneti fesz\u00fclts\u00e9g (V)<\/td>\n<td>3.7<\/td>\n<\/tr>\n<tr>\n<td>Prev\u00e1dzkov\u00e1 doba (hod., max.)<\/td>\n<td>6<\/td>\n<\/tr>\n<tr>\n<td>K\u00fcls\u0151 t\u00e1pegys\u00e9g (V)<\/td>\n<td>USB Type-C<\/td>\n<\/tr>\n<tr>\n<td>V\u00e9detts\u00e9gi fok<\/td>\n<td>IP67<\/td>\n<\/tr>\n<tr>\n<td>\u00dczemi h\u0151m\u00e9rs\u00e9klet (\u2103\/\u2109)<\/td>\n<td>-30 ~ 55 \/ -22 ~ 131<\/td>\n<\/tr>\n<tr>\n<td>Visszar\u00fag\u00e1ssal szembeni ellen\u00e1ll\u00e1s (J)<\/td>\n<td>6000<\/td>\n<\/tr>\n<tr>\n<td>Test anyaga<\/td>\n<td>Alum\u00ednium \u00f6tv\u00f6zet<\/td>\n<\/tr>\n<tr>\n<td>Materi\u00e1l \u0161o\u0161ovky objekt\u00edvu<\/td>\n<td>Sklo<\/td>\n<\/tr>\n<tr>\n<td>Rozmery produktu (s LRF, V \u00d7 \u0160 \u00d7 H, mm)<\/td>\n<td>Bud\u00fa ur\u010den\u00e9 nesk\u00f4r<\/td>\n<\/tr>\n<tr>\n<td>Hmotnos\u0165 netto (s LRF, IR, bat\u00e9riou, g)<\/td>\n<td>Bude ur\u010den\u00e9 nesk\u00f4r<\/td>\n<\/tr>\n<\/tbody>\n<\/table>","protected":false},"excerpt":{"rendered":"<p>Pre t\u00fdch, ktor\u00ed h\u013eadaj\u00fa spo\u013eahlivos\u0165 a detailnos\u0165 v no\u010dnom prostred\u00ed, je PARD Night Stalker 4K Pro (70 mm) ide\u00e1lnou vo\u013ebou. Tento digit\u00e1lny no\u010dn\u00fd zameriava\u010d (pu\u0161koh\u013ead) bol navrhnut\u00fd pre pokro\u010dil\u00fd no\u010dn\u00fd v\u00fdkon \u2013 \u010di u\u017e ste po\u013eovn\u00edk, \u0161portov\u00fd strelec alebo pr\u00edslu\u0161n\u00edk ozbrojen\u00fdch zlo\u017eiek.<\/p>","protected":false},"featured_media":16595,"template":"","meta":{"_gspb_post_css":""},"product_brand":[],"product_cat":[145],"product_tag":[284,325,229],"class_list":{"0":"post-16469","1":"product","2":"type-product","3":"status-publish","4":"has-post-thumbnail","6":"product_cat-nocne-videnie","7":"product_tag-night-stalker","8":"product_tag-nocne-videnie","9":"product_tag-pard","11":"first","12":"instock","13":"taxable","14":"shipping-taxable","15":"purchasable","16":"product-type-simple"},"ct_brands":[],"_links":{"self":[{"href":"https:\/\/zbranebudai.sk\/hu\/wp-json\/wp\/v2\/product\/16469","targetHints":{"allow":["GET"]}}],"collection":[{"href":"https:\/\/zbranebudai.sk\/hu\/wp-json\/wp\/v2\/product"}],"about":[{"href":"https:\/\/zbranebudai.sk\/hu\/wp-json\/wp\/v2\/types\/product"}],"wp:featuredmedia":[{"embeddable":true,"href":"https:\/\/zbranebudai.sk\/hu\/wp-json\/wp\/v2\/media\/16595"}],"wp:attachment":[{"href":"https:\/\/zbranebudai.sk\/hu\/wp-json\/wp\/v2\/media?parent=16469"}],"wp:term":[{"taxonomy":"product_brand","embeddable":true,"href":"https:\/\/zbranebudai.sk\/hu\/wp-json\/wp\/v2\/product_brand?post=16469"},{"taxonomy":"product_cat","embeddable":true,"href":"https:\/\/zbranebudai.sk\/hu\/wp-json\/wp\/v2\/product_cat?post=16469"},{"taxonomy":"product_tag","embeddable":true,"href":"https:\/\/zbranebudai.sk\/hu\/wp-json\/wp\/v2\/product_tag?post=16469"}],"curies":[{"name":"wp","href":"https:\/\/api.w.org\/{rel}","templated":true}]}}