{"id":16463,"date":"2025-07-22T10:09:19","date_gmt":"2025-07-22T08:09:19","guid":{"rendered":"https:\/\/zbranebudai.sk\/?post_type=product&#038;p=16463"},"modified":"2026-02-18T17:43:44","modified_gmt":"2026-02-18T15:43:44","slug":"hikmicro-alpex-4k-lite-a40e-digitalis-ejjellato-celtavcso","status":"publish","type":"product","link":"https:\/\/zbranebudai.sk\/hu\/product\/hikmicro-alpex-4k-lite-a40e-digitalis-ejjellato-celtavcso\/","title":{"rendered":"Hikmicro ALPEX 4K Lite A40E digit\u00e1lis \u00e9jjell\u00e1t\u00f3 c\u00e9lt\u00e1vcs\u0151"},"content":{"rendered":"<p data-start=\"495\" data-end=\"805\"><strong>Hikmicro ALPEX 4K Lite A40E digit\u00e1lis \u00e9jjell\u00e1t\u00f3 c\u00e9lt\u00e1vcs\u0151<\/strong><\/p>\n<p data-start=\"0\" data-end=\"261\"><strong data-start=\"0\" data-end=\"36\">Apr\u00f3vad vad\u00e1szat kompromisszumok n\u00e9lk\u00fcl!<\/strong><br data-start=\"36\" data-end=\"39\" \/>Az Alpex Lite egy kompakt 4K digit\u00e1lis \u00e9jjell\u00e1t\u00f3, amelyet l\u00e9gi, kis kaliber\u0171 \u00e9s s\u00f6r\u00e9tes fegyverekhez terveztek. K\u00f6nny\u0171 kialak\u00edt\u00e1st, \u00e9les k\u00e9pet \u00e9s intuit\u00edv vez\u00e9rl\u00e9st \u00f6tv\u00f6z. A k\u00e1rtev\u0151k elleni v\u00e9dekez\u00e9shez is praktikus seg\u00e9deszk\u00f6z.<\/p>\n<ul>\n<li data-start=\"263\" data-end=\"431\"><strong data-start=\"263\" data-end=\"280\">4K UHD \u00e9rz\u00e9kel\u0151<\/strong><\/li>\n<li data-start=\"263\" data-end=\"431\"><strong data-start=\"283\" data-end=\"316\">Friss\u00edt\u00e9si sebess\u00e9g 100 Hz<\/strong>*<\/li>\n<li data-start=\"263\" data-end=\"431\"><strong data-start=\"320\" data-end=\"352\">K\u00f6nny\u0171 \u00e9s kompakt kialak\u00edt\u00e1s<\/strong><\/li>\n<li data-start=\"263\" data-end=\"431\"><strong data-start=\"355\" data-end=\"393\">Visszateker\u00e9si ellen\u00e1ll\u00e1s 6000 J<\/strong><\/li>\n<li data-start=\"263\" data-end=\"431\"><strong data-start=\"396\" data-end=\"431\">Szabv\u00e1nyos cs\u0151\u00e1tm\u00e9r\u0151 30 mm<\/strong><\/li>\n<\/ul>\n<p data-start=\"433\" data-end=\"698\">Az Alpex Lite sorozat 3840\u00d72160 UHD felbont\u00e1s\u00fa 4K \u00e9rz\u00e9kel\u0151vel rendelkezik, amely nappal \u00e9l\u00e9nk sz\u00ednekben, \u00e9jjel pedig fekete-feh\u00e9r, s\u00e1rga vagy z\u00f6ld sz\u00edn\u0171 k\u00e9pet ny\u00fajt. A c\u00e9lt\u00e1vcs\u0151 1920\u00d71080 px OLED kijelz\u0151vel rendelkezik a maxim\u00e1lis szemk\u00e9nyelem \u00e9rdek\u00e9ben.<\/p>\n<p data-start=\"700\" data-end=\"897\">A 100 Hz-es friss\u00edt\u00e9si frekvenci\u00e1val a mozg\u00e1s egyenletes, a digit\u00e1lis k\u00e9p pedig minim\u00e1lis k\u00e9sleltet\u00e9ssel rendelkezik. *A k\u00e9sz\u00fcl\u00e9k sz\u00fcks\u00e9g eset\u00e9n 50 Hz-re is \u00e1t\u00e1ll\u00edthat\u00f3, mik\u00f6zben a k\u00e9p teljes 4K min\u0151s\u00e9gben marad.<\/p>\n<p data-start=\"899\" data-end=\"1120\">Ezt az \u00e9jjell\u00e1t\u00f3 c\u00e9lt\u00e1vcs\u00f6vet kifejezetten l\u00e9gpusk\u00e1khoz tervezt\u00e9k. K\u00f6nny\u0171 szerkezete, szabv\u00e1nyos 30 mm-es cs\u0151\u00e1tm\u00e9r\u0151je \u00e9s 6000 J-ig terjed\u0151 visszar\u00fag\u00e1s\u00e1ll\u00f3s\u00e1ga alkalmass\u00e1 teszi a vad\u00e1szfegyverek sz\u00e9les sk\u00e1l\u00e1j\u00e1hoz.<\/p>\n<p data-start=\"1122\" data-end=\"1324\"><strong data-start=\"1122\" data-end=\"1144\">Kompakt \u00e9s tart\u00f3s<\/strong> - Az Alpex m\u00e9g a k\u00f6nny\u0171 v\u00e1ltozatban is meg\u0151rzi az olyan tipikus jellemz\u0151ket, mint az IP67-es tart\u00f3ss\u00e1g. A kezel\u00e9s nagyon egyszer\u0171 \u00e9s intuit\u00edv, k\u00fcl\u00f6n\u00f6sen a csendes vez\u00e9rl\u0151ker\u00e9knek k\u00f6sz\u00f6nhet\u0151en.<\/p>\n<p data-start=\"1326\" data-end=\"1461\">Ak\u00e1r 7,5 \u00f3r\u00e1s \u00fczemid\u0151t biztos\u00edt k\u00e9t akkumul\u00e1tor - egy be\u00e9p\u00edtett \u00e9s egy cser\u00e9lhet\u0151 18650-es t\u00edpus\u00fa. Term\u00e9szetesen van energiatakar\u00e9kos alv\u00f3 \u00fczemm\u00f3d is.<\/p>\n<p data-start=\"1463\" data-end=\"1697\">A t\u00e1pegys\u00e9get nem tartalmazza a csomag, de k\u00edn\u00e1latunkban tal\u00e1l megfelel\u0151 megold\u00e1st. V\u00e1laszthat a kiv\u00e1l\u00f3 min\u0151s\u00e9g\u0171 TenoSight l\u00e9zervil\u00e1g\u00edt\u00f3k vagy az eredeti Hikmicro vil\u00e1g\u00edt\u00f3k k\u00f6z\u00fcl, amelyek 250 m\u00e9teres t\u00e1vols\u00e1gig lehet\u0151v\u00e9 teszik az \u00e9jszakai \u00e9szlel\u00e9st.<\/p>\n<p data-start=\"1699\" data-end=\"1987\">Az ak\u00e1r 32 GB-os be\u00e9p\u00edtett mem\u00f3ria lehet\u0151v\u00e9 teszi, hogy 1920\u00d71080 px felbont\u00e1s\u00fa f\u00e9nyk\u00e9peket \u00e9s vide\u00f3kat k\u00e9sz\u00edtsen \u00e9s r\u00f6gz\u00edtsen. A felv\u00e9teleket b\u00e1rmikor megtekintheti vagy t\u00f6r\u00f6lheti. Az USB-C porton kereszt\u00fcl a k\u00e9sz\u00fcl\u00e9k a HIKMICRO Sight alkalmaz\u00e1s seg\u00edts\u00e9g\u00e9vel csatlakoztathat\u00f3 sz\u00e1m\u00edt\u00f3g\u00e9phez vagy mobiltelefonhoz.<\/p>\n<table dir=\"ltr\" style=\"width: 946px\" border=\"1\" cellspacing=\"0\" cellpadding=\"0\" data-sheets-root=\"1\" data-sheets-baot=\"1\">\n<colgroup>\n<col width=\"140\" \/>\n<col width=\"73\" \/><\/colgroup>\n<tbody>\n<tr>\n<td style=\"width: 425.538px\">Param\u00e9ter<\/td>\n<td style=\"width: 515.662px\">\u00c9rt\u00e9k<\/td>\n<\/tr>\n<tr>\n<td style=\"width: 425.538px\">Wi-Fi<\/td>\n<td style=\"width: 515.662px\">Igen<\/td>\n<\/tr>\n<tr>\n<td style=\"width: 425.538px\">\u00c9rz\u00e9kel\u0151<\/td>\n<td style=\"width: 515.662px\">\n<div>\n<div>3840 \u00d7 2160 px<\/div>\n<\/div>\n<\/td>\n<\/tr>\n<tr>\n<td style=\"width: 425.538px\">Kijelz\u0151 felbont\u00e1sa<\/td>\n<td style=\"width: 515.662px\">\n<div>\n<div>1920 \u00d7 1080 px<\/div>\n<\/div>\n<\/td>\n<\/tr>\n<tr>\n<td style=\"width: 425.538px\">Friss\u00edt\u00e9si sebess\u00e9g<\/td>\n<td style=\"width: 515.662px\">\n<div>\n<div>100 Hz (Full HD) \/ 50 Hz (4K)<\/div>\n<\/div>\n<\/td>\n<\/tr>\n<tr>\n<td style=\"width: 425.538px\">Lencse<\/td>\n<td style=\"width: 515.662px\">40 mm<\/td>\n<\/tr>\n<tr>\n<td style=\"width: 425.538px\">F\u00e9nyer\u0151ss\u00e9g<\/td>\n<td style=\"width: 515.662px\">F2.0<\/td>\n<\/tr>\n<tr>\n<td style=\"width: 425.538px\">Cs\u0151 \u00e1tm\u00e9r\u0151je<\/td>\n<td style=\"width: 515.662px\">30 mm<\/td>\n<\/tr>\n<tr>\n<td style=\"width: 425.538px\">L\u00e1t\u00f3mez\u0151<\/td>\n<td style=\"width: 515.662px\">10,7\u00b0 \u00d7 6,1\u00b0<\/td>\n<\/tr>\n<tr>\n<td style=\"width: 425.538px\">Optikai nagy\u00edt\u00e1s<\/td>\n<td style=\"width: 515.662px\">3,5\u00d7<\/td>\n<\/tr>\n<tr>\n<td style=\"width: 425.538px\">Digit\u00e1lis zoom<\/td>\n<td style=\"width: 515.662px\">ak\u00e1r 5,8\u00d7<\/td>\n<\/tr>\n<tr>\n<td style=\"width: 425.538px\">Dioptri\u00e1s korrekci\u00f3<\/td>\n<td style=\"width: 515.662px\">\u00b15 D<\/td>\n<\/tr>\n<tr>\n<td style=\"width: 425.538px\">\u00c9szlel\u00e9s napk\u00f6zben<\/td>\n<td style=\"width: 515.662px\">800 m<\/td>\n<\/tr>\n<tr>\n<td style=\"width: 425.538px\">\u00c9jszakai \u00e9szlel\u00e9s<\/td>\n<td style=\"width: 515.662px\">\n<div>\n<div>ak\u00e1r 250 m (megvil\u00e1g\u00edt\u00e1st\u00f3l f\u00fcgg\u0151en)<\/div>\n<\/div>\n<\/td>\n<\/tr>\n<tr>\n<td style=\"width: 425.538px\">Vide\u00f3 felbont\u00e1s<\/td>\n<td style=\"width: 515.662px\">\n<div>\n<div>1920 \u00d7 1080 px<\/div>\n<\/div>\n<\/td>\n<\/tr>\n<tr>\n<td style=\"width: 425.538px\">F\u00e9nyk\u00e9pez\u00e9s<\/td>\n<td style=\"width: 515.662px\">Igen<\/td>\n<\/tr>\n<tr>\n<td style=\"width: 425.538px\">Hangfelv\u00e9tel<\/td>\n<td style=\"width: 515.662px\">Igen<\/td>\n<\/tr>\n<tr>\n<td style=\"width: 425.538px\">Felv\u00e9tel a felv\u00e9tel ut\u00e1n<\/td>\n<td style=\"width: 515.662px\">Igen<\/td>\n<\/tr>\n<tr>\n<td style=\"width: 425.538px\">Visszar\u00fag\u00e1ssal szembeni ellen\u00e1ll\u00e1s<\/td>\n<td style=\"width: 515.662px\">6000 J<\/td>\n<\/tr>\n<tr>\n<td style=\"width: 425.538px\">V\u00e9delmi fokozat<\/td>\n<td style=\"width: 515.662px\">IP67<\/td>\n<\/tr>\n<tr>\n<td style=\"width: 425.538px\">Mem\u00f3ria<\/td>\n<td style=\"width: 515.662px\">\n<div>\n<div>be\u00e9p\u00edtett, 32 GB<\/div>\n<\/div>\n<\/td>\n<\/tr>\n<tr>\n<td style=\"width: 425.538px\">\u00dczemi h\u0151m\u00e9rs\u00e9klet<\/td>\n<td style=\"width: 515.662px\">\n<div>\n<div>-30 \u00b0C \u00e9s +55 \u00b0C k\u00f6z\u00f6tt<\/div>\n<\/div>\n<\/td>\n<\/tr>\n<tr>\n<td style=\"width: 425.538px\">Akkumul\u00e1torok<\/td>\n<td style=\"width: 515.662px\">\n<div>\n<div>1\u00d7 be\u00e9p\u00edtett \u00e9s 1\u00d7 cser\u00e9lhet\u0151 18650<\/div>\n<\/div>\n<\/td>\n<\/tr>\n<tr>\n<td style=\"width: 425.538px\">Az akkumul\u00e1tor \u00e9lettartama<\/td>\n<td style=\"width: 515.662px\">7,5 \u00f3ra<\/td>\n<\/tr>\n<tr>\n<td style=\"width: 425.538px\">M\u00e9retek<\/td>\n<td style=\"width: 515.662px\">\n<div>\n<div>281 \u00d7 86 \u00d7 57 mm<\/div>\n<\/div>\n<\/td>\n<\/tr>\n<tr>\n<td style=\"width: 425.538px\">S\u00faly<\/td>\n<td style=\"width: 515.662px\">450 g<\/td>\n<\/tr>\n<\/tbody>\n<\/table>\n<p data-start=\"0\" data-end=\"18\"><strong data-start=\"0\" data-end=\"18\">A csomag tartalma:<\/strong><\/p>\n<ul data-start=\"20\" data-end=\"222\">\n<li data-start=\"20\" data-end=\"61\">\n<p data-start=\"22\" data-end=\"61\">Hikmicro Alpex 4K Lite A40E<\/p>\n<\/li>\n<li data-start=\"62\" data-end=\"89\">\n<p data-start=\"64\" data-end=\"89\">USB-C csatlakoz\u00f3k\u00e1bel<\/p>\n<\/li>\n<li data-start=\"90\" data-end=\"115\">\n<p data-start=\"92\" data-end=\"115\">1\u00d7 18650 akkumul\u00e1tor<\/p>\n<\/li>\n<li data-start=\"116\" data-end=\"148\">\n<p data-start=\"118\" data-end=\"148\">Optikai tiszt\u00edt\u00f3 kend\u0151<\/p>\n<\/li>\n<li data-start=\"149\" data-end=\"173\">\n<p data-start=\"151\" data-end=\"173\">Akkumul\u00e1tor t\u00f6lt\u0151<\/p>\n<\/li>\n<li data-start=\"174\" data-end=\"222\">\n<p data-start=\"176\" data-end=\"222\">Haszn\u00e1lati utas\u00edt\u00e1s<\/p>\n<\/li>\n<\/ul>","protected":false},"excerpt":{"rendered":"<p><strong data-start=\"184\" data-end=\"223\">Digit\u00e1lis \u00e9jjell\u00e1t\u00f3 - c\u00e9lt\u00e1vcs\u0151<\/strong><\/p>\n<ul>\n<li>\u00c9rz\u00e9kel\u0151: 4K UHD<\/li>\n<li>Objekt\u00edv: 40 mm<\/li>\n<li>\u00c9rz\u00e9kel\u00e9si t\u00e1vols\u00e1g: ak\u00e1r 250 m<\/li>\n<li>Optikai nagy\u00edt\u00e1s: 3,5\u00d7<\/li>\n<li>Digit\u00e1lis zoom: ak\u00e1r 5,8\u00d7<\/li>\n<li>Megjelen\u00edt\u00e9s: 1080 px<\/li>\n<li>V\u00e1laszthat\u00f3 k\u00e9pfriss\u00edt\u00e9si sebess\u00e9g: 100\/50 Hz<\/li>\n<li>Visszar\u00fag\u00e1s-ellen\u00e1ll\u00e1s: 6000 J<\/li>\n<li>Vide\u00f3felbont\u00e1s: 1920\u00d71080 px<\/li>\n<li>M\u00f3dok: nappal\/\u00e9jszaka\/z\u00f6ld\/s\u00e1rga<\/li>\n<li>Cs\u0151 \u00e1tm\u00e9r\u0151: 30 mm<\/li>\n<li>Az akkumul\u00e1tor \u00e9lettartama: 7,5 \u00f3ra<\/li>\n<li>Teljes\u00edtm\u00e9ny: 1\u00d7 be\u00e9p\u00edtett \u00e9s 1\u00d7 cser\u00e9lhet\u0151 18650 akkumul\u00e1tor<\/li>\n<\/ul>","protected":false},"featured_media":16590,"template":"","meta":{"_gspb_post_css":""},"product_brand":[315],"product_cat":[145,21,331],"product_tag":[349,150,324],"class_list":{"0":"post-16463","1":"product","2":"type-product","3":"status-publish","4":"has-post-thumbnail","6":"product_brand-hikmicro","7":"product_cat-nocne-videnie","8":"product_cat-optika","9":"product_cat-puskohlady-s-nocnym-videnim","10":"product_tag-alpex","11":"product_tag-hikmicro","12":"product_tag-puskohlad","14":"first","15":"instock","16":"taxable","17":"shipping-taxable","18":"purchasable","19":"product-type-simple"},"ct_brands":[{"id":315,"name":"Hikmicro","slug":"hikmicro"}],"_links":{"self":[{"href":"https:\/\/zbranebudai.sk\/hu\/wp-json\/wp\/v2\/product\/16463","targetHints":{"allow":["GET"]}}],"collection":[{"href":"https:\/\/zbranebudai.sk\/hu\/wp-json\/wp\/v2\/product"}],"about":[{"href":"https:\/\/zbranebudai.sk\/hu\/wp-json\/wp\/v2\/types\/product"}],"wp:featuredmedia":[{"embeddable":true,"href":"https:\/\/zbranebudai.sk\/hu\/wp-json\/wp\/v2\/media\/16590"}],"wp:attachment":[{"href":"https:\/\/zbranebudai.sk\/hu\/wp-json\/wp\/v2\/media?parent=16463"}],"wp:term":[{"taxonomy":"product_brand","embeddable":true,"href":"https:\/\/zbranebudai.sk\/hu\/wp-json\/wp\/v2\/product_brand?post=16463"},{"taxonomy":"product_cat","embeddable":true,"href":"https:\/\/zbranebudai.sk\/hu\/wp-json\/wp\/v2\/product_cat?post=16463"},{"taxonomy":"product_tag","embeddable":true,"href":"https:\/\/zbranebudai.sk\/hu\/wp-json\/wp\/v2\/product_tag?post=16463"}],"curies":[{"name":"wp","href":"https:\/\/api.w.org\/{rel}","templated":true}]}}