{"id":16459,"date":"2025-07-22T10:08:48","date_gmt":"2025-07-22T08:08:48","guid":{"rendered":"https:\/\/zbranebudai.sk\/?post_type=product&#038;p=16459"},"modified":"2025-10-28T23:22:45","modified_gmt":"2025-10-28T21:22:45","slug":"pard-night-stalker-4k-ex","status":"publish","type":"product","link":"https:\/\/zbranebudai.sk\/hu\/product\/pard-night-stalker-4k-ex\/","title":{"rendered":"PARD Night Stalker 4K EX"},"content":{"rendered":"<h3 data-start=\"571\" data-end=\"604\"><strong data-start=\"575\" data-end=\"602\">R\u00e9szletes term\u00e9kle\u00edr\u00e1s<\/strong><\/h3>\n<p data-start=\"606\" data-end=\"631\"><strong data-start=\"606\" data-end=\"629\">Kulcsfontoss\u00e1g\u00fa jellemz\u0151k:<\/strong><\/p>\n<ul data-start=\"632\" data-end=\"1310\">\n<li data-start=\"632\" data-end=\"761\">\n<p data-start=\"634\" data-end=\"761\">4K \u00e9rz\u00e9kel\u0151 3840\u00d72160 felbont\u00e1ssal, 2,9 \u03bcm pixelm\u00e9rettel \u00e9s 0,001 lux \u00e9rz\u00e9kenys\u00e9ggel a val\u00f3di gyenge f\u00e9nyviszonyok\u00e9rt.<\/p>\n<\/li>\n<li data-start=\"762\" data-end=\"885\">\n<p data-start=\"764\" data-end=\"885\">5,5x optikai zoom (70 mm-es objekt\u00edv) 4x digit\u00e1lis zoommal \u00e9s PIP (k\u00e9p a k\u00e9pben) \u00fczemm\u00f3ddal a r\u00e9szletes c\u00e9lmeghat\u00e1roz\u00e1shoz.<\/p>\n<\/li>\n<li data-start=\"886\" data-end=\"983\">\n<p data-start=\"888\" data-end=\"983\">Nagy felbont\u00e1s\u00fa 2560\u00d72560 OLED kijelz\u0151, 6 st\u00edlus\u00fa sz\u00e1nd\u00e9kos kereszt \u00e9s 4 sz\u00ednv\u00e1laszt\u00e9k.<\/p>\n<\/li>\n<li data-start=\"984\" data-end=\"1083\">\n<p data-start=\"986\" data-end=\"1083\">Integr\u00e1lt 1000 m-es l\u00e9zeres t\u00e1vols\u00e1gm\u00e9r\u0151, ballisztikus sz\u00e1mol\u00f3g\u00e9p, giroszk\u00f3p \u00e9s expoz\u00edci\u00f3-kompenz\u00e1ci\u00f3.<\/p>\n<\/li>\n<li data-start=\"1084\" data-end=\"1207\">\n<p data-start=\"1086\" data-end=\"1207\">Ford\u00edtott \u00fct\u00e9s aktiv\u00e1lt felv\u00e9tel \u00e9s automatikus felv\u00e9tel hanggal, hurokfelv\u00e9tel \u00e9s id\u0151b\u00e9lyegz\u0151 funkci\u00f3val.<\/p>\n<\/li>\n<li data-start=\"1208\" data-end=\"1310\">\n<p data-start=\"1210\" data-end=\"1310\">Kett\u0151s akkumul\u00e1torrendszer (be\u00e9p\u00edtett 21700 + cser\u00e9lhet\u0151 18650) ak\u00e1r 14 \u00f3r\u00e1s folyamatos haszn\u00e1lathoz.<\/p>\n<\/li>\n<\/ul>\n<hr data-start=\"1312\" data-end=\"1315\" \/>\n<h3 data-start=\"1317\" data-end=\"1339\"><strong data-start=\"1321\" data-end=\"1337\">M\u0171szaki adatok<\/strong><\/h3>\n<p data-start=\"1341\" data-end=\"1353\"><strong data-start=\"1341\" data-end=\"1351\">\u00c9rz\u00e9kel\u0151<\/strong><\/p>\n<ul data-start=\"1354\" data-end=\"1527\">\n<li data-start=\"1354\" data-end=\"1390\">\n<p data-start=\"1356\" data-end=\"1390\">Felbont\u00e1s (pixel): 3840 \u00d7 2160<\/p>\n<\/li>\n<li data-start=\"1391\" data-end=\"1419\">\n<p data-start=\"1393\" data-end=\"1419\">Pixel m\u00e9ret (\u03bcm): 2.9<\/p>\n<\/li>\n<li data-start=\"1420\" data-end=\"1446\">\n<p data-start=\"1422\" data-end=\"1446\">\u00c9rz\u00e9kenys\u00e9g (lux): 0,001<\/p>\n<\/li>\n<li data-start=\"1447\" data-end=\"1494\">\n<p data-start=\"1449\" data-end=\"1494\">Friss\u00edt\u00e9si frekvencia (Hz): meg kell adni<\/p>\n<\/li>\n<li data-start=\"1495\" data-end=\"1527\">\n<p data-start=\"1497\" data-end=\"1527\">K\u00e9pfeldolgoz\u00f3: PARD VLEA<\/p>\n<\/li>\n<\/ul>\n<p data-start=\"1529\" data-end=\"1541\"><strong data-start=\"1529\" data-end=\"1539\">Optika<\/strong><\/p>\n<ul data-start=\"1542\" data-end=\"1973\">\n<li data-start=\"1542\" data-end=\"1596\">\n<p data-start=\"1544\" data-end=\"1596\">Objekt\u00edv (gy\u00fajt\u00f3t\u00e1vols\u00e1g\/mm): 50 \/ 70 \/ 100<\/p>\n<\/li>\n<li data-start=\"1597\" data-end=\"1627\">\n<p data-start=\"1599\" data-end=\"1627\">Optikai nagy\u00edt\u00e1s (x): 5.5<\/p>\n<\/li>\n<li data-start=\"1628\" data-end=\"1653\">\n<p data-start=\"1630\" data-end=\"1653\">Digit\u00e1lis zoom (x): 4<\/p>\n<\/li>\n<li data-start=\"1654\" data-end=\"1777\">\n<p data-start=\"1656\" data-end=\"1673\">L\u00e1t\u00f3mez\u0151 (\u00b0):<\/p>\n<ul data-start=\"1676\" data-end=\"1777\">\n<li data-start=\"1676\" data-end=\"1709\">\n<p data-start=\"1678\" data-end=\"1709\">V\u00edzszintes: 6.6 \/ 4.7 \/ 3.3<\/p>\n<\/li>\n<li data-start=\"1712\" data-end=\"1743\">\n<p data-start=\"1714\" data-end=\"1743\">F\u00fcgg\u0151leges: 6.6 \/ 4.7 \/ 3.3<\/p>\n<\/li>\n<li data-start=\"1746\" data-end=\"1777\">\n<p data-start=\"1748\" data-end=\"1777\">\u00c1tl\u00f3: 9.4 \/ 6.7 \/ 4.7<\/p>\n<\/li>\n<\/ul>\n<\/li>\n<li data-start=\"1778\" data-end=\"1878\">\n<p data-start=\"1780\" data-end=\"1806\">L\u00e1t\u00f3mez\u0151 (m 100 m-en):<\/p>\n<ul data-start=\"1809\" data-end=\"1878\">\n<li data-start=\"1809\" data-end=\"1843\">\n<p data-start=\"1811\" data-end=\"1843\">V\u00edzszintes: 11.6 \/ 8.3 \/ 5.8<\/p>\n<\/li>\n<li data-start=\"1846\" data-end=\"1878\">\n<p data-start=\"1848\" data-end=\"1878\">F\u00fcgg\u0151leges: 11.6 \/ 8.3 \/ 5.8<\/p>\n<\/li>\n<\/ul>\n<\/li>\n<li data-start=\"1879\" data-end=\"1910\">\n<p data-start=\"1881\" data-end=\"1910\">F\u00f3kusztartom\u00e1ny: 10 m - \u221e<\/p>\n<\/li>\n<li data-start=\"1911\" data-end=\"1936\">\n<p data-start=\"1913\" data-end=\"1936\">Szemt\u00e1vols\u00e1g (mm): 100<\/p>\n<\/li>\n<li data-start=\"1937\" data-end=\"1973\">\n<p data-start=\"1939\" data-end=\"1973\">Dioptriakorrekci\u00f3 (D): -5 ~ +3<\/p>\n<\/li>\n<\/ul>\n<p data-start=\"1975\" data-end=\"1988\"><strong data-start=\"1975\" data-end=\"1986\">Kijelz\u0151<\/strong><\/p>\n<ul data-start=\"1989\" data-end=\"2175\">\n<li data-start=\"1989\" data-end=\"2002\">\n<p data-start=\"1991\" data-end=\"2002\">T\u00edpus: OLED<\/p>\n<\/li>\n<li data-start=\"2003\" data-end=\"2039\">\n<p data-start=\"2005\" data-end=\"2039\">Felbont\u00e1s (pixel): 2560 \u00d7 2560<\/p>\n<\/li>\n<li data-start=\"2040\" data-end=\"2069\">\n<p data-start=\"2042\" data-end=\"2069\">Sz\u00e1nd\u00e9kos keresztek sz\u00e1ma: 6<\/p>\n<\/li>\n<li data-start=\"2070\" data-end=\"2119\">\n<p data-start=\"2072\" data-end=\"2119\">Kereszt sz\u00ednei: piros\/feh\u00e9r\/s\u00e1rga\/z\u00f6ld<\/p>\n<\/li>\n<li data-start=\"2120\" data-end=\"2175\">\n<p data-start=\"2122\" data-end=\"2175\">Sz\u00ednes \u00fczemm\u00f3dok: sz\u00ednes \/ fekete-feh\u00e9r \/ s\u00e1rga \/ z\u00f6ld<\/p>\n<\/li>\n<\/ul>\n<p data-start=\"2177\" data-end=\"2195\"><strong data-start=\"2177\" data-end=\"2193\">Fot\u00f3 \/ vide\u00f3<\/strong><\/p>\n<ul data-start=\"2196\" data-end=\"2391\">\n<li data-start=\"2196\" data-end=\"2246\">\n<p data-start=\"2198\" data-end=\"2246\">F\u00e9nyk\u00e9pfelbont\u00e1s (pixel): meghat\u00e1rozand\u00f3<\/p>\n<\/li>\n<li data-start=\"2247\" data-end=\"2274\">\n<p data-start=\"2249\" data-end=\"2274\">F\u00e9nyk\u00e9p form\u00e1tum: .JPG<\/p>\n<\/li>\n<li data-start=\"2275\" data-end=\"2320\">\n<p data-start=\"2277\" data-end=\"2320\">Vide\u00f3felbont\u00e1s (pixel): meg kell hat\u00e1rozni.<\/p>\n<\/li>\n<li data-start=\"2321\" data-end=\"2343\">\n<p data-start=\"2323\" data-end=\"2343\">Vide\u00f3 form\u00e1tum: .MP4<\/p>\n<\/li>\n<li data-start=\"2344\" data-end=\"2391\">\n<p data-start=\"2346\" data-end=\"2391\">T\u00e1rol\u00f3 (GB): micro SD k\u00e1rtya (max. 128 GB)<\/p>\n<\/li>\n<\/ul>\n<p data-start=\"2393\" data-end=\"2413\"><strong data-start=\"2393\" data-end=\"2411\">F\u0151 funkci\u00f3k<\/strong><\/p>\n<ul data-start=\"2414\" data-end=\"2717\">\n<li data-start=\"2414\" data-end=\"2467\">\n<p data-start=\"2416\" data-end=\"2467\">LRF + IR 850\/940 nm: 1000 m (megv\u00e1s\u00e1rolhat\u00f3)<\/p>\n<\/li>\n<li data-start=\"2468\" data-end=\"2480\">\n<p data-start=\"2470\" data-end=\"2480\">PIP: IGEN<\/p>\n<\/li>\n<li data-start=\"2481\" data-end=\"2511\">\n<p data-start=\"2483\" data-end=\"2511\">Ballisztikai sz\u00e1mol\u00f3g\u00e9p: IGEN<\/p>\n<\/li>\n<li data-start=\"2512\" data-end=\"2529\">\n<p data-start=\"2514\" data-end=\"2529\">Gyroszk\u00f3p: IGEN<\/p>\n<\/li>\n<li data-start=\"2530\" data-end=\"2574\">\n<p data-start=\"2532\" data-end=\"2574\">Sokk-aktiv\u00e1lt felv\u00e9tel: IGEN<\/p>\n<\/li>\n<li data-start=\"2575\" data-end=\"2606\">\n<p data-start=\"2577\" data-end=\"2606\">Automatikus felv\u00e9tel: IGEN<\/p>\n<\/li>\n<li data-start=\"2607\" data-end=\"2635\">\n<p data-start=\"2609\" data-end=\"2635\">Hurokfelv\u00e9tel: IGEN<\/p>\n<\/li>\n<li data-start=\"2636\" data-end=\"2660\">\n<p data-start=\"2638\" data-end=\"2660\">Id\u0151b\u00e9lyegz\u0151: IGEN<\/p>\n<\/li>\n<li data-start=\"2661\" data-end=\"2686\">\n<p data-start=\"2663\" data-end=\"2686\">Hangfelv\u00e9tel: IGEN<\/p>\n<\/li>\n<li data-start=\"2687\" data-end=\"2717\">\n<p data-start=\"2689\" data-end=\"2717\">Expoz\u00edci\u00f3-kompenz\u00e1ci\u00f3: IGEN<\/p>\n<\/li>\n<\/ul>\n<p data-start=\"2719\" data-end=\"2736\"><strong data-start=\"2719\" data-end=\"2734\">Csatlakoz\u00e1s<\/strong><\/p>\n<ul data-start=\"2737\" data-end=\"2830\">\n<li data-start=\"2737\" data-end=\"2756\">\n<p data-start=\"2739\" data-end=\"2756\">USB Type-C: IGEN<\/p>\n<\/li>\n<li data-start=\"2757\" data-end=\"2777\">\n<p data-start=\"2759\" data-end=\"2777\">HDMI kimenet: IGEN<\/p>\n<\/li>\n<li data-start=\"2778\" data-end=\"2791\">\n<p data-start=\"2780\" data-end=\"2791\">WiFi: IGEN<\/p>\n<\/li>\n<li data-start=\"2792\" data-end=\"2830\">\n<p data-start=\"2794\" data-end=\"2830\">T\u00e1mogatott alkalmaz\u00e1s: PardVision2<\/p>\n<\/li>\n<\/ul>\n<p data-start=\"2832\" data-end=\"2857\"><strong data-start=\"2832\" data-end=\"2855\">Akkumul\u00e1tor \u00e9s t\u00e1pegys\u00e9g<\/strong><\/p>\n<ul data-start=\"2858\" data-end=\"3019\">\n<li data-start=\"2858\" data-end=\"2919\">\n<p data-start=\"2860\" data-end=\"2919\">L\u00edtium akkumul\u00e1tor: be\u00e9p\u00edtett 21700 \u00d71 + cser\u00e9lhet\u0151 18650 \u00d71<\/p>\n<\/li>\n<li data-start=\"2920\" data-end=\"2949\">\n<p data-start=\"2922\" data-end=\"2949\">Kimeneti fesz\u00fclts\u00e9g (V): 3,7<\/p>\n<\/li>\n<li data-start=\"2950\" data-end=\"2981\">\n<p data-start=\"2952\" data-end=\"2981\">\u00dczemid\u0151 (h, max): 14<\/p>\n<\/li>\n<li data-start=\"2982\" data-end=\"3019\">\n<p data-start=\"2984\" data-end=\"3019\">K\u00fcls\u0151 t\u00e1pegys\u00e9g (V): USB Type-C<\/p>\n<\/li>\n<\/ul>\n<p data-start=\"3021\" data-end=\"3058\"><strong data-start=\"3021\" data-end=\"3056\">K\u00f6rnyezeti jellemz\u0151k<\/strong><\/p>\n<ul data-start=\"3059\" data-end=\"3173\">\n<li data-start=\"3059\" data-end=\"3083\">\n<p data-start=\"3061\" data-end=\"3083\">V\u00e9detts\u00e9gi fok: IP67<\/p>\n<\/li>\n<li data-start=\"3084\" data-end=\"3131\">\n<p data-start=\"3086\" data-end=\"3131\">\u00dczemi h\u0151m\u00e9rs\u00e9klet (\u2103\/\u2109): -30<del data-start=\"3116\" data-end=\"3126\">55 \/ -22<\/del>131<\/p>\n<\/li>\n<li data-start=\"3132\" data-end=\"3173\">\n<p data-start=\"3134\" data-end=\"3173\">Visszar\u00fag\u00e1s\u00e1ll\u00f3s\u00e1g (J): 6000<\/p>\n<\/li>\n<\/ul>\n<p data-start=\"3175\" data-end=\"3189\"><strong data-start=\"3175\" data-end=\"3187\">Anyag<\/strong><\/p>\n<ul data-start=\"3190\" data-end=\"3237\">\n<li data-start=\"3190\" data-end=\"3218\">\n<p data-start=\"3192\" data-end=\"3218\">Test: Alum\u00ednium \u00f6tv\u00f6zet<\/p>\n<\/li>\n<li data-start=\"3219\" data-end=\"3237\">\n<p data-start=\"3221\" data-end=\"3237\">Lencse: \u00fcveg<\/p>\n<\/li>\n<\/ul>\n<h3 data-start=\"110\" data-end=\"133\"><\/h3>","protected":false},"excerpt":{"rendered":"<p data-start=\"35\" data-end=\"323\"><strong data-start=\"35\" data-end=\"114\">PARD Night Stalker 4K EX (70mm): Digit\u00e1lis \u00e9jjell\u00e1t\u00f3 az extr\u00e9m teljes\u00edtm\u00e9nyhez<\/strong><br data-start=\"114\" data-end=\"117\" \/>Emelje az \u00e9jszakai l\u00e1t\u00e1st a k\u00f6vetkez\u0151 szintre a PARD Night Stalker 4K EX (70mm) kamer\u00e1val. Ezt a c\u00e9lt\u00e1vcs\u00f6vet olyan szakemberek, fegyveres er\u0151k \u00e9s ig\u00e9nyes \u00e9jszakai vad\u00e1szok sz\u00e1m\u00e1ra tervezt\u00e9k, akik az abszol\u00fat cs\u00facsot k\u00f6vetelik.<\/p>\n<p data-start=\"325\" data-end=\"564\">A k\u00e9sz\u00fcl\u00e9k k\u00f6z\u00e9ppontj\u00e1ban egy 4K Ultra HD \u00e9rz\u00e9kel\u0151 \u00e1ll a kompromisszumok n\u00e9lk\u00fcli, r\u00e9szletes k\u00e9pek\u00e9rt, amelyet egy ultra\u00e9les OLED kijelz\u0151 \u00e9s egy 1000 m\u00e9teres hat\u00f3t\u00e1vols\u00e1g\u00fa l\u00e9zeres t\u00e1vols\u00e1gm\u00e9r\u0151 eg\u00e9sz\u00edt ki. P\u00e1ratlan \u00e9less\u00e9get, pontoss\u00e1got \u00e9s tart\u00f3ss\u00e1got biztos\u00edt m\u00e9g a legzordabb k\u00f6r\u00fclm\u00e9nyek k\u00f6z\u00f6tt is.<\/p>","protected":false},"featured_media":16586,"template":"","meta":{"_gspb_post_css":""},"product_brand":[308],"product_cat":[145,21,331],"product_tag":[284,229],"class_list":{"0":"post-16459","1":"product","2":"type-product","3":"status-publish","4":"has-post-thumbnail","6":"product_brand-pard","7":"product_cat-nocne-videnie","8":"product_cat-optika","9":"product_cat-puskohlady-s-nocnym-videnim","10":"product_tag-night-stalker","11":"product_tag-pard","13":"first","14":"instock","15":"taxable","16":"shipping-taxable","17":"purchasable","18":"product-type-simple"},"ct_brands":[{"id":308,"name":"Pard","slug":"pard"}],"_links":{"self":[{"href":"https:\/\/zbranebudai.sk\/hu\/wp-json\/wp\/v2\/product\/16459","targetHints":{"allow":["GET"]}}],"collection":[{"href":"https:\/\/zbranebudai.sk\/hu\/wp-json\/wp\/v2\/product"}],"about":[{"href":"https:\/\/zbranebudai.sk\/hu\/wp-json\/wp\/v2\/types\/product"}],"wp:featuredmedia":[{"embeddable":true,"href":"https:\/\/zbranebudai.sk\/hu\/wp-json\/wp\/v2\/media\/16586"}],"wp:attachment":[{"href":"https:\/\/zbranebudai.sk\/hu\/wp-json\/wp\/v2\/media?parent=16459"}],"wp:term":[{"taxonomy":"product_brand","embeddable":true,"href":"https:\/\/zbranebudai.sk\/hu\/wp-json\/wp\/v2\/product_brand?post=16459"},{"taxonomy":"product_cat","embeddable":true,"href":"https:\/\/zbranebudai.sk\/hu\/wp-json\/wp\/v2\/product_cat?post=16459"},{"taxonomy":"product_tag","embeddable":true,"href":"https:\/\/zbranebudai.sk\/hu\/wp-json\/wp\/v2\/product_tag?post=16459"}],"curies":[{"name":"wp","href":"https:\/\/api.w.org\/{rel}","templated":true}]}}