{"id":16458,"date":"2025-07-22T10:08:47","date_gmt":"2025-07-22T08:08:47","guid":{"rendered":"https:\/\/zbranebudai.sk\/?post_type=product&#038;p=16458"},"modified":"2025-09-09T19:53:47","modified_gmt":"2025-09-09T17:53:47","slug":"nocpix-csavar-l35r","status":"publish","type":"product","link":"https:\/\/zbranebudai.sk\/hu\/product\/nocpix-bolt-l35r\/","title":{"rendered":"Nocpix Bolt L35R"},"content":{"rendered":"<p data-start=\"33\" data-end=\"377\"><strong data-start=\"33\" data-end=\"47\">BOLT SERIES<\/strong><br data-start=\"47\" data-end=\"50\" \/>A BOLT egy \u00fajonnan kifejlesztett \u00e9rz\u00e9kel\u0151vel rendelkezik, amelynek \u00e9rz\u00e9kenys\u00e9ge \u226420 mK NETD \u00e9s magas, 50 Hz-es k\u00e9pfriss\u00edt\u00e9si frekvenci\u00e1ja m\u00e9g zord k\u00f6rnyezetben is sima \u00e9s r\u00e9szletes k\u00e9pet biztos\u00edt. A Reality+ k\u00e9palgoritmus t\u00e1mogat\u00e1s\u00e1val a BOLT k\u00f6nnyed\u00e9n megbirk\u00f3zik a k\u00f6ddel, a n\u00f6v\u00e9nyzettel \u00e9s a s\u00f6t\u00e9ts\u00e9ggel, \u00e9les k\u00e9peket \u00e9s megb\u00edzhat\u00f3 c\u00e9lpont-azonos\u00edt\u00e1st k\u00edn\u00e1l.<\/p>\n<p data-start=\"379\" data-end=\"793\"><strong data-start=\"379\" data-end=\"415\">T\u00c1VOLS\u00c1GM\u00c9R\u0150 1200 M T\u00c1VOLS\u00c1GIG<\/strong><br data-start=\"415\" data-end=\"418\" \/>A vad\u00e1szok sz\u00e1m\u00e1ra a t\u00e1vols\u00e1g becsl\u00e9se kih\u00edv\u00e1st jelenthet, \u00e9s a pontatlan l\u00f6v\u00e9sek k\u00f6nnyen al\u00e1\u00e1shatj\u00e1k a bizalmat. A BOLT megk\u00f6nny\u00edti ezt az aggodalmat - be\u00e9p\u00edtett l\u00e9zeres t\u00e1vols\u00e1gm\u00e9r\u0151vel rendelkezik, amelynek hat\u00f3t\u00e1vols\u00e1ga ak\u00e1r 1200 m\u00e9ter is lehet, \u00e9s intelligens ballisztikai sz\u00e1m\u00edt\u00f3val is rendelkezik. Pontos t\u00e1vols\u00e1gadatokat \u00e9s azonnali c\u00e9lz\u00e1si seg\u00edts\u00e9get kap, \u00edgy pontosan oda tal\u00e1lhat, ahov\u00e1 kell.<\/p>\n<p data-start=\"795\" data-end=\"1211\"><strong data-start=\"795\" data-end=\"817\">HOSSZ\u00da AKKUMUL\u00c1TOR-\u00dcZEMID\u0150<\/strong><br data-start=\"817\" data-end=\"820\" \/>Egy lemer\u00fclt akkumul\u00e1tor a vad\u00e1szat k\u00f6zep\u00e9n minden vad\u00e1sz r\u00e9m\u00e1lma. Ez\u00e9rt van a BOLT kett\u0151s akkumul\u00e1torrendszerrel felszerelve - egy tart\u00f3s be\u00e9p\u00edtett 5000 mAh-s akkumul\u00e1torral \u00e9s egy tartal\u00e9k, cser\u00e9lhet\u0151 18650-es akkumul\u00e1torral. A 9000 mAh \u00f6sszkapacit\u00e1ssal ak\u00e1r 12 \u00f3r\u00e1nyi folyamatos m\u0171k\u00f6d\u00e9st biztos\u00edt. Nincs stressz, nincsenek megszak\u00edt\u00e1sok - csak megb\u00edzhat\u00f3 energia, amely alkonyatt\u00f3l hajnalig kitart.<\/p>\n<table dir=\"ltr\" style=\"width: 644px;\" border=\"1\" cellspacing=\"0\" cellpadding=\"0\" data-sheets-root=\"1\" data-sheets-baot=\"1\">\n<colgroup>\n<col width=\"196\" \/>\n<col width=\"481\" \/><\/colgroup>\n<tbody>\n<tr>\n<td style=\"width: 256.739px;\">Specifik\u00e1ci\u00f3<\/td>\n<td style=\"width: 382.898px;\">\u00c9rt\u00e9k<\/td>\n<\/tr>\n<tr>\n<td style=\"width: 256.739px;\">\u00c9rz\u00e9kel\u0151 felbont\u00e1sa<\/td>\n<td style=\"width: 382.898px;\">384\u00d7288 px<\/td>\n<\/tr>\n<tr>\n<td style=\"width: 256.739px;\">Pixel m\u00e9ret<\/td>\n<td style=\"width: 382.898px;\">12 \u00b5m<\/td>\n<\/tr>\n<tr>\n<td style=\"width: 256.739px;\">NETD - \u00c9rz\u00e9kel\u0151 \u00e9rz\u00e9kenys\u00e9ge a h\u0151m\u00e9rs\u00e9klet-k\u00fcl\u00f6nbs\u00e9gekre<\/td>\n<td style=\"width: 382.898px;\">&lt;20 mK<\/td>\n<\/tr>\n<tr>\n<td style=\"width: 256.739px;\">Friss\u00edt\u00e9si sebess\u00e9g (Hz)<\/td>\n<td style=\"width: 382.898px;\">50 Hz<\/td>\n<\/tr>\n<tr>\n<td style=\"width: 256.739px;\">Objekt\u00edv (mm)<\/td>\n<td style=\"width: 382.898px;\">35 mm<\/td>\n<\/tr>\n<tr>\n<td style=\"width: 256.739px;\">L\u00e1t\u00f3mez\u0151<\/td>\n<td style=\"width: 382.898px;\">13,2\u00b0 \u00d7 9,9\u00b0<\/td>\n<\/tr>\n<tr>\n<td style=\"width: 256.739px;\">Nagy\u00edt\u00e1s<\/td>\n<td style=\"width: 382.898px;\">3,5\u00d7 - 14\u00d7<\/td>\n<\/tr>\n<tr>\n<td style=\"width: 256.739px;\">Szemkiemel\u00e9s<\/td>\n<td style=\"width: 382.898px;\">50 mm<\/td>\n<\/tr>\n<tr>\n<td style=\"width: 256.739px;\">Szemt\u00e1vols\u00e1g \u00e1tm\u00e9r\u0151je<\/td>\n<td style=\"width: 382.898px;\">10 mm<\/td>\n<\/tr>\n<tr>\n<td style=\"width: 256.739px;\">Dioptri\u00e1s korrekci\u00f3<\/td>\n<td style=\"width: 382.898px;\">-5-t\u0151l +5-ig<\/td>\n<\/tr>\n<tr>\n<td style=\"width: 256.739px;\">\u00c9rz\u00e9kel\u00e9s<\/td>\n<td style=\"width: 382.898px;\">1800 m<\/td>\n<\/tr>\n<tr>\n<td style=\"width: 256.739px;\">Megjelen\u00edt\u00e9s t\u00edpusa<\/td>\n<td style=\"width: 382.898px;\">0,39 AMOLED<\/td>\n<\/tr>\n<tr>\n<td style=\"width: 256.739px;\">Kijelz\u0151 felbont\u00e1sa<\/td>\n<td style=\"width: 382.898px;\">1024\u00d7768 px<\/td>\n<\/tr>\n<tr>\n<td style=\"width: 256.739px;\">Akkumul\u00e1tor t\u00edpusa<\/td>\n<td style=\"width: 382.898px;\">1. be\u00e9p\u00edtett (5000 mAh) + 2. cser\u00e9lhet\u0151 18650-es<\/td>\n<\/tr>\n<tr>\n<td style=\"width: 256.739px;\">Az akkumul\u00e1tor \u00e9lettartama<\/td>\n<td style=\"width: 382.898px;\">12 \u00f3ra (bels\u0151 + k\u00fcls\u0151)<\/td>\n<\/tr>\n<tr>\n<td style=\"width: 256.739px;\">Wi-Fi<\/td>\n<td style=\"width: 382.898px;\">Igen<\/td>\n<\/tr>\n<tr>\n<td style=\"width: 256.739px;\">Fot\u00f3\/Vide\u00f3<\/td>\n<td style=\"width: 382.898px;\">Igen<\/td>\n<\/tr>\n<tr>\n<td style=\"width: 256.739px;\">Hangfelv\u00e9tel<\/td>\n<td style=\"width: 382.898px;\">Igen<\/td>\n<\/tr>\n<tr>\n<td style=\"width: 256.739px;\">Ballisztikus kalkul\u00e1tor<\/td>\n<td style=\"width: 382.898px;\">Igen<\/td>\n<\/tr>\n<tr>\n<td style=\"width: 256.739px;\">L\u00e9zeres t\u00e1vols\u00e1gm\u00e9r\u0151<\/td>\n<td style=\"width: 382.898px;\">Igen, 1200 m-ig<\/td>\n<\/tr>\n<tr>\n<td style=\"width: 256.739px;\">Csatlakoz\u00e1s t\u00edpusa<\/td>\n<td style=\"width: 382.898px;\">USB-C<\/td>\n<\/tr>\n<tr>\n<td style=\"width: 256.739px;\">T\u00e1rhely<\/td>\n<td style=\"width: 382.898px;\">32 GB<\/td>\n<\/tr>\n<tr>\n<td style=\"width: 256.739px;\">V\u00edzhatlan<\/td>\n<td style=\"width: 382.898px;\">IP67<\/td>\n<\/tr>\n<tr>\n<td style=\"width: 256.739px;\">S\u00faly<\/td>\n<td style=\"width: 382.898px;\">880 g<\/td>\n<\/tr>\n<tr>\n<td style=\"width: 256.739px;\">M\u00e9retek<\/td>\n<td style=\"width: 382.898px;\">375,7 \u00d7 91,6 \u00d7 75 mm<\/td>\n<\/tr>\n<tr>\n<td style=\"width: 256.739px;\">Cs\u0151 \u00e1tm\u00e9r\u0151je<\/td>\n<td style=\"width: 382.898px;\">30 mm<\/td>\n<\/tr>\n<\/tbody>\n<\/table>","protected":false},"excerpt":{"rendered":"<p>Nocpix Bolt L35R - A t\u00f6k\u00e9letes ind\u00edt\u00f3 az \u00e9jszakai vad\u00e1szathoz. Olyan vad\u00e1szok sz\u00e1m\u00e1ra tervezt\u00e9k, akik az els\u0151 napt\u00f3l kezdve egyszer\u0171s\u00e9get, tisztas\u00e1got \u00e9s magabiztoss\u00e1got keresnek. A Nocpix Bolt L35R egyes\u00edti az \u00e9les h\u0151k\u00e9pet, a be\u00e9p\u00edtett t\u00e1vols\u00e1gm\u00e9r\u0151t \u00e9s az intelligens ballisztikai eszk\u00f6z\u00f6ket egy kompakt, felhaszn\u00e1l\u00f3bar\u00e1t kialak\u00edt\u00e1sban. Mindent k\u00edn\u00e1l, amire egy vad\u00e1sznak sz\u00fcks\u00e9ge van az okos vad\u00e1szathoz \u00e9s a magabiztos l\u00f6v\u00e9shez. T\u00f6k\u00e9letes v\u00e1laszt\u00e1s az \u00e9jszakai vad\u00e1szat vil\u00e1g\u00e1ba val\u00f3 bel\u00e9p\u00e9shez.<\/p>","protected":false},"featured_media":16575,"template":"","meta":{"_gspb_post_css":""},"product_brand":[316],"product_cat":[145,21,331],"product_tag":[2288,262],"class_list":{"0":"post-16458","1":"product","2":"type-product","3":"status-publish","4":"has-post-thumbnail","6":"product_brand-nocpix","7":"product_cat-nocne-videnie","8":"product_cat-optika","9":"product_cat-puskohlady-s-nocnym-videnim","10":"product_tag-bolt","11":"product_tag-nocpix","13":"first","14":"instock","15":"taxable","16":"shipping-taxable","17":"purchasable","18":"product-type-simple"},"ct_brands":[{"id":316,"name":"Nocpix","slug":"nocpix"}],"_links":{"self":[{"href":"https:\/\/zbranebudai.sk\/hu\/wp-json\/wp\/v2\/product\/16458","targetHints":{"allow":["GET"]}}],"collection":[{"href":"https:\/\/zbranebudai.sk\/hu\/wp-json\/wp\/v2\/product"}],"about":[{"href":"https:\/\/zbranebudai.sk\/hu\/wp-json\/wp\/v2\/types\/product"}],"wp:featuredmedia":[{"embeddable":true,"href":"https:\/\/zbranebudai.sk\/hu\/wp-json\/wp\/v2\/media\/16575"}],"wp:attachment":[{"href":"https:\/\/zbranebudai.sk\/hu\/wp-json\/wp\/v2\/media?parent=16458"}],"wp:term":[{"taxonomy":"product_brand","embeddable":true,"href":"https:\/\/zbranebudai.sk\/hu\/wp-json\/wp\/v2\/product_brand?post=16458"},{"taxonomy":"product_cat","embeddable":true,"href":"https:\/\/zbranebudai.sk\/hu\/wp-json\/wp\/v2\/product_cat?post=16458"},{"taxonomy":"product_tag","embeddable":true,"href":"https:\/\/zbranebudai.sk\/hu\/wp-json\/wp\/v2\/product_tag?post=16458"}],"curies":[{"name":"wp","href":"https:\/\/api.w.org\/{rel}","templated":true}]}}