{"id":16453,"date":"2025-07-22T10:08:18","date_gmt":"2025-07-22T08:08:18","guid":{"rendered":"https:\/\/zbranebudai.sk\/?post_type=product&#038;p=16453"},"modified":"2025-10-28T23:21:27","modified_gmt":"2025-10-28T21:21:27","slug":"pard-night-stalker-4k-ex-940-nm-lrf","status":"publish","type":"product","link":"https:\/\/zbranebudai.sk\/hu\/product\/pard-night-stalker-4k-ex-940-nm-lrf\/","title":{"rendered":"PARD Night Stalker 4K EX 940 nm LRF"},"content":{"rendered":"<h3 data-start=\"662\" data-end=\"695\"><strong data-start=\"666\" data-end=\"693\">R\u00e9szletes term\u00e9kle\u00edr\u00e1s<\/strong><\/h3>\n<p data-start=\"697\" data-end=\"722\"><strong data-start=\"697\" data-end=\"720\">Kulcsfontoss\u00e1g\u00fa jellemz\u0151k:<\/strong><\/p>\n<ul data-start=\"723\" data-end=\"1402\">\n<li data-start=\"723\" data-end=\"853\">\n<p data-start=\"725\" data-end=\"853\">4K \u00e9rz\u00e9kel\u0151 3840\u00d72160 felbont\u00e1ssal, 2,9 \u03bcm pixelm\u00e9rettel \u00e9s 0,001 lux \u00e9rz\u00e9kenys\u00e9ggel a kiv\u00e9teles gyenge f\u00e9nyviszonyok\u00e9rt.<\/p>\n<\/li>\n<li data-start=\"854\" data-end=\"975\">\n<p data-start=\"856\" data-end=\"975\">5,5x optikai zoom (70 mm-es objekt\u00edv) 4x digit\u00e1lis zoommal \u00e9s PIP (k\u00e9p a k\u00e9pben) \u00fczemm\u00f3ddal a pontos c\u00e9lmegjel\u00f6l\u00e9s \u00e9rdek\u00e9ben.<\/p>\n<\/li>\n<li data-start=\"976\" data-end=\"1073\">\n<p data-start=\"978\" data-end=\"1073\">Nagy felbont\u00e1s\u00fa 2560\u00d72560 OLED kijelz\u0151, 6 st\u00edlus\u00fa sz\u00e1nd\u00e9kos kereszt \u00e9s 4 sz\u00ednv\u00e1laszt\u00e9k.<\/p>\n<\/li>\n<li data-start=\"1074\" data-end=\"1183\">\n<p data-start=\"1076\" data-end=\"1183\">Integr\u00e1lt l\u00e9zeres t\u00e1vols\u00e1gm\u00e9r\u0151 1000 m-es hat\u00f3t\u00e1vols\u00e1ggal, ballisztikus sz\u00e1mol\u00f3g\u00e9ppel, giroszk\u00f3ppal \u00e9s expoz\u00edci\u00f3-kompenz\u00e1ci\u00f3val.<\/p>\n<\/li>\n<li data-start=\"1184\" data-end=\"1297\">\n<p data-start=\"1186\" data-end=\"1297\">Ford\u00edtott \u00fct\u00e9s aktiv\u00e1lt felv\u00e9tel, automatikus felv\u00e9tel hanggal, hurokfelv\u00e9tel \u00e9s id\u0151b\u00e9lyegz\u0151.<\/p>\n<\/li>\n<li data-start=\"1298\" data-end=\"1402\">\n<p data-start=\"1300\" data-end=\"1402\">Kett\u0151s akkumul\u00e1torrendszer (be\u00e9p\u00edtett 21700 + cser\u00e9lhet\u0151 18650) ak\u00e1r 14 \u00f3r\u00e1s folyamatos haszn\u00e1lathoz.<\/p>\n<\/li>\n<\/ul>\n<hr data-start=\"1404\" data-end=\"1407\" \/>\n<h3 data-start=\"1409\" data-end=\"1429\"><strong data-start=\"1413\" data-end=\"1429\">M\u0171szaki adatok<\/strong><\/h3>\n<p data-start=\"1431\" data-end=\"1443\"><strong data-start=\"1431\" data-end=\"1441\">\u00c9rz\u00e9kel\u0151<\/strong><\/p>\n<ul data-start=\"1444\" data-end=\"1617\">\n<li data-start=\"1444\" data-end=\"1480\">\n<p data-start=\"1446\" data-end=\"1480\">Felbont\u00e1s (pixel): 3840 \u00d7 2160<\/p>\n<\/li>\n<li data-start=\"1481\" data-end=\"1509\">\n<p data-start=\"1483\" data-end=\"1509\">Pixel m\u00e9ret (\u03bcm): 2.9<\/p>\n<\/li>\n<li data-start=\"1510\" data-end=\"1536\">\n<p data-start=\"1512\" data-end=\"1536\">\u00c9rz\u00e9kenys\u00e9g (lux): 0,001<\/p>\n<\/li>\n<li data-start=\"1537\" data-end=\"1584\">\n<p data-start=\"1539\" data-end=\"1584\">Friss\u00edt\u00e9si frekvencia (Hz): meg kell adni<\/p>\n<\/li>\n<li data-start=\"1585\" data-end=\"1617\">\n<p data-start=\"1587\" data-end=\"1617\">K\u00e9pfeldolgoz\u00f3: PARD VLEA<\/p>\n<\/li>\n<\/ul>\n<p data-start=\"1619\" data-end=\"1631\"><strong data-start=\"1619\" data-end=\"1629\">Optika<\/strong><\/p>\n<ul data-start=\"1632\" data-end=\"2063\">\n<li data-start=\"1632\" data-end=\"1686\">\n<p data-start=\"1634\" data-end=\"1686\">Objekt\u00edv (gy\u00fajt\u00f3t\u00e1vols\u00e1g\/mm): 50 \/ 70 \/ 100<\/p>\n<\/li>\n<li data-start=\"1687\" data-end=\"1717\">\n<p data-start=\"1689\" data-end=\"1717\">Optikai nagy\u00edt\u00e1s (x): 5.5<\/p>\n<\/li>\n<li data-start=\"1718\" data-end=\"1743\">\n<p data-start=\"1720\" data-end=\"1743\">Digit\u00e1lis zoom (x): 4<\/p>\n<\/li>\n<li data-start=\"1744\" data-end=\"1867\">\n<p data-start=\"1746\" data-end=\"1763\">L\u00e1t\u00f3mez\u0151 (\u00b0):<\/p>\n<ul data-start=\"1766\" data-end=\"1867\">\n<li data-start=\"1766\" data-end=\"1799\">\n<p data-start=\"1768\" data-end=\"1799\">V\u00edzszintes: 6.6 \/ 4.7 \/ 3.3<\/p>\n<\/li>\n<li data-start=\"1802\" data-end=\"1833\">\n<p data-start=\"1804\" data-end=\"1833\">F\u00fcgg\u0151leges: 6.6 \/ 4.7 \/ 3.3<\/p>\n<\/li>\n<li data-start=\"1836\" data-end=\"1867\">\n<p data-start=\"1838\" data-end=\"1867\">\u00c1tl\u00f3: 9.4 \/ 6.7 \/ 4.7<\/p>\n<\/li>\n<\/ul>\n<\/li>\n<li data-start=\"1868\" data-end=\"1968\">\n<p data-start=\"1870\" data-end=\"1896\">L\u00e1t\u00f3mez\u0151 (m 100 m-en):<\/p>\n<ul data-start=\"1899\" data-end=\"1968\">\n<li data-start=\"1899\" data-end=\"1933\">\n<p data-start=\"1901\" data-end=\"1933\">V\u00edzszintes: 11.6 \/ 8.3 \/ 5.8<\/p>\n<\/li>\n<li data-start=\"1936\" data-end=\"1968\">\n<p data-start=\"1938\" data-end=\"1968\">F\u00fcgg\u0151leges: 11.6 \/ 8.3 \/ 5.8<\/p>\n<\/li>\n<\/ul>\n<\/li>\n<li data-start=\"1969\" data-end=\"2000\">\n<p data-start=\"1971\" data-end=\"2000\">F\u00f3kusztartom\u00e1ny: 10 m - \u221e<\/p>\n<\/li>\n<li data-start=\"2001\" data-end=\"2026\">\n<p data-start=\"2003\" data-end=\"2026\">Szemt\u00e1vols\u00e1g (mm): 100<\/p>\n<\/li>\n<li data-start=\"2027\" data-end=\"2063\">\n<p data-start=\"2029\" data-end=\"2063\">Dioptriakorrekci\u00f3 (D): -5 ~ +3<\/p>\n<\/li>\n<\/ul>\n<p data-start=\"2065\" data-end=\"2078\"><strong data-start=\"2065\" data-end=\"2076\">Kijelz\u0151<\/strong><\/p>\n<ul data-start=\"2079\" data-end=\"2267\">\n<li data-start=\"2079\" data-end=\"2092\">\n<p data-start=\"2081\" data-end=\"2092\">T\u00edpus: OLED<\/p>\n<\/li>\n<li data-start=\"2093\" data-end=\"2129\">\n<p data-start=\"2095\" data-end=\"2129\">Felbont\u00e1s (pixel): 2560 \u00d7 2560<\/p>\n<\/li>\n<li data-start=\"2130\" data-end=\"2159\">\n<p data-start=\"2132\" data-end=\"2159\">Sz\u00e1nd\u00e9kos keresztek sz\u00e1ma: 6<\/p>\n<\/li>\n<li data-start=\"2160\" data-end=\"2209\">\n<p data-start=\"2162\" data-end=\"2209\">Kereszt sz\u00ednei: piros\/feh\u00e9r\/s\u00e1rga\/z\u00f6ld<\/p>\n<\/li>\n<li data-start=\"2210\" data-end=\"2267\">\n<p data-start=\"2212\" data-end=\"2267\">Sz\u00ednes \u00fczemm\u00f3dok: sz\u00ednes \/ fekete-feh\u00e9r \/ s\u00e1rga \/ z\u00f6ld<\/p>\n<\/li>\n<\/ul>\n<p data-start=\"2269\" data-end=\"2287\"><strong data-start=\"2269\" data-end=\"2285\">Fot\u00f3 \/ vide\u00f3<\/strong><\/p>\n<ul data-start=\"2288\" data-end=\"2478\">\n<li data-start=\"2288\" data-end=\"2338\">\n<p data-start=\"2290\" data-end=\"2338\">F\u00e9nyk\u00e9pfelbont\u00e1s (pixel): meghat\u00e1rozand\u00f3<\/p>\n<\/li>\n<li data-start=\"2339\" data-end=\"2366\">\n<p data-start=\"2341\" data-end=\"2366\">F\u00e9nyk\u00e9p form\u00e1tum: .JPG<\/p>\n<\/li>\n<li data-start=\"2367\" data-end=\"2412\">\n<p data-start=\"2369\" data-end=\"2412\">Vide\u00f3felbont\u00e1s (pixel): meg kell hat\u00e1rozni.<\/p>\n<\/li>\n<li data-start=\"2413\" data-end=\"2435\">\n<p data-start=\"2415\" data-end=\"2435\">Vide\u00f3 form\u00e1tum: .MP4<\/p>\n<\/li>\n<li data-start=\"2436\" data-end=\"2478\">\n<p data-start=\"2438\" data-end=\"2478\">T\u00e1rol\u00e1s: micro SD k\u00e1rtya (max. 128 GB)<\/p>\n<\/li>\n<\/ul>\n<p data-start=\"2480\" data-end=\"2500\"><strong data-start=\"2480\" data-end=\"2498\">F\u0151 funkci\u00f3k<\/strong><\/p>\n<ul data-start=\"2501\" data-end=\"2811\">\n<li data-start=\"2501\" data-end=\"2544\">\n<p data-start=\"2503\" data-end=\"2544\">LRF + IR 940nm: 1000m (benne van)<\/p>\n<\/li>\n<li data-start=\"2545\" data-end=\"2574\">\n<p data-start=\"2547\" data-end=\"2574\">PIP (k\u00e9p a k\u00e9pben): IGEN<\/p>\n<\/li>\n<li data-start=\"2575\" data-end=\"2605\">\n<p data-start=\"2577\" data-end=\"2605\">Ballisztikai sz\u00e1mol\u00f3g\u00e9p: IGEN<\/p>\n<\/li>\n<li data-start=\"2606\" data-end=\"2623\">\n<p data-start=\"2608\" data-end=\"2623\">Gyroszk\u00f3p: IGEN<\/p>\n<\/li>\n<li data-start=\"2624\" data-end=\"2668\">\n<p data-start=\"2626\" data-end=\"2668\">Sokk-aktiv\u00e1lt felv\u00e9tel: IGEN<\/p>\n<\/li>\n<li data-start=\"2669\" data-end=\"2700\">\n<p data-start=\"2671\" data-end=\"2700\">Automatikus felv\u00e9tel: IGEN<\/p>\n<\/li>\n<li data-start=\"2701\" data-end=\"2729\">\n<p data-start=\"2703\" data-end=\"2729\">Hurokfelv\u00e9tel: IGEN<\/p>\n<\/li>\n<li data-start=\"2730\" data-end=\"2754\">\n<p data-start=\"2732\" data-end=\"2754\">Id\u0151b\u00e9lyegz\u0151: IGEN<\/p>\n<\/li>\n<li data-start=\"2755\" data-end=\"2780\">\n<p data-start=\"2757\" data-end=\"2780\">Hangfelv\u00e9tel: IGEN<\/p>\n<\/li>\n<li data-start=\"2781\" data-end=\"2811\">\n<p data-start=\"2783\" data-end=\"2811\">Expoz\u00edci\u00f3-kompenz\u00e1ci\u00f3: IGEN<\/p>\n<\/li>\n<\/ul>\n<p data-start=\"2813\" data-end=\"2830\"><strong data-start=\"2813\" data-end=\"2828\">Csatlakoz\u00e1s<\/strong><\/p>\n<ul data-start=\"2831\" data-end=\"2924\">\n<li data-start=\"2831\" data-end=\"2850\">\n<p data-start=\"2833\" data-end=\"2850\">USB Type-C: IGEN<\/p>\n<\/li>\n<li data-start=\"2851\" data-end=\"2871\">\n<p data-start=\"2853\" data-end=\"2871\">HDMI kimenet: IGEN<\/p>\n<\/li>\n<li data-start=\"2872\" data-end=\"2885\">\n<p data-start=\"2874\" data-end=\"2885\">WiFi: IGEN<\/p>\n<\/li>\n<li data-start=\"2886\" data-end=\"2924\">\n<p data-start=\"2888\" data-end=\"2924\">T\u00e1mogatott alkalmaz\u00e1s: PardVision2<\/p>\n<\/li>\n<\/ul>\n<p data-start=\"2926\" data-end=\"2951\"><strong data-start=\"2926\" data-end=\"2949\">Akkumul\u00e1tor \u00e9s t\u00e1pegys\u00e9g<\/strong><\/p>\n<ul data-start=\"2952\" data-end=\"3109\">\n<li data-start=\"2952\" data-end=\"3013\">\n<p data-start=\"2954\" data-end=\"3013\">L\u00edtium akkumul\u00e1tor: be\u00e9p\u00edtett 21700 \u00d71 + cser\u00e9lhet\u0151 18650 \u00d71<\/p>\n<\/li>\n<li data-start=\"3014\" data-end=\"3043\">\n<p data-start=\"3016\" data-end=\"3043\">Kimeneti fesz\u00fclts\u00e9g (V): 3,7<\/p>\n<\/li>\n<li data-start=\"3044\" data-end=\"3075\">\n<p data-start=\"3046\" data-end=\"3075\">\u00dczemid\u0151 (h, max): 14<\/p>\n<\/li>\n<li data-start=\"3076\" data-end=\"3109\">\n<p data-start=\"3078\" data-end=\"3109\">K\u00fcls\u0151 t\u00e1pell\u00e1t\u00e1s: USB Type-C<\/p>\n<\/li>\n<\/ul>\n<p data-start=\"3111\" data-end=\"3148\"><strong data-start=\"3111\" data-end=\"3146\">K\u00f6rnyezeti jellemz\u0151k<\/strong><\/p>\n<ul data-start=\"3149\" data-end=\"3263\">\n<li data-start=\"3149\" data-end=\"3173\">\n<p data-start=\"3151\" data-end=\"3173\">V\u00e9detts\u00e9gi fok: IP67<\/p>\n<\/li>\n<li data-start=\"3174\" data-end=\"3221\">\n<p data-start=\"3176\" data-end=\"3221\">\u00dczemi h\u0151m\u00e9rs\u00e9klet (\u2103\/\u2109): -30<del data-start=\"3206\" data-end=\"3216\">55 \/ -22<\/del>131<\/p>\n<\/li>\n<li data-start=\"3222\" data-end=\"3263\">\n<p data-start=\"3224\" data-end=\"3263\">Visszar\u00fag\u00e1s\u00e1ll\u00f3s\u00e1g (J): 6000<\/p>\n<\/li>\n<\/ul>\n<p data-start=\"3265\" data-end=\"3280\"><strong data-start=\"3265\" data-end=\"3278\">Anyagok<\/strong><\/p>\n<ul data-start=\"3281\" data-end=\"3328\">\n<li data-start=\"3281\" data-end=\"3309\">\n<p data-start=\"3283\" data-end=\"3309\">Test: Alum\u00ednium \u00f6tv\u00f6zet<\/p>\n<\/li>\n<li data-start=\"3310\" data-end=\"3328\">\n<p data-start=\"3312\" data-end=\"3328\">Lencse: \u00fcveg<\/p>\n<\/li>\n<\/ul>\n<p data-start=\"652\" data-end=\"669\">","protected":false},"excerpt":{"rendered":"<p data-start=\"116\" data-end=\"414\"><strong data-start=\"116\" data-end=\"205\">PARD Night Stalker 4K EX 940nm LRF (70mm): Digit\u00e1lis \u00e9jjell\u00e1t\u00f3 az extr\u00e9m teljes\u00edtm\u00e9nyhez<\/strong><br data-start=\"205\" data-end=\"208\" \/>Emelje az \u00e9jszakai l\u00e1t\u00e1st a k\u00f6vetkez\u0151 szintre a PARD Night Stalker 4K EX (70mm) kamer\u00e1val. Ezt a c\u00e9lt\u00e1vcs\u00f6vet olyan szakemberek, fegyveres er\u0151k \u00e9s ig\u00e9nyes \u00e9jszakai vad\u00e1szok sz\u00e1m\u00e1ra tervezt\u00e9k, akik az abszol\u00fat cs\u00facsot k\u00f6vetelik.<\/p>\n<p data-start=\"416\" data-end=\"655\">A k\u00e9sz\u00fcl\u00e9k k\u00f6z\u00e9ppontj\u00e1ban egy 4K Ultra HD \u00e9rz\u00e9kel\u0151 \u00e1ll a kompromisszumok n\u00e9lk\u00fcli, r\u00e9szletes k\u00e9pek\u00e9rt, amelyet egy ultra\u00e9les OLED kijelz\u0151 \u00e9s egy 1000 m\u00e9teres hat\u00f3t\u00e1vols\u00e1g\u00fa l\u00e9zeres t\u00e1vols\u00e1gm\u00e9r\u0151 eg\u00e9sz\u00edt ki. P\u00e1ratlan \u00e9less\u00e9get, pontoss\u00e1got \u00e9s tart\u00f3ss\u00e1got biztos\u00edt m\u00e9g a legzordabb k\u00f6r\u00fclm\u00e9nyek k\u00f6z\u00f6tt is.<\/p>","protected":false},"featured_media":16565,"template":"","meta":{"_gspb_post_css":""},"product_brand":[308],"product_cat":[145,21,331],"product_tag":[284,229],"class_list":{"0":"post-16453","1":"product","2":"type-product","3":"status-publish","4":"has-post-thumbnail","6":"product_brand-pard","7":"product_cat-nocne-videnie","8":"product_cat-optika","9":"product_cat-puskohlady-s-nocnym-videnim","10":"product_tag-night-stalker","11":"product_tag-pard","13":"first","14":"instock","15":"taxable","16":"shipping-taxable","17":"purchasable","18":"product-type-simple"},"ct_brands":[{"id":308,"name":"Pard","slug":"pard"}],"_links":{"self":[{"href":"https:\/\/zbranebudai.sk\/hu\/wp-json\/wp\/v2\/product\/16453","targetHints":{"allow":["GET"]}}],"collection":[{"href":"https:\/\/zbranebudai.sk\/hu\/wp-json\/wp\/v2\/product"}],"about":[{"href":"https:\/\/zbranebudai.sk\/hu\/wp-json\/wp\/v2\/types\/product"}],"wp:featuredmedia":[{"embeddable":true,"href":"https:\/\/zbranebudai.sk\/hu\/wp-json\/wp\/v2\/media\/16565"}],"wp:attachment":[{"href":"https:\/\/zbranebudai.sk\/hu\/wp-json\/wp\/v2\/media?parent=16453"}],"wp:term":[{"taxonomy":"product_brand","embeddable":true,"href":"https:\/\/zbranebudai.sk\/hu\/wp-json\/wp\/v2\/product_brand?post=16453"},{"taxonomy":"product_cat","embeddable":true,"href":"https:\/\/zbranebudai.sk\/hu\/wp-json\/wp\/v2\/product_cat?post=16453"},{"taxonomy":"product_tag","embeddable":true,"href":"https:\/\/zbranebudai.sk\/hu\/wp-json\/wp\/v2\/product_tag?post=16453"}],"curies":[{"name":"wp","href":"https:\/\/api.w.org\/{rel}","templated":true}]}}