{"id":16451,"date":"2025-07-22T10:08:17","date_gmt":"2025-07-22T08:08:17","guid":{"rendered":"https:\/\/zbranebudai.sk\/?post_type=product&#038;p=16451"},"modified":"2026-05-02T08:41:52","modified_gmt":"2026-05-02T06:41:52","slug":"hikmicro-m15-vadkamera","status":"publish","type":"product","link":"https:\/\/zbranebudai.sk\/hu\/product\/hikmicro-m15-vadkamera-fotocsapda\/","title":{"rendered":"Hikmicro M15 vadkamera"},"content":{"rendered":"<p data-start=\"29\" data-end=\"258\"><strong>Hikmicro M15 vadkamera<br \/>\n<\/strong><\/p>\n<p>Bemutatjuk az M15 vadkamer\u00e1t, a neves HIKMICRO gy\u00e1rt\u00f3 \u00fajdons\u00e1g\u00e1t, amely kiv\u00e1l\u00f3 \u00e1r\/\u00e9rt\u00e9k ar\u00e1ny\u00e1val, 4G csatlakoz\u00e1ssal, sz\u00e1mos hasznos funkci\u00f3val, valamint mindenekel\u0151tt egyszer\u0171 be\u00e1ll\u00edt\u00e1ssal \u00e9s karbantart\u00e1smentes m\u0171k\u00f6d\u00e9ssel t\u0171nik ki.<\/p>\n<ul>\n<li>Azonnali f\u00e9nyk\u00e9p- \u00e9s vide\u00f3\u00e1tvitel 4G h\u00e1l\u00f3zaton kereszt\u00fcl<\/li>\n<li>10 megapixeles fot\u00f3k \u00e9s Full HD vide\u00f3 hanggal<\/li>\n<li>Red\u0151ny sebess\u00e9ge 0,5 mp<\/li>\n<li>Sz\u00e9les l\u00e1t\u00f3mez\u0151 \u00e9s 25 m\u00e9teres hat\u00f3t\u00e1vols\u00e1g<\/li>\n<li>Csatlakoz\u00e1s \u00e9s vez\u00e9rl\u00e9s a HIKMICRO Sight alkalmaz\u00e1son kereszt\u00fcl<\/li>\n<\/ul>\n<p>A HIKMICRO M15 4G mobilkapcsolattal van felszerelve, amely a kifinomult HIKMICRO Sight alkalmaz\u00e1ssal egy\u00fctt val\u00f3s idej\u0171 riaszt\u00e1sokat biztos\u00edt az \u00e9szlelt mozg\u00e1sokr\u00f3l. A f\u00e9nyk\u00e9peket \u00e9s vide\u00f3kat k\u00e9nyelmesen megtekintheti \u00e9s let\u00f6ltheti a HIKMICRO Sight alkalmaz\u00e1son kereszt\u00fcl, vagy haszn\u00e1lhatja a 32 GB-os bels\u0151 mem\u00f3ri\u00e1t, amely SD k\u00e1rty\u00e1val b\u0151v\u00edthet\u0151.<\/p>\n<p>A trail camera HIKMICRO Sight alkalmaz\u00e1shoz val\u00f3 csatlakoztat\u00e1sa sz\u00e1mos funkci\u00f3t k\u00edn\u00e1l, mint p\u00e9ld\u00e1ul a f\u00e9nyk\u00e9pek kezel\u00e9se \u00e9s be\u00e1ll\u00edt\u00e1sa, a trail camera aktu\u00e1lis \u00e1llapot\u00e1nak megtekint\u00e9se, az adathaszn\u00e1lat \u00e9s az adatcsomag figyel\u00e9se, a f\u00e9nyk\u00e9pek \u00e9s vide\u00f3k v\u00e9teli \u00e9s \u00e1tviteli be\u00e1ll\u00edt\u00e1sainak m\u00f3dos\u00edt\u00e1sa, a f\u00e9nyk\u00e9pek \u00e9s vide\u00f3k megtekint\u00e9se, valamint a trail camera \u00e1ltal\u00e1nos be\u00e1ll\u00edt\u00e1sa.<\/p>\n<p>A vadkamera be\u00e9p\u00edtett SIM-k\u00e1rty\u00e1val rendelkezik, amely Csehorsz\u00e1gban \u00e9s Szlov\u00e1ki\u00e1ban m\u00e1r a v\u00e1s\u00e1rl\u00e1s ut\u00e1n azonnal m\u0171k\u00f6dik, \u00e9s nincs sz\u00fcks\u00e9g el\u0151fizet\u00e9sre. Fizet\u0151s csak az alkalmaz\u00e1son kereszt\u00fcl let\u00f6lt\u00f6tt fot\u00f3k \u00e9s vide\u00f3k let\u00f6lt\u00e9se, amelyeket a HIKMICRO Sight seg\u00edts\u00e9g\u00e9vel k\u00e9sz\u00edt. Az alapcsomag havi 100 fot\u00f3val INGYENES.<\/p>\n<p>Az M15 ak\u00e1r 10 Mpx felbont\u00e1s\u00fa f\u00e9nyk\u00e9pek r\u00f6gz\u00edt\u00e9s\u00e9re \u00e9s Full HD vide\u00f3k hanggal t\u00f6rt\u00e9n\u0151 felv\u00e9tel\u00e9re is alkalmas. \u00c9jszaka a be\u00e9p\u00edtett, l\u00e1thatatlan 940 nm-es infrav\u00f6r\u00f6s megvil\u00e1g\u00edt\u00e1snak k\u00f6sz\u00f6nhet\u0151en min\u0151s\u00e9gi f\u00e9nyk\u00e9peket \u00e9s vide\u00f3kat k\u00e9sz\u00edt an\u00e9lk\u00fcl, hogy elriasztan\u00e1 a vad\u00e1llatokat.<\/p>\n<p>Fel van szerelve egy nagy \u00e9rz\u00e9kenys\u00e9g\u0171 mozg\u00e1s\u00e9rz\u00e9kel\u0151vel (PIR), amely 0,5 m\u00e1sodpercen bel\u00fcl \u00e9rz\u00e9kelt mozg\u00e1s eset\u00e9n aktiv\u00e1lja a vadkamer\u00e1t. Az M15 kamer\u00e1nak 45\u00b0-os l\u00e1t\u00f3mezeje van, \u00e9s 25 m\u00e9teres \u00e9rz\u00e9kel\u00e9si t\u00e1vols\u00e1gn\u00e1l ak\u00e1r 20 m\u00e9ter sz\u00e9les k\u00e9pet is k\u00e9pes r\u00f6gz\u00edteni.<\/p>\n<p>A vadkamera akkumul\u00e1tor\u00e1nak \u00e9lettartama ak\u00e1r 6 h\u00f3nap is lehet. 6 vagy 12 db AA szabv\u00e1ny\u00fa akkumul\u00e1tort haszn\u00e1l (nem tartoz\u00e9k), \u00e9s az akkumul\u00e1toros m\u0171k\u00f6d\u00e9sen k\u00edv\u00fcl k\u00fcls\u0151 t\u00e1pegys\u00e9ghez (DC 12V\/2A) is csatlakoztathat\u00f3 k\u00e1bellel. Az IP66 v\u00e9detts\u00e9gnek \u00e9s a -20 \u00b0C \u00e9s 55 \u00b0C k\u00f6z\u00f6tti \u00fczemi h\u0151m\u00e9rs\u00e9kletnek k\u00f6sz\u00f6nhet\u0151en karbantart\u00e1smentes, eg\u00e9sz \u00e9ves m\u0171k\u00f6d\u00e9sre k\u00e9sz. A vadkamera a mell\u00e9kelt sz\u00edjak seg\u00edts\u00e9g\u00e9vel fa t\u00f6rzs\u00e9re r\u00f6gz\u00edthet\u0151.<\/p>\n<table dir=\"ltr\" style=\"width: 822px\" border=\"1\" cellspacing=\"0\" cellpadding=\"0\" data-sheets-root=\"1\" data-sheets-baot=\"1\">\n<colgroup>\n<col width=\"140\" \/>\n<col width=\"73\" \/>\n<col width=\"80\" \/><\/colgroup>\n<tbody>\n<tr>\n<td style=\"width: 649.763px\">Mobilkapcsolat<\/td>\n<td style=\"width: 167.438px\" colspan=\"2\" rowspan=\"1\">Igen, 4G (SIM-k\u00e1rtya be\u00e9p\u00edtve)<\/td>\n<\/tr>\n<tr>\n<td style=\"width: 649.763px\">F\u00e9nyk\u00e9pek \u00e9s vide\u00f3k k\u00e9sz\u00edt\u00e9se<\/td>\n<td style=\"width: 167.438px\" colspan=\"2\" rowspan=\"1\">Igen<\/td>\n<\/tr>\n<tr>\n<td style=\"width: 649.763px\">F\u00e9nyk\u00e9p felbont\u00e1sa<\/td>\n<td style=\"width: 167.438px\" colspan=\"2\" rowspan=\"1\">10 MP<\/td>\n<\/tr>\n<tr>\n<td style=\"width: 649.763px\">Vide\u00f3 felbont\u00e1s<\/td>\n<td style=\"width: 167.438px\" colspan=\"2\" rowspan=\"1\">1080p\/720p\/WVGA<\/td>\n<\/tr>\n<tr>\n<td style=\"width: 649.763px\">Vide\u00f3 hossza<\/td>\n<td style=\"width: 167.438px\" colspan=\"2\" rowspan=\"1\">10 mp (1080p)\/20 mp (720p)\/30 mp (WVGA)<\/td>\n<\/tr>\n<tr>\n<td style=\"width: 649.763px\">Hangfelv\u00e9tel k\u00e9sz\u00edt\u00e9se<\/td>\n<td style=\"width: 167.438px\" colspan=\"2\" rowspan=\"1\">Igen<\/td>\n<\/tr>\n<tr>\n<td style=\"width: 649.763px\">Mem\u00f3ria<\/td>\n<td style=\"width: 167.438px\" colspan=\"2\" rowspan=\"1\">Bels\u0151 mem\u00f3ria 32 GB + ak\u00e1r 32 GB SD k\u00e1rtya<\/td>\n<\/tr>\n<tr>\n<td style=\"width: 649.763px\">Z\u00e1rsebess\u00e9g<\/td>\n<td style=\"width: 167.438px\" colspan=\"2\" rowspan=\"1\">0,5 mp<\/td>\n<\/tr>\n<tr>\n<td style=\"width: 649.763px\">PIR hat\u00f3t\u00e1vols\u00e1g<\/td>\n<td style=\"width: 167.438px\" colspan=\"2\" rowspan=\"1\">25 m<\/td>\n<\/tr>\n<tr>\n<td style=\"width: 649.763px\">PIR felv\u00e9tel<\/td>\n<td style=\"width: 167.438px\" colspan=\"2\" rowspan=\"1\">45\u00b0 v\u00edzszintes, 60\u00b0 \u00e1tl\u00f3s<\/td>\n<\/tr>\n<tr>\n<td style=\"width: 649.763px\">Infravet\u0151<\/td>\n<td style=\"width: 167.438px\" colspan=\"2\" rowspan=\"1\">940 nm (12 db LED di\u00f3da)<\/td>\n<\/tr>\n<tr>\n<td style=\"width: 649.763px\">Akkumul\u00e1torok<\/td>\n<td style=\"width: 167.438px\" colspan=\"2\" rowspan=\"1\">6\/12 db standard AA<\/td>\n<\/tr>\n<tr>\n<td style=\"width: 649.763px\">Az akkumul\u00e1tor \u00e9lettartama<\/td>\n<td style=\"width: 167.438px\" colspan=\"2\" rowspan=\"1\">Ak\u00e1r 6 h\u00f3napig<\/td>\n<\/tr>\n<tr>\n<td style=\"width: 649.763px\">K\u00fcls\u0151 t\u00e1pegys\u00e9g<\/td>\n<td style=\"width: 167.438px\" colspan=\"2\" rowspan=\"1\">Igen, DC 12 V\/2 A<\/td>\n<\/tr>\n<tr>\n<td style=\"width: 649.763px\">V\u00e9delmi fokozat<\/td>\n<td style=\"width: 167.438px\" colspan=\"2\" rowspan=\"1\">IP66<\/td>\n<\/tr>\n<tr>\n<td style=\"width: 649.763px\">\u00dczemi h\u0151m\u00e9rs\u00e9klet<\/td>\n<td style=\"width: 167.438px\" colspan=\"2\" rowspan=\"1\">-20 \u00b0C \u00e9s 55 \u00b0C k\u00f6z\u00f6tt<\/td>\n<\/tr>\n<tr>\n<td style=\"width: 649.763px\">Telep\u00edt\u00e9s<\/td>\n<td style=\"width: 167.438px\" colspan=\"2\" rowspan=\"1\">P\u00e1ntok, \u00e1llv\u00e1ny<\/td>\n<\/tr>\n<tr>\n<td style=\"width: 649.763px\">M\u00e9retek<\/td>\n<td style=\"width: 167.438px\" colspan=\"2\" rowspan=\"1\">112 mm \u00d7 86,4 mm \u00d7 143 mm<\/td>\n<\/tr>\n<tr>\n<td style=\"width: 649.763px\">S\u00faly:<\/td>\n<td style=\"width: 167.438px\" colspan=\"2\" rowspan=\"1\">440 g<\/td>\n<\/tr>\n<\/tbody>\n<\/table>\n<p><strong>Tartalom<\/strong>\u00a0<strong>csomagok<\/strong><\/p>\n<ul>\n<li>HIKMICRO M15 vadkamera be\u00e9p\u00edtett SIM k\u00e1rty\u00e1val<\/li>\n<li>Antenna<\/li>\n<li>P\u00e1nt<\/li>\n<li>USB k\u00e1bel<\/li>\n<li>Haszn\u00e1lati utas\u00edt\u00e1s<\/li>\n<\/ul>","protected":false},"excerpt":{"rendered":"<p>Bemutatjuk az M15 vadkamer\u00e1t, a neves HIKMICRO gy\u00e1rt\u00f3 \u00fajdons\u00e1g\u00e1t, amely kiv\u00e1l\u00f3 \u00e1r\/\u00e9rt\u00e9k ar\u00e1ny\u00e1val, 4G csatlakoz\u00e1ssal, sz\u00e1mos hasznos funkci\u00f3val, valamint mindenekel\u0151tt egyszer\u0171 be\u00e1ll\u00edt\u00e1ssal \u00e9s karbantart\u00e1smentes m\u0171k\u00f6d\u00e9ssel t\u0171nik ki.<\/p>\n<p>&nbsp;<\/p>","protected":false},"featured_media":16547,"template":"","meta":{"_gspb_post_css":""},"product_brand":[315],"product_cat":[2767,21],"product_tag":[2768,150,2769],"class_list":{"0":"post-16451","1":"product","2":"type-product","3":"status-publish","4":"has-post-thumbnail","6":"product_brand-hikmicro","7":"product_cat-fotopasce","8":"product_cat-optika","9":"product_tag-fotopasca","10":"product_tag-hikmicro","11":"product_tag-m15","13":"first","14":"instock","15":"taxable","16":"shipping-taxable","17":"purchasable","18":"product-type-simple"},"ct_brands":[{"id":315,"name":"Hikmicro","slug":"hikmicro"}],"_links":{"self":[{"href":"https:\/\/zbranebudai.sk\/hu\/wp-json\/wp\/v2\/product\/16451","targetHints":{"allow":["GET"]}}],"collection":[{"href":"https:\/\/zbranebudai.sk\/hu\/wp-json\/wp\/v2\/product"}],"about":[{"href":"https:\/\/zbranebudai.sk\/hu\/wp-json\/wp\/v2\/types\/product"}],"wp:featuredmedia":[{"embeddable":true,"href":"https:\/\/zbranebudai.sk\/hu\/wp-json\/wp\/v2\/media\/16547"}],"wp:attachment":[{"href":"https:\/\/zbranebudai.sk\/hu\/wp-json\/wp\/v2\/media?parent=16451"}],"wp:term":[{"taxonomy":"product_brand","embeddable":true,"href":"https:\/\/zbranebudai.sk\/hu\/wp-json\/wp\/v2\/product_brand?post=16451"},{"taxonomy":"product_cat","embeddable":true,"href":"https:\/\/zbranebudai.sk\/hu\/wp-json\/wp\/v2\/product_cat?post=16451"},{"taxonomy":"product_tag","embeddable":true,"href":"https:\/\/zbranebudai.sk\/hu\/wp-json\/wp\/v2\/product_tag?post=16451"}],"curies":[{"name":"wp","href":"https:\/\/api.w.org\/{rel}","templated":true}]}}