{"id":16438,"date":"2025-07-22T10:08:16","date_gmt":"2025-07-22T08:08:16","guid":{"rendered":"https:\/\/zbranebudai.sk\/?post_type=product&#038;p=16438"},"modified":"2026-02-21T13:35:04","modified_gmt":"2026-02-21T11:35:04","slug":"hikmicro-falcon-fq50l-2-0-kezi-hokamera-kereso-beepitett-tavmerovel","status":"publish","type":"product","link":"https:\/\/zbranebudai.sk\/hu\/product\/hikmicro-falcon-fq50l-2-0-kezi-hokamera-kereso-beepitett-tavmerovel\/","title":{"rendered":"Hikmicro FALCON FQ50L 2.0 h\u0151kamera keres\u0151 be\u00e9p\u00edtett l\u00e9zeres t\u00e1vols\u00e1gm\u00e9r\u0151vel"},"content":{"rendered":"<p><strong>Hikmicro FALCON FQ50L 2.0 h\u0151kamera keres\u0151 be\u00e9p\u00edtett l\u00e9zeres t\u00e1vols\u00e1gm\u00e9r\u0151vel<\/strong><\/p>\n<p data-start=\"105\" data-end=\"257\">A szeme v\u00e1gyik a r\u00e9szletekre? Csatlakoztassa hozz\u00e1 a Falcon 2.0 monokul\u00e1rt, \u00e9s nem fogja tudni, hov\u00e1 n\u00e9zzen el\u0151sz\u00f6r! Nem fog tudni elszakadni ett\u0151l az \u00e9lm\u00e9nyt\u0151l.<\/p>\n<p data-start=\"259\" data-end=\"281\"><strong data-start=\"259\" data-end=\"281\">F\u0151 jellemz\u0151k:<\/strong><\/p>\n<ul>\n<li data-start=\"284\" data-end=\"316\">H\u0151kamera \u00e9rz\u00e9kel\u0151 640 \u00d7 512 px<\/li>\n<li data-start=\"319\" data-end=\"347\">H\u0151\u00e9rz\u00e9kenys\u00e9g \u2264 15 mK<\/li>\n<li data-start=\"350\" data-end=\"386\">\u00c9rz\u00e9kel\u00e9s 2600 m-ig<\/li>\n<li data-start=\"389\" data-end=\"431\">Az objekt\u00edvbe integr\u00e1lt l\u00e9zeres t\u00e1vols\u00e1gm\u00e9r\u0151<\/li>\n<li data-start=\"434\" data-end=\"464\">Image Pro 3.0 \u00e9s HSIS funkci\u00f3k<\/li>\n<li data-start=\"467\" data-end=\"491\">Egykezes m\u0171k\u00f6dtet\u00e9s<\/li>\n<\/ul>\n<p data-start=\"493\" data-end=\"729\">A Falcon FQ50L 2.0 monokul\u00e1r 640\u00d7512 px felbont\u00e1s\u00fa h\u0151kamer\u00e1s \u00e9rz\u00e9kel\u0151vel \u00e9s NETD \u2264 15 mK h\u0151m\u00e9rs\u00e9klet\u00e9rz\u00e9kenys\u00e9ggel rendelkezik, hogy a legkisebb h\u0151m\u00e9rs\u00e9kletk\u00fcl\u00f6nbs\u00e9geket is r\u00f6gz\u00edtse, \u00e9s minden k\u00f6r\u00fclm\u00e9nyek k\u00f6z\u00f6tt rendk\u00edv\u00fcl r\u00e9szletes k\u00e9pet adjon.<\/p>\n<p data-start=\"731\" data-end=\"1100\">Az 50 mm-es f\u00f3kuszt\u00e1vols\u00e1g\u00fa \u00e9s 2,7\u00d7-es optikai nagy\u00edt\u00e1s\u00fa objekt\u00edv 2600 m\u00e9teres t\u00e1vols\u00e1gig lehet\u0151v\u00e9 teszi az \u00e9szlel\u00e9st. A kijelz\u0151 kerek \u00e9s n\u00e9gyzet alak\u00fa form\u00e1tum k\u00f6z\u00f6tti v\u00e1lt\u00e1s\u00e1nak lehet\u0151s\u00e9ge a kiv\u00e1l\u00f3 min\u0151s\u00e9g\u0171, 1920 \u00d7 1080 px felbont\u00e1s\u00fa OLED-kijelz\u0151vel kombin\u00e1lva k\u00e9nyelmes megtekint\u00e9st biztos\u00edt. Az objekt\u00edvbe egy prec\u00edz, integr\u00e1lt l\u00e9zeres t\u00e1vols\u00e1gm\u00e9r\u0151 is van, amelynek hat\u00f3t\u00e1vols\u00e1ga ak\u00e1r 1000 m\u00e9ter is lehet.<\/p>\n<p data-start=\"1102\" data-end=\"1322\">A Falcon 2.0 sorozat intelligens z\u00e1r n\u00e9lk\u00fcli korrekci\u00f3val (HSIS) rendelkezik, amely mesters\u00e9ges intelligenci\u00e1t (AI) haszn\u00e1l a k\u00e9sz\u00fcl\u00e9k m\u0171k\u00f6d\u00e9s\u00e9nek optimaliz\u00e1l\u00e1s\u00e1ra, kik\u00fcsz\u00f6b\u00f6lve a zavar\u00f3 kalibr\u00e1ci\u00f3s folyamatokat \u00e9s z\u00f6kken\u0151mentesebb vizu\u00e1lis \u00e9lm\u00e9nyt biztos\u00edtva.<\/p>\n<p data-start=\"1324\" data-end=\"1584\">A k\u00e9sz\u00fcl\u00e9k emellett az Image Pro 3.0-t is haszn\u00e1lja, amely jelent\u0151sen jav\u00edtja a k\u00e9pfeldolgoz\u00e1st \u00e9s a r\u00e9szletmegjelen\u00edt\u00e9st. A kor\u00e1bbi verzi\u00f3hoz k\u00e9pest elt\u00e1vol\u00edtja a h\u00e1tt\u00e9rb\u0151l a zavar\u00f3 elemeket, \u00e9s sim\u00edtott k\u00e9pet biztos\u00edt, amely a c\u00e9lpont \u00e9s a terepen l\u00e9v\u0151 akad\u00e1lyok pontos \u00e1br\u00e1zol\u00e1s\u00e1ra \u00f6sszpontos\u00edt.<\/p>\n<p data-start=\"1586\" data-end=\"1907\">A monokul\u00e1r 64 GB be\u00e9p\u00edtett mem\u00f3ri\u00e1val rendelkezik, amely b\u0151s\u00e9ges helyet k\u00edn\u00e1l a f\u00e9nyk\u00e9pek \u00e9s vide\u00f3k t\u00e1rol\u00e1s\u00e1ra, bele\u00e9rtve a hangfelv\u00e9teleket is. A felv\u00e9teleket k\u00f6zvetlen\u00fcl a k\u00e9sz\u00fcl\u00e9ken vagy a Hikmicro Sight alkalmaz\u00e1son kereszt\u00fcl tekintheti meg. A sz\u00e1m\u00edt\u00f3g\u00e9phez val\u00f3 egyszer\u0171 csatlakoztat\u00e1shoz vagy adatmegoszt\u00e1shoz USB-C csatlakoz\u00f3 \u00e1ll rendelkez\u00e9sre.<\/p>\n<p data-start=\"1909\" data-end=\"2143\">A nagy teljes\u00edtm\u00e9ny\u0171 21700-as akkumul\u00e1tornak k\u00f6sz\u00f6nhet\u0151en a Falcon 2.0 ak\u00e1r 6 \u00f3r\u00e1s folyamatos m\u0171k\u00f6d\u00e9st biztos\u00edt. A tart\u00f3s, IP67-es besorol\u00e1s\u00fa konstrukci\u00f3 megv\u00e9di a monokul\u00e1rt a port\u00f3l \u00e9s a v\u00edzt\u0151l, \u00edgy ide\u00e1lis t\u00e1rs a zord k\u00f6rnyezetekben.<\/p>\n<p data-start=\"2145\" data-end=\"2398\">A vez\u00e9rl\u0151gombok k\u00f6zel\u00e9ben tal\u00e1lhat\u00f3 f\u00f3kuszker\u00e9k k\u00e9nyelmes egykezes kezel\u00e9st tesz lehet\u0151v\u00e9. A kompakt m\u00e9retek \u00e9s a mind\u00f6ssze 583 g-os s\u00faly garant\u00e1lja a k\u00e9nyelmes haszn\u00e1latot, \u00edgy a Falcon 2.0 ide\u00e1lis eszk\u00f6z minden szabadt\u00e9ri tev\u00e9kenys\u00e9ghez.<\/p>\n<table dir=\"ltr\" style=\"width: 932px\" border=\"1\" cellspacing=\"0\" cellpadding=\"0\" data-sheets-root=\"1\" data-sheets-baot=\"1\">\n<colgroup>\n<col width=\"140\" \/>\n<col width=\"73\" \/><\/colgroup>\n<tbody>\n<tr>\n<td style=\"width: 471.6px\">Param\u00e9ter<\/td>\n<td style=\"width: 455.6px\">\u00c9rt\u00e9k<\/td>\n<\/tr>\n<tr>\n<td style=\"width: 471.6px\">Wi-Fi<\/td>\n<td style=\"width: 455.6px\">Igen<\/td>\n<\/tr>\n<tr>\n<td style=\"width: 471.6px\">\u00c9rz\u00e9kel\u0151<\/td>\n<td style=\"width: 455.6px\">\n<div>\n<div>640 \u00d7 512 px<\/div>\n<\/div>\n<\/td>\n<\/tr>\n<tr>\n<td style=\"width: 471.6px\">H\u0151\u00e9rz\u00e9kenys\u00e9g<\/td>\n<td style=\"width: 455.6px\">\u2264 15 mK<\/td>\n<\/tr>\n<tr>\n<td style=\"width: 471.6px\">Kijelz\u0151 felbont\u00e1sa<\/td>\n<td style=\"width: 455.6px\">\n<div>\n<div>1920 \u00d7 1080 px<\/div>\n<\/div>\n<\/td>\n<\/tr>\n<tr>\n<td style=\"width: 471.6px\">Objekt\u00edv<\/td>\n<td style=\"width: 455.6px\">50 mm<\/td>\n<\/tr>\n<tr>\n<td style=\"width: 471.6px\">\u00c9rz\u00e9kel\u00e9si t\u00e1vols\u00e1g<\/td>\n<td style=\"width: 455.6px\">2600 m<\/td>\n<\/tr>\n<tr>\n<td style=\"width: 471.6px\">Optikai nagy\u00edt\u00e1s<\/td>\n<td style=\"width: 455.6px\">2,7\u00d7<\/td>\n<\/tr>\n<tr>\n<td style=\"width: 471.6px\">Digit\u00e1lis zoom<\/td>\n<td style=\"width: 455.6px\">8\u00d7<\/td>\n<\/tr>\n<tr>\n<td style=\"width: 471.6px\">L\u00e1t\u00f3mez\u0151<\/td>\n<td style=\"width: 455.6px\">8,8\u00b0 \u00d7 7,0\u00b0<\/td>\n<\/tr>\n<tr>\n<td style=\"width: 471.6px\">Dioptri\u00e1s korrekci\u00f3<\/td>\n<td style=\"width: 455.6px\">\n<div>\n<div>-5 D-t\u0151l +3 D-ig<\/div>\n<\/div>\n<\/td>\n<\/tr>\n<tr>\n<td style=\"width: 471.6px\">L\u00e9zeres t\u00e1vols\u00e1gm\u00e9r\u0151<\/td>\n<td style=\"width: 455.6px\">\n<div>\n<div>Igen, hat\u00f3t\u00e1vols\u00e1g 1000 m<\/div>\n<\/div>\n<\/td>\n<\/tr>\n<tr>\n<td style=\"width: 471.6px\">F\u00e9nyk\u00e9pez\u00e9s<\/td>\n<td style=\"width: 455.6px\">Igen<\/td>\n<\/tr>\n<tr>\n<td style=\"width: 471.6px\">Vide\u00f3felv\u00e9tel<\/td>\n<td style=\"width: 455.6px\">Igen<\/td>\n<\/tr>\n<tr>\n<td style=\"width: 471.6px\">Hangfelv\u00e9tel<\/td>\n<td style=\"width: 455.6px\">Igen<\/td>\n<\/tr>\n<tr>\n<td style=\"width: 471.6px\">V\u00e9delmi fokozat<\/td>\n<td style=\"width: 455.6px\">IP67<\/td>\n<\/tr>\n<tr>\n<td style=\"width: 471.6px\">Mem\u00f3ria<\/td>\n<td style=\"width: 455.6px\">\n<div>\n<div>Be\u00e9p\u00edtett, 64 GB<\/div>\n<\/div>\n<\/td>\n<\/tr>\n<tr>\n<td style=\"width: 471.6px\">\u00dczemi h\u0151m\u00e9rs\u00e9klet<\/td>\n<td style=\"width: 455.6px\">\n<div>\n<div>-30 \u00b0C \u00e9s +55 \u00b0C k\u00f6z\u00f6tt<\/div>\n<\/div>\n<\/td>\n<\/tr>\n<tr>\n<td style=\"width: 471.6px\">Akkumul\u00e1tor<\/td>\n<td style=\"width: 455.6px\">\n<div>\n<div>1\u00d7 csere 21700<\/div>\n<\/div>\n<\/td>\n<\/tr>\n<tr>\n<td style=\"width: 471.6px\">Az akkumul\u00e1tor \u00e9lettartama<\/td>\n<td style=\"width: 455.6px\">ak\u00e1r 6 \u00f3ra.<\/td>\n<\/tr>\n<tr>\n<td style=\"width: 471.6px\">S\u00faly<\/td>\n<td style=\"width: 455.6px\">583 g<\/td>\n<\/tr>\n<tr>\n<td style=\"width: 471.6px\">M\u00e9retek<\/td>\n<td style=\"width: 455.6px\">\n<div>\n<div>213 \u00d7 70 \u00d7 83 mm<\/div>\n<\/div>\n<\/td>\n<\/tr>\n<\/tbody>\n<\/table>\n<div><\/div>\n<p data-start=\"147\" data-end=\"165\"><strong data-start=\"147\" data-end=\"165\">A csomag tartalma:<\/strong><\/p>\n<ul>\n<li data-start=\"169\" data-end=\"217\">HIKMICRO Falcon FQ50L 2.0<\/li>\n<li data-start=\"220\" data-end=\"250\">2\u00d7 \u00fajrat\u00f6lthet\u0151 akkumul\u00e1tor 21700<\/li>\n<li data-start=\"253\" data-end=\"278\">1\u00d7 akkumul\u00e1tort\u00f6lt\u0151<\/li>\n<li data-start=\"281\" data-end=\"297\">1\u00d7 USB-C k\u00e1bel<\/li>\n<li data-start=\"300\" data-end=\"317\">1\u00d7 nyaki hurok<\/li>\n<li data-start=\"320\" data-end=\"338\">1\u00d7 k\u00e9zi hurok<\/li>\n<li data-start=\"341\" data-end=\"362\">H\u0151kamera tok<\/li>\n<li data-start=\"365\" data-end=\"386\">Optikatiszt\u00edt\u00f3 kend\u0151<\/li>\n<li data-start=\"389\" data-end=\"394\">Haszn\u00e1lati \u00fatmutat\u00f3<\/li>\n<\/ul>\n<p>Hivatalos m\u00e1rkaoldal: <a href=\"https:\/\/www.hikmicrotech.com\/hu\/outdoor-products\/falcon-2-0-thermal-monocular\/\">https:\/\/www.hikmicrotech.com\/hu\/outdoor-products\/falcon-2-0-thermal-monocular\/<\/a><\/p>","protected":false},"excerpt":{"rendered":"<p><strong data-start=\"0\" data-end=\"72\">H\u0151kamera keres\u0151 be\u00e9p\u00edtett l\u00e9zeres t\u00e1vols\u00e1gm\u00e9r\u0151vel<\/strong><\/p>\n<ul>\n<li>\u00c9rz\u00e9kel\u0151: 640 \u00d7 512 px, 12 \u03bcm.<\/li>\n<li>Objekt\u00edv: 50 mm.<\/li>\n<li>A h\u0151\u00e9kenys\u00e9g: \u2264 15 mK.<\/li>\n<li>\u00c9rz\u00e9kel\u00e9si t\u00e1vols\u00e1g: 2600 m.<\/li>\n<li>Optikai nagy\u00edt\u00e1s: 2,7\u00d7.<\/li>\n<li>Megjelen\u00edt\u00e9s: 1080 px.<\/li>\n<li>Jellemz\u0151: Image Pro 3.0.<\/li>\n<li>T\u00e1pegys\u00e9g: 1\u00d7 cser\u00e9lhet\u0151 21700 t\u00edpus\u00fa akkumul\u00e1tor.<\/li>\n<li>Az akkumul\u00e1tor \u00e9lettartama: ak\u00e1r 6 \u00f3ra.<\/li>\n<li>Haszn\u00e1lati \u00fatmutat\u00f3<\/li>\n<\/ul>","protected":false},"featured_media":16497,"template":"","meta":{"_gspb_post_css":""},"product_brand":[315],"product_cat":[21,144,327],"product_tag":[338,150,347,337],"class_list":{"0":"post-16438","1":"product","2":"type-product","3":"status-publish","4":"has-post-thumbnail","6":"product_brand-hikmicro","7":"product_cat-optika","8":"product_cat-termovizie","9":"product_cat-termovizne-monokulary","10":"product_tag-falcon","11":"product_tag-hikmicro","12":"product_tag-laserovy-dialkomer","13":"product_tag-termovizny-monokular","15":"first","16":"instock","17":"sale","18":"taxable","19":"shipping-taxable","20":"purchasable","21":"product-type-simple"},"ct_brands":[{"id":315,"name":"Hikmicro","slug":"hikmicro"}],"_links":{"self":[{"href":"https:\/\/zbranebudai.sk\/hu\/wp-json\/wp\/v2\/product\/16438","targetHints":{"allow":["GET"]}}],"collection":[{"href":"https:\/\/zbranebudai.sk\/hu\/wp-json\/wp\/v2\/product"}],"about":[{"href":"https:\/\/zbranebudai.sk\/hu\/wp-json\/wp\/v2\/types\/product"}],"wp:featuredmedia":[{"embeddable":true,"href":"https:\/\/zbranebudai.sk\/hu\/wp-json\/wp\/v2\/media\/16497"}],"wp:attachment":[{"href":"https:\/\/zbranebudai.sk\/hu\/wp-json\/wp\/v2\/media?parent=16438"}],"wp:term":[{"taxonomy":"product_brand","embeddable":true,"href":"https:\/\/zbranebudai.sk\/hu\/wp-json\/wp\/v2\/product_brand?post=16438"},{"taxonomy":"product_cat","embeddable":true,"href":"https:\/\/zbranebudai.sk\/hu\/wp-json\/wp\/v2\/product_cat?post=16438"},{"taxonomy":"product_tag","embeddable":true,"href":"https:\/\/zbranebudai.sk\/hu\/wp-json\/wp\/v2\/product_tag?post=16438"}],"curies":[{"name":"wp","href":"https:\/\/api.w.org\/{rel}","templated":true}]}}