{"id":16437,"date":"2025-07-22T10:08:16","date_gmt":"2025-07-22T08:08:16","guid":{"rendered":"https:\/\/zbranebudai.sk\/?post_type=product&#038;p=16437"},"modified":"2026-02-21T13:22:50","modified_gmt":"2026-02-21T11:22:50","slug":"hikmicro-falcon-fq50-2-0-kezi-hokamera-kereso","status":"publish","type":"product","link":"https:\/\/zbranebudai.sk\/hu\/product\/hikmicro-falcon-fq50-2-0-kezi-hokamera-kereso\/","title":{"rendered":"Hikmicro FALCON FQ50 2.0 h\u0151kamera keres\u0151"},"content":{"rendered":"<p><strong>Hikmicro FALCON FQ50 2.0 h\u0151kamera keres\u0151<\/strong><\/p>\n<p data-start=\"0\" data-end=\"152\">A szeme v\u00e1gyik a r\u00e9szletekre? Csatlakoztassa hozz\u00e1 a Falcon 2.0 monokul\u00e1rt, \u00e9s nem fogja tudni, hov\u00e1 n\u00e9zzen el\u0151sz\u00f6r! Nem fog tudni elszakadni ett\u0151l az \u00e9lm\u00e9nyt\u0151l.<\/p>\n<p data-start=\"154\" data-end=\"176\"><strong data-start=\"154\" data-end=\"176\">F\u0151 jellemz\u0151k:<\/strong><\/p>\n<ul>\n<li data-start=\"179\" data-end=\"211\">H\u0151kamera \u00e9rz\u00e9kel\u0151 640 \u00d7 512 px<\/li>\n<li data-start=\"214\" data-end=\"242\">H\u0151\u00e9rz\u00e9kenys\u00e9g \u2264 15 mK<\/li>\n<li data-start=\"245\" data-end=\"281\">\u00c9rz\u00e9kel\u00e9s 2600 m-ig<\/li>\n<li data-start=\"284\" data-end=\"314\">Image Pro 3.0 \u00e9s HSIS funkci\u00f3k<\/li>\n<li data-start=\"317\" data-end=\"341\">Egykezes m\u0171k\u00f6dtet\u00e9s<\/li>\n<\/ul>\n<p data-start=\"343\" data-end=\"578\">A Falcon FQ50 2.0 monokul\u00e1r 640\u00d7512 px felbont\u00e1s\u00fa h\u0151kamer\u00e1s \u00e9rz\u00e9kel\u0151vel \u00e9s NETD \u2264 15 mK h\u0151m\u00e9rs\u00e9klet-\u00e9rz\u00e9kenys\u00e9ggel van felszerelve, hogy a legkisebb h\u0151m\u00e9rs\u00e9klet-k\u00fcl\u00f6nbs\u00e9geket is r\u00f6gz\u00edtse, \u00e9s minden k\u00f6r\u00fclm\u00e9nyek k\u00f6z\u00f6tt rendk\u00edv\u00fcl r\u00e9szletes k\u00e9pet adjon.<\/p>\n<p data-start=\"580\" data-end=\"863\">Az 50 mm-es f\u00f3kuszt\u00e1vols\u00e1g\u00fa \u00e9s 2,7\u00d7-es optikai nagy\u00edt\u00e1s\u00fa objekt\u00edv 2600 m\u00e9teres t\u00e1vols\u00e1gig lehet\u0151v\u00e9 teszi az \u00e9szlel\u00e9st. A kijelz\u0151 kerek \u00e9s n\u00e9gyzetes form\u00e1tum k\u00f6z\u00f6tti v\u00e1lt\u00e1s\u00e1nak lehet\u0151s\u00e9ge a kiv\u00e1l\u00f3 min\u0151s\u00e9g\u0171, 1920 \u00d7 1080 px felbont\u00e1s\u00fa OLED-kijelz\u0151vel egy\u00fctt k\u00e9nyelmes megtekint\u00e9st biztos\u00edt.<\/p>\n<p data-start=\"865\" data-end=\"1085\">A Falcon 2.0 sorozat intelligens z\u00e1r n\u00e9lk\u00fcli korrekci\u00f3val (HSIS) rendelkezik, amely mesters\u00e9ges intelligenci\u00e1t (AI) haszn\u00e1l a k\u00e9sz\u00fcl\u00e9k m\u0171k\u00f6d\u00e9s\u00e9nek optimaliz\u00e1l\u00e1s\u00e1ra, kik\u00fcsz\u00f6b\u00f6lve a zavar\u00f3 kalibr\u00e1ci\u00f3s folyamatokat \u00e9s z\u00f6kken\u0151mentesebb vizu\u00e1lis \u00e9lm\u00e9nyt biztos\u00edtva.<\/p>\n<p data-start=\"1087\" data-end=\"1347\">A k\u00e9sz\u00fcl\u00e9k emellett az Image Pro 3.0-t is haszn\u00e1lja, amely jelent\u0151sen jav\u00edtja a k\u00e9pfeldolgoz\u00e1st \u00e9s a r\u00e9szletmegjelen\u00edt\u00e9st. A kor\u00e1bbi verzi\u00f3hoz k\u00e9pest elt\u00e1vol\u00edtja a h\u00e1tt\u00e9rb\u0151l a zavar\u00f3 elemeket, \u00e9s sim\u00edtott k\u00e9pet biztos\u00edt, amely a c\u00e9lpont \u00e9s a terepen l\u00e9v\u0151 akad\u00e1lyok pontos \u00e1br\u00e1zol\u00e1s\u00e1ra \u00f6sszpontos\u00edt.<\/p>\n<p data-start=\"1349\" data-end=\"1670\">A monokul\u00e1r 64 GB be\u00e9p\u00edtett mem\u00f3ri\u00e1val rendelkezik, amely b\u0151s\u00e9ges helyet k\u00edn\u00e1l a f\u00e9nyk\u00e9pek \u00e9s vide\u00f3k t\u00e1rol\u00e1s\u00e1ra, bele\u00e9rtve a hangfelv\u00e9teleket is. A felv\u00e9teleket k\u00f6zvetlen\u00fcl a k\u00e9sz\u00fcl\u00e9ken vagy a Hikmicro Sight alkalmaz\u00e1son kereszt\u00fcl tekintheti meg. A sz\u00e1m\u00edt\u00f3g\u00e9phez val\u00f3 egyszer\u0171 csatlakoztat\u00e1shoz vagy adatmegoszt\u00e1shoz USB-C csatlakoz\u00f3 \u00e1ll rendelkez\u00e9sre.<\/p>\n<p data-start=\"1672\" data-end=\"1909\">A nagy teljes\u00edtm\u00e9ny\u0171 21700-as akkumul\u00e1tornak k\u00f6sz\u00f6nhet\u0151en a Falcon 2.0 ak\u00e1r 6,5 \u00f3r\u00e1s folyamatos m\u0171k\u00f6d\u00e9st biztos\u00edt. A tart\u00f3s, IP67-es besorol\u00e1s\u00fa konstrukci\u00f3 megv\u00e9di a monokul\u00e1rt a port\u00f3l \u00e9s a v\u00edzt\u0151l, \u00edgy ide\u00e1lis t\u00e1rs a zord k\u00f6r\u00fclm\u00e9nyek k\u00f6z\u00f6tt is.<\/p>\n<p data-start=\"1911\" data-end=\"2164\" data-is-last-node=\"\" data-is-only-node=\"\">A vez\u00e9rl\u0151gombok k\u00f6zel\u00e9ben tal\u00e1lhat\u00f3 f\u00f3kuszker\u00e9k k\u00e9nyelmes egykezes kezel\u00e9st tesz lehet\u0151v\u00e9. A kompakt m\u00e9retek \u00e9s a mind\u00f6ssze 570 g-os s\u00faly garant\u00e1lja a k\u00e9nyelmes haszn\u00e1latot, \u00edgy a Falcon 2.0 ide\u00e1lis eszk\u00f6z minden szabadt\u00e9ri tev\u00e9kenys\u00e9ghez.<\/p>\n<table class=\"w-fit min-w-(--thread-content-width)\" style=\"width: 946px\" data-start=\"0\" data-end=\"615\" data-is-last-node=\"\" data-is-only-node=\"\">\n<thead data-start=\"0\" data-end=\"23\">\n<tr data-start=\"0\" data-end=\"23\">\n<th class=\"\" style=\"width: 438.188px\" data-start=\"0\" data-end=\"12\" data-col-size=\"sm\">Param\u00e9ter<\/th>\n<th class=\"\" style=\"width: 494.212px\" data-start=\"12\" data-end=\"23\" data-col-size=\"sm\">\u00c9rt\u00e9k<\/th>\n<\/tr>\n<\/thead>\n<tbody data-start=\"34\" data-end=\"615\" data-is-last-node=\"\">\n<tr data-start=\"34\" data-end=\"49\">\n<td style=\"width: 438.188px\" data-start=\"34\" data-end=\"42\" data-col-size=\"sm\">Wi-Fi<\/td>\n<td style=\"width: 494.212px\" data-start=\"42\" data-end=\"49\" data-col-size=\"sm\">Igen<\/td>\n<\/tr>\n<tr data-start=\"50\" data-end=\"75\">\n<td style=\"width: 438.188px\" data-start=\"50\" data-end=\"59\" data-col-size=\"sm\">\u00c9rz\u00e9kel\u0151<\/td>\n<td style=\"width: 494.212px\" data-start=\"59\" data-end=\"75\" data-col-size=\"sm\">640 \u00d7 512 px<\/td>\n<\/tr>\n<tr data-start=\"76\" data-end=\"108\">\n<td style=\"width: 438.188px\" data-start=\"76\" data-end=\"97\" data-col-size=\"sm\">H\u0151\u00e9rz\u00e9kenys\u00e9g<\/td>\n<td style=\"width: 494.212px\" data-col-size=\"sm\" data-start=\"97\" data-end=\"108\">\u2264 15 mK<\/td>\n<\/tr>\n<tr data-start=\"109\" data-end=\"149\">\n<td style=\"width: 438.188px\" data-start=\"109\" data-end=\"131\" data-col-size=\"sm\">Kijelz\u0151 felbont\u00e1sa<\/td>\n<td style=\"width: 494.212px\" data-col-size=\"sm\" data-start=\"131\" data-end=\"149\">1920 \u00d7 1080 px<\/td>\n<\/tr>\n<tr data-start=\"150\" data-end=\"169\">\n<td style=\"width: 438.188px\" data-start=\"150\" data-end=\"160\" data-col-size=\"sm\">Objekt\u00edv<\/td>\n<td style=\"width: 494.212px\" data-col-size=\"sm\" data-start=\"160\" data-end=\"169\">50 mm<\/td>\n<\/tr>\n<tr data-start=\"170\" data-end=\"203\">\n<td style=\"width: 438.188px\" data-start=\"170\" data-end=\"193\" data-col-size=\"sm\">\u00c9rz\u00e9kel\u00e9si t\u00e1vols\u00e1g<\/td>\n<td style=\"width: 494.212px\" data-start=\"193\" data-end=\"203\" data-col-size=\"sm\">2600 m<\/td>\n<\/tr>\n<tr data-start=\"204\" data-end=\"232\">\n<td style=\"width: 438.188px\" data-start=\"204\" data-end=\"224\" data-col-size=\"sm\">Optikai nagy\u00edt\u00e1s<\/td>\n<td style=\"width: 494.212px\" data-col-size=\"sm\" data-start=\"224\" data-end=\"232\">2,7\u00d7<\/td>\n<\/tr>\n<tr data-start=\"233\" data-end=\"256\">\n<td style=\"width: 438.188px\" data-start=\"233\" data-end=\"250\" data-col-size=\"sm\">Digit\u00e1lis zoom<\/td>\n<td style=\"width: 494.212px\" data-col-size=\"sm\" data-start=\"250\" data-end=\"256\">8\u00d7<\/td>\n<\/tr>\n<tr data-start=\"257\" data-end=\"285\">\n<td style=\"width: 438.188px\" data-start=\"257\" data-end=\"270\" data-col-size=\"sm\">L\u00e1t\u00f3mez\u0151<\/td>\n<td style=\"width: 494.212px\" data-start=\"270\" data-end=\"285\" data-col-size=\"sm\">8,8\u00b0 \u00d7 7,0\u00b0<\/td>\n<\/tr>\n<tr data-start=\"286\" data-end=\"324\">\n<td style=\"width: 438.188px\" data-start=\"286\" data-end=\"308\" data-col-size=\"sm\">Dioptri\u00e1s korrekci\u00f3<\/td>\n<td style=\"width: 494.212px\" data-col-size=\"sm\" data-start=\"308\" data-end=\"324\">-5 D-t\u0151l +3 D-ig<\/td>\n<\/tr>\n<tr data-start=\"325\" data-end=\"349\">\n<td style=\"width: 438.188px\" data-start=\"325\" data-end=\"342\" data-col-size=\"sm\">F\u00e9nyk\u00e9pez\u00e9s<\/td>\n<td style=\"width: 494.212px\" data-col-size=\"sm\" data-start=\"342\" data-end=\"349\">Igen<\/td>\n<\/tr>\n<tr data-start=\"350\" data-end=\"376\">\n<td style=\"width: 438.188px\" data-start=\"350\" data-end=\"369\" data-col-size=\"sm\">Vide\u00f3felv\u00e9tel<\/td>\n<td style=\"width: 494.212px\" data-col-size=\"sm\" data-start=\"369\" data-end=\"376\">Igen<\/td>\n<\/tr>\n<tr data-start=\"377\" data-end=\"403\">\n<td style=\"width: 438.188px\" data-start=\"377\" data-end=\"396\" data-col-size=\"sm\">Hangfelv\u00e9tel<\/td>\n<td style=\"width: 494.212px\" data-col-size=\"sm\" data-start=\"396\" data-end=\"403\">Igen<\/td>\n<\/tr>\n<tr data-start=\"404\" data-end=\"429\">\n<td style=\"width: 438.188px\" data-start=\"404\" data-end=\"421\" data-col-size=\"sm\">V\u00e9delmi fokozat<\/td>\n<td style=\"width: 494.212px\" data-start=\"421\" data-end=\"429\" data-col-size=\"sm\">IP67<\/td>\n<\/tr>\n<tr data-start=\"430\" data-end=\"457\">\n<td style=\"width: 438.188px\" data-start=\"430\" data-end=\"438\" data-col-size=\"sm\">Mem\u00f3ria<\/td>\n<td style=\"width: 494.212px\" data-col-size=\"sm\" data-start=\"438\" data-end=\"457\">Be\u00e9p\u00edtett, 64 GB<\/td>\n<\/tr>\n<tr data-start=\"458\" data-end=\"500\">\n<td style=\"width: 438.188px\" data-start=\"458\" data-end=\"480\" data-col-size=\"sm\">\u00dczemi h\u0151m\u00e9rs\u00e9klet<\/td>\n<td style=\"width: 494.212px\" data-col-size=\"sm\" data-start=\"480\" data-end=\"500\">-30 \u00b0C \u00e9s +55 \u00b0C k\u00f6z\u00f6tt<\/td>\n<\/tr>\n<tr data-start=\"501\" data-end=\"531\">\n<td style=\"width: 438.188px\" data-start=\"501\" data-end=\"511\" data-col-size=\"sm\">Akkumul\u00e1tor<\/td>\n<td style=\"width: 494.212px\" data-col-size=\"sm\" data-start=\"511\" data-end=\"531\">1\u00d7 csere 21700<\/td>\n<\/tr>\n<tr data-start=\"532\" data-end=\"563\">\n<td style=\"width: 438.188px\" data-start=\"532\" data-end=\"548\" data-col-size=\"sm\">Az akkumul\u00e1tor \u00e9lettartama<\/td>\n<td style=\"width: 494.212px\" data-col-size=\"sm\" data-start=\"548\" data-end=\"563\">ak\u00e1r 6,5 \u00f3ra.<\/td>\n<\/tr>\n<tr data-start=\"564\" data-end=\"584\">\n<td style=\"width: 438.188px\" data-start=\"564\" data-end=\"575\" data-col-size=\"sm\">S\u00faly<\/td>\n<td style=\"width: 494.212px\" data-col-size=\"sm\" data-start=\"575\" data-end=\"584\">570 g<\/td>\n<\/tr>\n<tr data-start=\"585\" data-end=\"615\" data-is-last-node=\"\">\n<td style=\"width: 438.188px\" data-start=\"585\" data-end=\"595\" data-col-size=\"sm\">M\u00e9retek<\/td>\n<td style=\"width: 494.212px\" data-col-size=\"sm\" data-start=\"595\" data-end=\"615\" data-is-last-node=\"\">205 \u00d7 70 \u00d7 83 mm<\/td>\n<\/tr>\n<\/tbody>\n<\/table>\n<p data-start=\"0\" data-end=\"18\"><strong data-start=\"0\" data-end=\"18\">A csomag tartalma:<\/strong><\/p>\n<ul>\n<li data-start=\"22\" data-end=\"69\">HIKMICRO Falcon FQ50 2.0<\/li>\n<li data-start=\"72\" data-end=\"107\">2\u00d7 21700 t\u00edpus\u00fa \u00fajrat\u00f6lthet\u0151 akkumul\u00e1tor<\/li>\n<li data-start=\"110\" data-end=\"135\">1\u00d7 akkumul\u00e1tort\u00f6lt\u0151<\/li>\n<li data-start=\"138\" data-end=\"154\">1\u00d7 USB-C k\u00e1bel<\/li>\n<li data-start=\"157\" data-end=\"174\">1\u00d7 nyaki hurok<\/li>\n<li data-start=\"177\" data-end=\"195\">1\u00d7 k\u00e9zi hurok<\/li>\n<li data-start=\"198\" data-end=\"219\">H\u0151kamera tok<\/li>\n<li data-start=\"222\" data-end=\"252\">Optikai tiszt\u00edt\u00f3 kend\u0151<\/li>\n<li data-start=\"255\" data-end=\"272\">Haszn\u00e1lati utas\u00edt\u00e1s<\/li>\n<\/ul>\n<p>Hivatalos m\u00e1rkaoldal: <a href=\"https:\/\/www.hikmicrotech.com\/hu\/outdoor-products\/falcon-2-0-thermal-monocular\/\">https:\/\/www.hikmicrotech.com\/hu\/outdoor-products\/falcon-2-0-thermal-monocular\/<\/a><\/p>","protected":false},"excerpt":{"rendered":"<p><strong data-start=\"0\" data-end=\"25\" data-is-only-node=\"\">H\u0151kamera keres\u0151.<\/strong><\/p>\n<ul>\n<li>\u00c9rz\u00e9kel\u0151: 640 \u00d7 512 px, 12 \u03bcm.<\/li>\n<li>Objekt\u00edv: 50 mm.<\/li>\n<li>A h\u0151\u00e9kenys\u00e9g: \u2264 15 mK.<\/li>\n<li>\u00c9rz\u00e9kel\u00e9si t\u00e1vols\u00e1g: 2600 m.<\/li>\n<li>Optikai nagy\u00edt\u00e1s: 2,7\u00d7.<\/li>\n<li>Megjelen\u00edt\u00e9s: 1080 px.<\/li>\n<li>Jellemz\u0151: Image Pro 3.0.<\/li>\n<li>T\u00e1pegys\u00e9g: 1\u00d7 cser\u00e9lhet\u0151 21700 t\u00edpus\u00fa akkumul\u00e1tor.<\/li>\n<li>Az akkumul\u00e1tor \u00e9lettartama: ak\u00e1r 6,5 \u00f3ra.<\/li>\n<li>Men\u00fc \u00e9s haszn\u00e1lati utas\u00edt\u00e1sok.<\/li>\n<\/ul>","protected":false},"featured_media":16486,"template":"","meta":{"_gspb_post_css":""},"product_brand":[315],"product_cat":[21,144,327],"product_tag":[338,150,337],"class_list":{"0":"post-16437","1":"product","2":"type-product","3":"status-publish","4":"has-post-thumbnail","6":"product_brand-hikmicro","7":"product_cat-optika","8":"product_cat-termovizie","9":"product_cat-termovizne-monokulary","10":"product_tag-falcon","11":"product_tag-hikmicro","12":"product_tag-termovizny-monokular","14":"first","15":"instock","16":"taxable","17":"shipping-taxable","18":"purchasable","19":"product-type-simple"},"ct_brands":[{"id":315,"name":"Hikmicro","slug":"hikmicro"}],"_links":{"self":[{"href":"https:\/\/zbranebudai.sk\/hu\/wp-json\/wp\/v2\/product\/16437","targetHints":{"allow":["GET"]}}],"collection":[{"href":"https:\/\/zbranebudai.sk\/hu\/wp-json\/wp\/v2\/product"}],"about":[{"href":"https:\/\/zbranebudai.sk\/hu\/wp-json\/wp\/v2\/types\/product"}],"wp:featuredmedia":[{"embeddable":true,"href":"https:\/\/zbranebudai.sk\/hu\/wp-json\/wp\/v2\/media\/16486"}],"wp:attachment":[{"href":"https:\/\/zbranebudai.sk\/hu\/wp-json\/wp\/v2\/media?parent=16437"}],"wp:term":[{"taxonomy":"product_brand","embeddable":true,"href":"https:\/\/zbranebudai.sk\/hu\/wp-json\/wp\/v2\/product_brand?post=16437"},{"taxonomy":"product_cat","embeddable":true,"href":"https:\/\/zbranebudai.sk\/hu\/wp-json\/wp\/v2\/product_cat?post=16437"},{"taxonomy":"product_tag","embeddable":true,"href":"https:\/\/zbranebudai.sk\/hu\/wp-json\/wp\/v2\/product_tag?post=16437"}],"curies":[{"name":"wp","href":"https:\/\/api.w.org\/{rel}","templated":true}]}}