{"id":16436,"date":"2025-07-22T10:08:16","date_gmt":"2025-07-22T08:08:16","guid":{"rendered":"https:\/\/zbranebudai.sk\/?post_type=product&#038;p=16436"},"modified":"2026-02-21T12:00:33","modified_gmt":"2026-02-21T10:00:33","slug":"hikmicro-condor-cq50l-2-0-kezi-hokamera-kereso-lezeres-tavmerovel","status":"publish","type":"product","link":"https:\/\/zbranebudai.sk\/hu\/product\/hikmicro-condor-cq50l-2-0-kezi-hokamera-kereso-lezeres-tavmerovel\/","title":{"rendered":"Hikmicro CONDOR CQ50L 2.0 k\u00e9zi h\u0151kamera keres\u0151 l\u00e9zeres t\u00e1vm\u00e9r\u0151vel"},"content":{"rendered":"<p><strong>Hikmicro CONDOR CQ50L 2.0 termov\u00edzny monokul\u00e1r s laserov\u00fdm dia\u013ekomerom<\/strong><\/p>\n<div class=\"flex flex-col text-sm pb-25\">\n<article class=\"text-token-text-primary w-full focus:outline-none [--shadow-height:45px] has-data-writing-block:pointer-events-none has-data-writing-block:-mt-(--shadow-height) has-data-writing-block:pt-(--shadow-height) [&amp;:has([data-writing-block])&gt;*]:pointer-events-auto scroll-mt-[calc(var(--header-height)+min(200px,max(70px,20svh)))]\" dir=\"auto\" data-turn-id=\"request-WEB:25b51bd1-f1c6-4a33-b823-51de0f5a21da-15\" data-testid=\"conversation-turn-32\" data-scroll-anchor=\"true\" data-turn=\"assistant\">\n<div class=\"text-base my-auto mx-auto pb-10 [--thread-content-margin:--spacing(4)] @w-sm\/main:[--thread-content-margin:--spacing(6)] @w-lg\/main:[--thread-content-margin:--spacing(16)] px-(--thread-content-margin)\">\n<div class=\"[--thread-content-max-width:40rem] @w-lg\/main:[--thread-content-max-width:48rem] mx-auto max-w-(--thread-content-max-width) flex-1 group\/turn-messages focus-visible:outline-hidden relative flex w-full min-w-0 flex-col agent-turn\">\n<div class=\"flex max-w-full flex-col grow\">\n<div class=\"min-h-8 text-message relative flex w-full flex-col items-end gap-2 text-start break-words whitespace-normal [.text-message+&amp;]:mt-1\" dir=\"auto\" data-message-author-role=\"assistant\" data-message-id=\"eba184d3-bebd-48e3-8ec0-46e5207a9fea\" data-message-model-slug=\"gpt-5-2\">\n<div class=\"flex w-full flex-col gap-1 empty:hidden first:pt-[1px]\">\n<div class=\"markdown prose dark:prose-invert w-full wrap-break-word light markdown-new-styling\">\n<p data-start=\"0\" data-end=\"167\">H\u013ead\u00e1te dokonal\u00e9ho spolo\u010dn\u00edka na ka\u017ed\u00fa v\u00fdpravu? Monokul\u00e1r Condor 2.0 s integrovan\u00fdm laserov\u00fdm dia\u013ekomerom v\u00e1m umo\u017en\u00ed presne prekona\u0165 aj tie najv\u00e4\u010d\u0161ie vzdialenosti.<\/p>\n<p data-start=\"169\" data-end=\"191\"><strong data-start=\"169\" data-end=\"191\">Hlavn\u00e9 vlastnosti:<\/strong><\/p>\n<ul>\n<li data-start=\"194\" data-end=\"226\">Termov\u00edzny senzor 640 \u00d7 512 px<\/li>\n<li data-start=\"229\" data-end=\"257\">Teplotn\u00e1 citlivos\u0165 \u2264 15 mK<\/li>\n<li data-start=\"260\" data-end=\"296\">Detekcia a\u017e do vzdialenosti 2600 m<\/li>\n<li data-start=\"299\" data-end=\"331\">Integrovan\u00fd laserov\u00fd dia\u013ekomer<\/li>\n<li data-start=\"334\" data-end=\"364\">Funkcie Image Pro 3.0 a HSIS<\/li>\n<li data-start=\"367\" data-end=\"391\">Ovl\u00e1danie jednou rukou<\/li>\n<\/ul>\n<p data-start=\"393\" data-end=\"612\">Monokul\u00e1r Condor CQ50L 2.0 je vybaven\u00fd termov\u00edznym senzorom s rozl\u00ed\u0161en\u00edm 640 \u00d7 512 px a teplotnou citlivos\u0165ou NETD \u2264 15 mK, v\u010faka \u010domu dok\u00e1\u017ee zachyti\u0165 aj tie najmen\u0161ie teplotn\u00e9 rozdiely, a to aj v n\u00e1ro\u010dn\u00fdch podmienkach.<\/p>\n<p data-start=\"614\" data-end=\"982\">\u0160o\u0161ovka s ohniskovou vzdialenos\u0165ou 50 mm a optick\u00fdm zv\u00e4\u010d\u0161en\u00edm 2,7\u00d7 umo\u017e\u0148uje detekciu a\u017e na vzdialenos\u0165 2600 metrov. Mo\u017enos\u0165 prepnutia zobrazenia medzi okr\u00fahlym a \u0161tvorcov\u00fdm form\u00e1tom v kombin\u00e1cii s kvalitn\u00fdm OLED displejom s rozl\u00ed\u0161en\u00edm 1920 \u00d7 1080 px zabezpe\u010duje pohodln\u00e9 pozorovanie. Samozrejmos\u0165ou je aj presn\u00fd integrovan\u00fd laserov\u00fd dia\u013ekomer s dosahom a\u017e 1000 metrov.<\/p>\n<p data-start=\"984\" data-end=\"1193\">S\u00e9ria Condor 2.0 disponuje inteligentnou bezz\u00e1verkovou korekciou (HSIS), ktor\u00e1 pomocou umelej inteligencie (AI) optimalizuje chod zariadenia, eliminuje ru\u0161iv\u00e9 kalibra\u010dn\u00e9 procesy a zabezpe\u010duje plynulej\u0161\u00ed obraz.<\/p>\n<p data-start=\"1195\" data-end=\"1455\">Zariadenie vyu\u017e\u00edva aj funkciu Image Pro 3.0, ktor\u00e1 v\u00fdrazne zlep\u0161uje spracovanie obrazu a vykreslenie detailov. Oproti predch\u00e1dzaj\u00facej verzii odstra\u0148uje ru\u0161iv\u00e9 prvky z pozadia a poskytuje vyhladen\u00fd obraz zameran\u00fd na presn\u00e9 zobrazenie cie\u013ea aj prek\u00e1\u017eok v ter\u00e9ne.<\/p>\n<p data-start=\"1457\" data-end=\"1781\">Monokul\u00e1r je vybaven\u00fd vstavanou pam\u00e4\u0165ou s kapacitou 64 GB, ktor\u00e1 poskytuje dostatok priestoru na ukladanie fotografi\u00ed a vide\u00ed vr\u00e1tane zvukov\u00e9ho z\u00e1znamu. Z\u00e1znamy si m\u00f4\u017eete prezera\u0165 priamo v zariaden\u00ed alebo prostredn\u00edctvom aplik\u00e1cie Hikmicro Sight. Na jednoduch\u00e9 pripojenie k po\u010d\u00edta\u010du alebo zdie\u013eanie d\u00e1t sl\u00fa\u017ei USB-C konektor.<\/p>\n<p data-start=\"1783\" data-end=\"2037\">Condor 2.0 je nap\u00e1jan\u00fd v\u00fdkonnou vymenite\u013enou bat\u00e9riou typu 21700, ktor\u00e1 umo\u017e\u0148uje a\u017e 6,5 hodiny nepretr\u017eitej prev\u00e1dzky. Odoln\u00e1 kon\u0161trukcia so stup\u0148om krytia IP67 chr\u00e1ni zariadenie pred prachom a vodou, tak\u017ee je ide\u00e1lnym spolo\u010dn\u00edkom do n\u00e1ro\u010dn\u00fdch podmienok.<\/p>\n<p data-start=\"2039\" data-end=\"2292\" data-is-last-node=\"\" data-is-only-node=\"\">Zaostrovacie koliesko umiestnen\u00e9 v bl\u00edzkosti ovl\u00e1dac\u00edch tla\u010didiel umo\u017e\u0148uje pohodln\u00e9 ovl\u00e1danie jednou rukou. Kompaktn\u00e9 rozmery a hmotnos\u0165 iba 537 g zaru\u010duj\u00fa komfortn\u00e9 pou\u017e\u00edvanie, v\u010faka \u010domu je Condor 2.0 ide\u00e1lnym n\u00e1strojom pre v\u0161etky outdoorov\u00e9 aktivity.<\/p>\n<\/div>\n<\/div>\n<\/div>\n<\/div>\n<div class=\"z-0 flex min-h-[46px] justify-start\">\n<table dir=\"ltr\" style=\"width: 936px\" border=\"1\" cellspacing=\"0\" cellpadding=\"0\" data-sheets-root=\"1\" data-sheets-baot=\"1\">\n<colgroup>\n<col width=\"140\" \/>\n<col width=\"73\" \/><\/colgroup>\n<tbody>\n<tr>\n<td style=\"width: 436.562px\">Parameter<\/td>\n<td style=\"width: 494.638px\">Hodnota<\/td>\n<\/tr>\n<tr>\n<td style=\"width: 436.562px\">Wi-Fi<\/td>\n<td style=\"width: 494.638px\">\u00c1no<\/td>\n<\/tr>\n<tr>\n<td style=\"width: 436.562px\">Senzor<\/td>\n<td style=\"width: 494.638px\">\n<div>\n<div>640 \u00d7 512 px<\/div>\n<\/div>\n<\/td>\n<\/tr>\n<tr>\n<td style=\"width: 436.562px\">Teplotn\u00e1 citlivos\u0165<\/td>\n<td style=\"width: 494.638px\">\u2264 15 mK<\/td>\n<\/tr>\n<tr>\n<td style=\"width: 436.562px\">Rozl\u00ed\u0161enie displeja<\/td>\n<td style=\"width: 494.638px\">\n<div>\n<div>1920 \u00d7 1080 px<\/div>\n<\/div>\n<\/td>\n<\/tr>\n<tr>\n<td style=\"width: 436.562px\">\u0160o\u0161ovka<\/td>\n<td style=\"width: 494.638px\">50 mm<\/td>\n<\/tr>\n<tr>\n<td style=\"width: 436.562px\">Detek\u010dn\u00e1 vzdialenos\u0165<\/td>\n<td style=\"width: 494.638px\">2600 m<\/td>\n<\/tr>\n<tr>\n<td style=\"width: 436.562px\">Optick\u00e9 zv\u00e4\u010d\u0161enie<\/td>\n<td style=\"width: 494.638px\">2,7\u00d7<\/td>\n<\/tr>\n<tr>\n<td style=\"width: 436.562px\">Digit\u00e1lny zoom<\/td>\n<td style=\"width: 494.638px\">8\u00d7<\/td>\n<\/tr>\n<tr>\n<td style=\"width: 436.562px\">Zorn\u00e9 pole<\/td>\n<td style=\"width: 494.638px\">8,8\u00b0 \u00d7 7,0\u00b0<\/td>\n<\/tr>\n<tr>\n<td style=\"width: 436.562px\">Dioptrick\u00e1 korekcia<\/td>\n<td style=\"width: 494.638px\">\n<div>\n<div>-5 D a\u017e +3 D<\/div>\n<\/div>\n<\/td>\n<\/tr>\n<tr>\n<td style=\"width: 436.562px\">Laserov\u00fd dia\u013ekomer<\/td>\n<td style=\"width: 494.638px\">\n<div>\n<div>\u00c1no, dosah 1000 m<\/div>\n<\/div>\n<\/td>\n<\/tr>\n<tr>\n<td style=\"width: 436.562px\">Fotografovanie<\/td>\n<td style=\"width: 494.638px\">\u00c1no<\/td>\n<\/tr>\n<tr>\n<td style=\"width: 436.562px\">Nahr\u00e1vanie videa<\/td>\n<td style=\"width: 494.638px\">\u00c1no<\/td>\n<\/tr>\n<tr>\n<td style=\"width: 436.562px\">Nahr\u00e1vanie zvuku<\/td>\n<td style=\"width: 494.638px\">\u00c1no<\/td>\n<\/tr>\n<tr>\n<td style=\"width: 436.562px\">Stupe\u0148 ochrany<\/td>\n<td style=\"width: 494.638px\">IP67<\/td>\n<\/tr>\n<tr>\n<td style=\"width: 436.562px\">Pam\u00e4\u0165<\/td>\n<td style=\"width: 494.638px\">\n<div>\n<div>Vstavan\u00e1, 64 GB<\/div>\n<\/div>\n<\/td>\n<\/tr>\n<tr>\n<td style=\"width: 436.562px\">Prev\u00e1dzkov\u00e1 teplota<\/td>\n<td style=\"width: 494.638px\">\n<div>\n<div>-30 \u00b0C a\u017e +55 \u00b0C<\/div>\n<\/div>\n<\/td>\n<\/tr>\n<tr>\n<td style=\"width: 436.562px\">Bat\u00e9ria<\/td>\n<td style=\"width: 494.638px\">\n<div>\n<div>1\u00d7 v\u00fdmenn\u00e1 21700<\/div>\n<\/div>\n<\/td>\n<\/tr>\n<tr>\n<td style=\"width: 436.562px\">V\u00fddr\u017e bat\u00e9rie<\/td>\n<td style=\"width: 494.638px\">a\u017e 6,5 hod.<\/td>\n<\/tr>\n<tr>\n<td style=\"width: 436.562px\">Hmotnos\u0165<\/td>\n<td style=\"width: 494.638px\">537 g<\/td>\n<\/tr>\n<tr>\n<td style=\"width: 436.562px\">Rozmery<\/td>\n<td style=\"width: 494.638px\">\n<div>\n<div>193 \u00d7 72 \u00d7 93 mm<\/div>\n<\/div>\n<\/td>\n<\/tr>\n<\/tbody>\n<\/table>\n<\/div>\n<div class=\"mt-3 w-full empty:hidden\">\n<div><\/div>\n<div class=\"text-center\"><strong data-start=\"0\" data-end=\"18\">Obsah balenia:<\/strong><\/div>\n<\/div>\n<\/div>\n<\/div>\n<\/article>\n<\/div>\n<div class=\"pointer-events-none h-px w-px absolute bottom-0\" aria-hidden=\"true\" data-edge=\"true\">\n<ul>\n<li data-start=\"22\" data-end=\"70\">HIKMICRO Condor CQ50L 2.0<\/li>\n<li data-start=\"73\" data-end=\"108\">2\u00d7 nab\u00edjate\u013en\u00e1 bat\u00e9ria typu 21700<\/li>\n<li data-start=\"111\" data-end=\"136\">1\u00d7 nab\u00edja\u010dka na bat\u00e9rie<\/li>\n<li data-start=\"139\" data-end=\"155\">1\u00d7 USB-C k\u00e1bel<\/li>\n<li data-start=\"158\" data-end=\"175\">1\u00d7 p\u00fatko na krk<\/li>\n<li data-start=\"178\" data-end=\"196\">1\u00d7 p\u00fatko na ruku<\/li>\n<li data-start=\"199\" data-end=\"220\">Puzdro na monokul\u00e1r<\/li>\n<li data-start=\"223\" data-end=\"253\">Handri\u010dka na \u010distenie optiky<\/li>\n<li data-start=\"256\" data-end=\"273\">N\u00e1vod na pou\u017eitie<\/li>\n<\/ul>\n<\/div>\n<p>Oficialna str\u00e1nka produktu: <a href=\"https:\/\/www.hikmicrotech.com\/sk\/\">https:\/\/www.hikmicrotech.com\/sk\/<\/a><\/p>\n","protected":false},"excerpt":{"rendered":"<p><strong data-start=\"253\" data-end=\"302\">K\u00e9zi h\u0151kamera keres\u0151 l\u00e9zeres t\u00e1vm\u00e9r\u0151vel<\/strong><\/p>\n<ul>\n<li>\u00c9rz\u00e9kel\u0151: 640 \u00d7 512 px, 12 \u03bcm<\/li>\n<li>Objekt\u00edv: 50 mm<\/li>\n<li>H\u0151kamer\u00e1s \u00e9rz\u00e9kel\u0151 \u00e9rz\u00e9kenys\u00e9ge: \u2264 15 mK<\/li>\n<li>\u00c9rz\u00e9kel\u00e9si t\u00e1vols\u00e1g: 2600 m<\/li>\n<li>Optikai nagy\u00edt\u00e1s: 2,7\u00d7<\/li>\n<li>Megjelen\u00edt\u00e9s: 1080 px<\/li>\n<li>Jellemz\u0151:Image Pro 3.0<\/li>\n<li>T\u00e1pegys\u00e9g: 1\u00d7 cser\u00e9lhet\u0151 akkumul\u00e1tor 21700<\/li>\n<li>Az akkumul\u00e1tor \u00e9lettartama: ak\u00e1r 6,5 \u00f3ra.<\/li>\n<li>Haszn\u00e1lati \u00fatmutat\u00f3<\/li>\n<\/ul>","protected":false},"featured_media":16480,"template":"","meta":{"_gspb_post_css":""},"product_brand":[315],"product_cat":[21,144,327],"product_tag":[346,150,347,337],"class_list":{"0":"post-16436","1":"product","2":"type-product","3":"status-publish","4":"has-post-thumbnail","6":"product_brand-hikmicro","7":"product_cat-optika","8":"product_cat-termovizie","9":"product_cat-termovizne-monokulary","10":"product_tag-condor","11":"product_tag-hikmicro","12":"product_tag-laserovy-dialkomer","13":"product_tag-termovizny-monokular","15":"first","16":"instock","17":"taxable","18":"shipping-taxable","19":"purchasable","20":"product-type-simple"},"ct_brands":[{"id":315,"name":"Hikmicro","slug":"hikmicro"}],"_links":{"self":[{"href":"https:\/\/zbranebudai.sk\/hu\/wp-json\/wp\/v2\/product\/16436","targetHints":{"allow":["GET"]}}],"collection":[{"href":"https:\/\/zbranebudai.sk\/hu\/wp-json\/wp\/v2\/product"}],"about":[{"href":"https:\/\/zbranebudai.sk\/hu\/wp-json\/wp\/v2\/types\/product"}],"wp:featuredmedia":[{"embeddable":true,"href":"https:\/\/zbranebudai.sk\/hu\/wp-json\/wp\/v2\/media\/16480"}],"wp:attachment":[{"href":"https:\/\/zbranebudai.sk\/hu\/wp-json\/wp\/v2\/media?parent=16436"}],"wp:term":[{"taxonomy":"product_brand","embeddable":true,"href":"https:\/\/zbranebudai.sk\/hu\/wp-json\/wp\/v2\/product_brand?post=16436"},{"taxonomy":"product_cat","embeddable":true,"href":"https:\/\/zbranebudai.sk\/hu\/wp-json\/wp\/v2\/product_cat?post=16436"},{"taxonomy":"product_tag","embeddable":true,"href":"https:\/\/zbranebudai.sk\/hu\/wp-json\/wp\/v2\/product_tag?post=16436"}],"curies":[{"name":"wp","href":"https:\/\/api.w.org\/{rel}","templated":true}]}}