{"id":16435,"date":"2025-07-22T10:08:16","date_gmt":"2025-07-22T08:08:16","guid":{"rendered":"https:\/\/zbranebudai.sk\/?post_type=product&#038;p=16435"},"modified":"2026-02-21T10:45:36","modified_gmt":"2026-02-21T08:45:36","slug":"hikmicro-condor-cq35l-2-0-kezi-hokamera-kereso-lezeres-tavmerovel","status":"publish","type":"product","link":"https:\/\/zbranebudai.sk\/hu\/product\/hikmicro-condor-cq35l-2-0-kezi-hokamera-kereso-lezeres-tavmerovel\/","title":{"rendered":"Hikmicro CONDOR CQ35L 2.0 k\u00e9zi h\u0151kamera keres\u0151 l\u00e9zeres t\u00e1vm\u00e9r\u0151vel"},"content":{"rendered":"<p data-start=\"0\" data-end=\"155\"><strong>Hikmicro CONDOR CQ35L 2.0 k\u00e9zi h\u0151kamera keres\u0151 l\u00e9zeres t\u00e1vm\u00e9r\u0151vel<\/strong><\/p>\n<p data-start=\"0\" data-end=\"155\">A t\u00f6k\u00e9letes t\u00e1rsat keresi minden exped\u00edci\u00f3hoz? A Condor 2.0 monokul\u00e1rral \u00e9s a be\u00e9p\u00edtett l\u00e9zeres t\u00e1vols\u00e1gm\u00e9r\u0151vel semmi sem lesz t\u00fal messze az \u00d6n sz\u00e1m\u00e1ra!<\/p>\n<p data-start=\"157\" data-end=\"179\"><strong data-start=\"157\" data-end=\"179\">F\u0151 jellemz\u0151k:<\/strong><\/p>\n<ul data-start=\"180\" data-end=\"379\">\n<li data-start=\"180\" data-end=\"214\">\n<p data-start=\"182\" data-end=\"214\">H\u0151kamera \u00e9rz\u00e9kel\u0151 640 \u00d7 512 px<\/p>\n<\/li>\n<li data-start=\"215\" data-end=\"245\">\n<p data-start=\"217\" data-end=\"245\">H\u0151\u00e9rz\u00e9kenys\u00e9g \u2264 15 mK<\/p>\n<\/li>\n<li data-start=\"246\" data-end=\"284\">\n<p data-start=\"248\" data-end=\"284\">\u00c9rz\u00e9kel\u00e9s 1800 m-ig<\/p>\n<\/li>\n<li data-start=\"285\" data-end=\"319\">\n<p data-start=\"287\" data-end=\"319\">Integr\u00e1lt l\u00e9zeres t\u00e1vols\u00e1gm\u00e9r\u0151<\/p>\n<\/li>\n<li data-start=\"320\" data-end=\"352\">\n<p data-start=\"322\" data-end=\"352\">Image Pro 3.0 \u00e9s HSIS funkci\u00f3k<\/p>\n<\/li>\n<li data-start=\"353\" data-end=\"379\">\n<p data-start=\"355\" data-end=\"379\">Egykezes m\u0171k\u00f6dtet\u00e9s<\/p>\n<\/li>\n<\/ul>\n<p data-start=\"381\" data-end=\"596\">A Condor CQ35L 2.0 monokul\u00e1r 640 \u00d7 512 px-es h\u0151kamer\u00e1s \u00e9rz\u00e9kel\u0151vel \u00e9s NETD \u2264 15 mK h\u0151m\u00e9rs\u00e9klet-\u00e9rz\u00e9kenys\u00e9ggel rendelkezik, amely lehet\u0151v\u00e9 teszi, hogy m\u00e9g a minim\u00e1lis h\u0151m\u00e9rs\u00e9klet-k\u00fcl\u00f6nbs\u00e9geket is r\u00f6gz\u00edtse, m\u00e9g zord k\u00f6rnyezetben is.<\/p>\n<p data-start=\"598\" data-end=\"966\">A 35 mm-es f\u00f3kuszt\u00e1vols\u00e1g\u00fa \u00e9s 1,9\u00d7-es optikai nagy\u00edt\u00e1s\u00fa objekt\u00edv 1800 m\u00e9teres t\u00e1vols\u00e1gig lehet\u0151v\u00e9 teszi az \u00e9szlel\u00e9st. A kijelz\u0151 kerek \u00e9s n\u00e9gyzet alak\u00fa form\u00e1tumok k\u00f6z\u00f6tti v\u00e1lt\u00e1s k\u00e9pess\u00e9ge, valamint a kiv\u00e1l\u00f3 min\u0151s\u00e9g\u0171, 1920 \u00d7 1080 px felbont\u00e1s\u00fa OLED-kijelz\u0151 biztos\u00edtja a k\u00e9nyelmes megtekint\u00e9st. Term\u00e9szetesen van egy pontos integr\u00e1lt l\u00e9zeres t\u00e1vols\u00e1gm\u00e9r\u0151 is, amelynek hat\u00f3t\u00e1vols\u00e1ga ak\u00e1r 1000 m\u00e9ter is lehet.<\/p>\n<p data-start=\"968\" data-end=\"1179\">A Condor 2.0 sorozat intelligens z\u00e1r n\u00e9lk\u00fcli korrekci\u00f3val (HSIS) rendelkezik, amely mesters\u00e9ges intelligenci\u00e1t (AI) haszn\u00e1l a k\u00e9sz\u00fcl\u00e9k m\u0171k\u00f6d\u00e9s\u00e9nek optimaliz\u00e1l\u00e1s\u00e1ra, kik\u00fcsz\u00f6b\u00f6lve a zavar\u00f3 kalibr\u00e1ci\u00f3s folyamatokat \u00e9s biztos\u00edtva a sim\u00e1bb k\u00e9pet.<\/p>\n<p data-start=\"1181\" data-end=\"1441\">A k\u00e9sz\u00fcl\u00e9k emellett az Image Pro 3.0-t is haszn\u00e1lja, amely jelent\u0151sen jav\u00edtja a k\u00e9pfeldolgoz\u00e1st \u00e9s a r\u00e9szletmegjelen\u00edt\u00e9st. A kor\u00e1bbi verzi\u00f3hoz k\u00e9pest elt\u00e1vol\u00edtja a h\u00e1tt\u00e9rb\u0151l a zavar\u00f3 elemeket, \u00e9s sim\u00edtott k\u00e9pet biztos\u00edt, amely a c\u00e9lpont \u00e9s a terepen l\u00e9v\u0151 akad\u00e1lyok pontos \u00e1br\u00e1zol\u00e1s\u00e1ra \u00f6sszpontos\u00edt.<\/p>\n<p data-start=\"1443\" data-end=\"1762\">A monokul\u00e1r be\u00e9p\u00edtett 64 GB mem\u00f3ri\u00e1val rendelkezik, amely b\u0151s\u00e9ges helyet k\u00edn\u00e1l a f\u00e9nyk\u00e9pek \u00e9s vide\u00f3k t\u00e1rol\u00e1s\u00e1ra, bele\u00e9rtve a hangot is. A felv\u00e9teleket k\u00f6zvetlen\u00fcl a k\u00e9sz\u00fcl\u00e9ken vagy a Hikmicro Sight alkalmaz\u00e1son kereszt\u00fcl tekintheti meg. A sz\u00e1m\u00edt\u00f3g\u00e9phez val\u00f3 egyszer\u0171 csatlakoztat\u00e1shoz vagy az adatmegoszt\u00e1shoz USB-C csatlakoz\u00f3 \u00e1ll rendelkez\u00e9sre.<\/p>\n<p data-start=\"1764\" data-end=\"2008\">A Condor 2.0 er\u0151teljes 21700 t\u00edpus\u00fa cser\u00e9lhet\u0151 akkumul\u00e1torral m\u0171k\u00f6dik, amely ak\u00e1r 6,5 \u00f3r\u00e1s folyamatos m\u0171k\u00f6d\u00e9st is lehet\u0151v\u00e9 tesz. A tart\u00f3s, IP67-es besorol\u00e1s\u00fa kialak\u00edt\u00e1s megv\u00e9di a k\u00e9sz\u00fcl\u00e9ket a port\u00f3l \u00e9s a v\u00edzt\u0151l, \u00edgy ide\u00e1lis a zord k\u00f6rnyezetekben.<\/p>\n<p data-start=\"2010\" data-end=\"2263\">A vez\u00e9rl\u0151gombok k\u00f6zel\u00e9ben tal\u00e1lhat\u00f3 f\u00f3kuszker\u00e9k k\u00e9nyelmes egykezes kezel\u00e9st tesz lehet\u0151v\u00e9. A kompakt m\u00e9retek \u00e9s a mind\u00f6ssze 458 g-os s\u00faly garant\u00e1lja a k\u00e9nyelmes haszn\u00e1latot, \u00edgy a Condor 2.0 ide\u00e1lis eszk\u00f6z minden szabadt\u00e9ri tev\u00e9kenys\u00e9ghez.<\/p>\n<p data-start=\"2265\" data-end=\"2372\" data-is-last-node=\"\" data-is-only-node=\"\">A k\u00e9sz\u00fcl\u00e9kekre 3 \u00e9v garanci\u00e1t v\u00e1llalunk, szervizel\u00e9s eset\u00e9n pedig garant\u00e1ljuk a cserek\u00e9sz\u00fcl\u00e9kek k\u00f6lcs\u00f6nz\u00e9s\u00e9t.<\/p>\n<table dir=\"ltr\" style=\"width: 970px\" border=\"1\" cellspacing=\"0\" cellpadding=\"0\" data-sheets-root=\"1\" data-sheets-baot=\"1\">\n<colgroup>\n<col width=\"140\" \/>\n<col width=\"73\" \/><\/colgroup>\n<tbody>\n<tr>\n<td style=\"width: 456.862px\">Param\u00e9ter<\/td>\n<td style=\"width: 508.337px\">\u00c9rt\u00e9k<\/td>\n<\/tr>\n<tr>\n<td style=\"width: 456.862px\">Wi-Fi<\/td>\n<td style=\"width: 508.337px\">Igen<\/td>\n<\/tr>\n<tr>\n<td style=\"width: 456.862px\">\u00c9rz\u00e9kel\u0151<\/td>\n<td style=\"width: 508.337px\">\n<div>\n<div>640 \u00d7 512 px<\/div>\n<\/div>\n<\/td>\n<\/tr>\n<tr>\n<td style=\"width: 456.862px\">H\u0151\u00e9rz\u00e9kenys\u00e9g<\/td>\n<td style=\"width: 508.337px\">\u2264 15 mK<\/td>\n<\/tr>\n<tr>\n<td style=\"width: 456.862px\">Kijelz\u0151 felbont\u00e1sa<\/td>\n<td style=\"width: 508.337px\">\n<div>\n<div>1920 \u00d7 1080 px<\/div>\n<\/div>\n<\/td>\n<\/tr>\n<tr>\n<td style=\"width: 456.862px\">Objekt\u00edv<\/td>\n<td style=\"width: 508.337px\">35 mm<\/td>\n<\/tr>\n<tr>\n<td style=\"width: 456.862px\">\u00c9rz\u00e9kel\u00e9si t\u00e1vols\u00e1g<\/td>\n<td style=\"width: 508.337px\">1800 m<\/td>\n<\/tr>\n<tr>\n<td style=\"width: 456.862px\">Optikai nagy\u00edt\u00e1s<\/td>\n<td style=\"width: 508.337px\">1,9\u00d7<\/td>\n<\/tr>\n<tr>\n<td style=\"width: 456.862px\">Digit\u00e1lis zoom<\/td>\n<td style=\"width: 508.337px\">8\u00d7<\/td>\n<\/tr>\n<tr>\n<td style=\"width: 456.862px\">L\u00e1t\u00f3mez\u0151<\/td>\n<td style=\"width: 508.337px\">\n<div>\n<div>12,5\u00b0 \u00d7 10,0\u00b0<\/div>\n<\/div>\n<\/td>\n<\/tr>\n<tr>\n<td style=\"width: 456.862px\">Dioptri\u00e1s korrekci\u00f3<\/td>\n<td style=\"width: 508.337px\">\n<div>\n<div>-5 D-t\u0151l +3 D-ig<\/div>\n<\/div>\n<\/td>\n<\/tr>\n<tr>\n<td style=\"width: 456.862px\">L\u00e9zeres t\u00e1vols\u00e1gm\u00e9r\u0151<\/td>\n<td style=\"width: 508.337px\">\n<div>\n<div>Igen, hat\u00f3t\u00e1vols\u00e1g 1000 m<\/div>\n<\/div>\n<\/td>\n<\/tr>\n<tr>\n<td style=\"width: 456.862px\">F\u00e9nyk\u00e9pez\u00e9s<\/td>\n<td style=\"width: 508.337px\">Igen<\/td>\n<\/tr>\n<tr>\n<td style=\"width: 456.862px\">Vide\u00f3felv\u00e9tel<\/td>\n<td style=\"width: 508.337px\">Igen<\/td>\n<\/tr>\n<tr>\n<td style=\"width: 456.862px\">Hangfelv\u00e9tel<\/td>\n<td style=\"width: 508.337px\">Igen<\/td>\n<\/tr>\n<tr>\n<td style=\"width: 456.862px\">V\u00e9delmi fokozat<\/td>\n<td style=\"width: 508.337px\">IP67<\/td>\n<\/tr>\n<tr>\n<td style=\"width: 456.862px\">Mem\u00f3ria<\/td>\n<td style=\"width: 508.337px\">\n<div>\n<div>Be\u00e9p\u00edtett, 64 GB<\/div>\n<\/div>\n<\/td>\n<\/tr>\n<tr>\n<td style=\"width: 456.862px\">\u00dczemi h\u0151m\u00e9rs\u00e9klet<\/td>\n<td style=\"width: 508.337px\">\n<div>\n<div>-30 \u00b0C \u00e9s +55 \u00b0C k\u00f6z\u00f6tt<\/div>\n<\/div>\n<\/td>\n<\/tr>\n<tr>\n<td style=\"width: 456.862px\">Akkumul\u00e1tor<\/td>\n<td style=\"width: 508.337px\">\n<div>\n<div>1\u00d7 csere 21700<\/div>\n<\/div>\n<\/td>\n<\/tr>\n<tr>\n<td style=\"width: 456.862px\">Az akkumul\u00e1tor \u00e9lettartama<\/td>\n<td style=\"width: 508.337px\">ak\u00e1r 6,5 \u00f3ra.<\/td>\n<\/tr>\n<tr>\n<td style=\"width: 456.862px\">S\u00faly<\/td>\n<td style=\"width: 508.337px\">458 g<\/td>\n<\/tr>\n<tr>\n<td style=\"width: 456.862px\">M\u00e9retek<\/td>\n<td style=\"width: 508.337px\">\n<div>\n<div>179 \u00d7 88 \u00d7 65 mm<\/div>\n<\/div>\n<\/td>\n<\/tr>\n<\/tbody>\n<\/table>\n<p data-start=\"0\" data-end=\"18\"><strong data-start=\"0\" data-end=\"18\">A csomag tartalma:<\/strong><\/p>\n<ul>\n<li data-start=\"22\" data-end=\"70\">HIKMICRO Condor CQ35L 2.0<\/li>\n<li data-start=\"73\" data-end=\"108\">2\u00d7 21700 t\u00edpus\u00fa \u00fajrat\u00f6lthet\u0151 akkumul\u00e1tor<\/li>\n<li data-start=\"111\" data-end=\"136\">1\u00d7 akkumul\u00e1tort\u00f6lt\u0151<\/li>\n<li data-start=\"139\" data-end=\"155\">1\u00d7 USB-C k\u00e1bel<\/li>\n<li data-start=\"158\" data-end=\"175\">1\u00d7 nyaki hurok<\/li>\n<li data-start=\"178\" data-end=\"196\">1\u00d7 k\u00e9zi hurok<\/li>\n<li data-start=\"199\" data-end=\"220\">H\u0151kamera tok<\/li>\n<li data-start=\"223\" data-end=\"253\">Optikai tiszt\u00edt\u00f3 kend\u0151<\/li>\n<li data-start=\"256\" data-end=\"273\">Haszn\u00e1lati utas\u00edt\u00e1s<\/li>\n<\/ul>\n<p>Hivatalos term\u00e9koldal: <a href=\"https:\/\/www.hikmicrotech.com\/hu\/outdoor-products\/condor-2-0-thermal-lrf-monocular\/\">https:\/\/www.hikmicrotech.com\/hu\/outdoor-products\/condor-2-0-thermal-lrf-monocular\/<\/a><\/p>","protected":false},"excerpt":{"rendered":"<p>K\u00e9zi h\u0151kamera keres\u0151 l\u00e9zeres t\u00e1vm\u00e9r\u0151vel<\/p>\n<ul>\n<li>\u00c9rz\u00e9kel\u0151: 640 \u00d7 512 px, 12 \u03bcm.<\/li>\n<li>Objekt\u00edv: 35 mm.<\/li>\n<li>A h\u0151\u00e9kenys\u00e9g: \u2264 15 mK.<\/li>\n<li>\u00c9rz\u00e9kel\u00e9si t\u00e1vols\u00e1g: 1800 m.<\/li>\n<li>Optikai nagy\u00edt\u00e1s: 1,9\u00d7.<\/li>\n<li>Megjelen\u00edt\u00e9s: 1080 px.<\/li>\n<li>Jellemz\u0151: Image Pro 3.0.<\/li>\n<li>T\u00e1pegys\u00e9g: 1\u00d7 cser\u00e9lhet\u0151 akkumul\u00e1tor 21700.<\/li>\n<li>Az akkumul\u00e1tor \u00e9lettartama: 6,5 \u00f3ra.<\/li>\n<li>Haszn\u00e1lati utas\u00edt\u00e1s.<\/li>\n<\/ul>","protected":false},"featured_media":16474,"template":"","meta":{"_gspb_post_css":""},"product_brand":[315],"product_cat":[21,144,327],"product_tag":[346,150,347,337],"class_list":{"0":"post-16435","1":"product","2":"type-product","3":"status-publish","4":"has-post-thumbnail","6":"product_brand-hikmicro","7":"product_cat-optika","8":"product_cat-termovizie","9":"product_cat-termovizne-monokulary","10":"product_tag-condor","11":"product_tag-hikmicro","12":"product_tag-laserovy-dialkomer","13":"product_tag-termovizny-monokular","15":"first","16":"instock","17":"taxable","18":"shipping-taxable","19":"purchasable","20":"product-type-simple"},"ct_brands":[{"id":315,"name":"Hikmicro","slug":"hikmicro"}],"_links":{"self":[{"href":"https:\/\/zbranebudai.sk\/hu\/wp-json\/wp\/v2\/product\/16435","targetHints":{"allow":["GET"]}}],"collection":[{"href":"https:\/\/zbranebudai.sk\/hu\/wp-json\/wp\/v2\/product"}],"about":[{"href":"https:\/\/zbranebudai.sk\/hu\/wp-json\/wp\/v2\/types\/product"}],"wp:featuredmedia":[{"embeddable":true,"href":"https:\/\/zbranebudai.sk\/hu\/wp-json\/wp\/v2\/media\/16474"}],"wp:attachment":[{"href":"https:\/\/zbranebudai.sk\/hu\/wp-json\/wp\/v2\/media?parent=16435"}],"wp:term":[{"taxonomy":"product_brand","embeddable":true,"href":"https:\/\/zbranebudai.sk\/hu\/wp-json\/wp\/v2\/product_brand?post=16435"},{"taxonomy":"product_cat","embeddable":true,"href":"https:\/\/zbranebudai.sk\/hu\/wp-json\/wp\/v2\/product_cat?post=16435"},{"taxonomy":"product_tag","embeddable":true,"href":"https:\/\/zbranebudai.sk\/hu\/wp-json\/wp\/v2\/product_tag?post=16435"}],"curies":[{"name":"wp","href":"https:\/\/api.w.org\/{rel}","templated":true}]}}