{"id":16125,"date":"2025-06-19T16:17:46","date_gmt":"2025-06-19T14:17:46","guid":{"rendered":"https:\/\/zbranebudai.sk\/?post_type=product&#038;p=16125"},"modified":"2025-06-19T16:30:06","modified_gmt":"2025-06-19T14:30:06","slug":"cz-584-uhersky-brod","status":"publish","type":"product","link":"https:\/\/zbranebudai.sk\/hu\/product\/cz-584-uhersky-brod\/","title":{"rendered":"\u010cZ 584 - Uhersk\u00fd brod"},"content":{"rendered":"<p>Fegyvert\u00edpus: \u010cZ 584<br \/>\nA fegyver kalibere: 7x57R\/12<\/p>\n<p>&nbsp;<\/p>","protected":false},"excerpt":{"rendered":"<p><strong>\u00c1r: alkuk\u00e9pes<\/strong><\/p>","protected":false},"featured_media":16126,"template":"","meta":{"_gspb_post_css":""},"product_brand":[2276],"product_cat":[2275],"product_tag":[2277],"class_list":{"0":"post-16125","1":"product","2":"type-product","3":"status-publish","4":"has-post-thumbnail","6":"product_brand-cz","7":"product_cat-bazar","8":"product_tag-bazar","10":"first","11":"instock","12":"taxable","13":"shipping-taxable","14":"product-type-simple"},"ct_brands":[{"id":2276,"name":"\u010cZ","slug":"en"}],"_links":{"self":[{"href":"https:\/\/zbranebudai.sk\/hu\/wp-json\/wp\/v2\/product\/16125","targetHints":{"allow":["GET"]}}],"collection":[{"href":"https:\/\/zbranebudai.sk\/hu\/wp-json\/wp\/v2\/product"}],"about":[{"href":"https:\/\/zbranebudai.sk\/hu\/wp-json\/wp\/v2\/types\/product"}],"wp:featuredmedia":[{"embeddable":true,"href":"https:\/\/zbranebudai.sk\/hu\/wp-json\/wp\/v2\/media\/16126"}],"wp:attachment":[{"href":"https:\/\/zbranebudai.sk\/hu\/wp-json\/wp\/v2\/media?parent=16125"}],"wp:term":[{"taxonomy":"product_brand","embeddable":true,"href":"https:\/\/zbranebudai.sk\/hu\/wp-json\/wp\/v2\/product_brand?post=16125"},{"taxonomy":"product_cat","embeddable":true,"href":"https:\/\/zbranebudai.sk\/hu\/wp-json\/wp\/v2\/product_cat?post=16125"},{"taxonomy":"product_tag","embeddable":true,"href":"https:\/\/zbranebudai.sk\/hu\/wp-json\/wp\/v2\/product_tag?post=16125"}],"curies":[{"name":"wp","href":"https:\/\/api.w.org\/{rel}","templated":true}]}}