{"id":15768,"date":"2025-02-17T17:59:59","date_gmt":"2025-02-17T15:59:59","guid":{"rendered":"https:\/\/zbranebudai.sk\/product\/tikka-t3x-ace-target-kal-308win-ns-10rd-26in-mt5-8-24\/"},"modified":"2026-04-09T03:02:52","modified_gmt":"2026-04-09T01:02:52","slug":"tikka-t3x-ace-target-kal-308win-ns-10rd-26in-mt5-8-24","status":"publish","type":"product","link":"https:\/\/zbranebudai.sk\/hu\/product\/tikka-t3x-ace-target-kal-308win-ns-10rd-26in-mt5-8-24\/","title":{"rendered":"Tikka T3x ACE Target, cal. .308Win. (NS 10rd 26in MT5\/8-24)"},"content":{"rendered":"<p>PARAM\u00c9TEREK:<\/p>\n<p>Cs\u0151hossz: 660 mm (26\u2033)<br \/>\nTeljes hossz: 1356 mm<br \/>\nA tart\u00e1ly kapacit\u00e1sa: 10\u00a0<br \/>\nCs\u0151oszt\u00e1s: 1:10\u2033<br \/>\nPicatinny s\u00edn: 20 MOA<br \/>\nA hord\u00f3: ac\u00e9l: Feket\u00e9re festett ac\u00e9l<br \/>\n\u00cdg\u00e9ret: Alum\u00ednium, fekete<br \/>\nS\u00faly: 5 kg<\/p>","protected":false},"excerpt":{"rendered":"<p>A Tikka T3x Ace Target a pontoss\u00e1g \u00e9s a teljes\u00edtm\u00e9ny legmagasabb k\u00f6vetelm\u00e9nyeinek megfelel\u0151en k\u00e9sz\u00fclt. A neh\u00e9z varmint cs\u0151 hat\u00e9konyan minimaliz\u00e1lja a rezg\u00e9seket, \u00e9s ellen\u00e1ll a magas h\u0151m\u00e9rs\u00e9kletnek, biztos\u00edtva a stabil \u00e9s pontos l\u00f6v\u00e9st. Ez a kulcsfontoss\u00e1g\u00fa tulajdons\u00e1g jav\u00edtja a l\u00f6ved\u00e9k sebess\u00e9g\u00e9t, laposabb r\u00f6pp\u00e1ly\u00e1t \u00e9s jobb teljes\u00edtm\u00e9nyt biztos\u00edt, k\u00fcl\u00f6n\u00f6sen nagy t\u00e1vols\u00e1gokra. A puska k\u00e9tfokozat\u00fa ravaszt, csontv\u00e1zas, teljesen \u00e1ll\u00edthat\u00f3 h\u00e1ts\u00f3 sz\u00e1rat tartalmaz, amelyhez s\u00falyt lehet hozz\u00e1adni a stabilit\u00e1s n\u00f6vel\u00e9se \u00e9rdek\u00e9ben, valamint cser\u00e9lhet\u0151 t\u00e1rny\u00edl\u00e1st a k\u00fcl\u00f6nb\u00f6z\u0151 t\u00edpus\u00fa t\u00e1rak haszn\u00e1lat\u00e1hoz. A szabv\u00e1nyos AR-kompatibilis pisztolymarkolat \u00e1ll\u00edthat\u00f3 sz\u00f6ggel \u00e9s poz\u00edci\u00f3val rendelkezik az optim\u00e1lis els\u00fct\u00e9si t\u00e1vols\u00e1g \u00e9s a k\u00e9nyelmes l\u0151poz\u00edci\u00f3 biztos\u00edt\u00e1sa \u00e9rdek\u00e9ben. Ezenk\u00edv\u00fcl az \u00e1ll\u00edthat\u00f3 k\u00e9tkezes h\u00fcvelykujjt\u00e1masz szil\u00e1rd h\u00fcvelykujjal el\u0151re ir\u00e1nyul\u00f3 fog\u00e1st biztos\u00edt az optim\u00e1lis ir\u00e1ny\u00edt\u00e1s \u00e9s teljes\u00edtm\u00e9ny \u00e9rdek\u00e9ben. A t\u00e1vcs\u0151 20 MOA Picatinny s\u00ednre t\u00f6rt\u00e9n\u0151 felszerel\u00e9se lehet\u0151v\u00e9 teszi a nagyobb t\u00e1vols\u00e1gokra t\u00f6rt\u00e9n\u0151 l\u00f6v\u00e9st. A T3x Ace Target t\u00f6bbf\u00e9le szabv\u00e1nyos r\u00f6gz\u00edt\u00e9si interf\u00e9sszel rendelkezik, mint p\u00e9ld\u00e1ul az M-LOK \u00e9s az Arca-Swiss RRS\u00ae, amelyek sz\u00e9les k\u00f6r\u0171 konfigur\u00e1ci\u00f3s lehet\u0151s\u00e9geket biztos\u00edtanak. Az Ace Target stabil \u00e9s tart\u00f3s platformot k\u00edn\u00e1l, amely biztos\u00edtja a megb\u00edzhat\u00f3s\u00e1got, \u00e9s lehet\u0151v\u00e9 teszi a testreszab\u00e1st az egy\u00e9ni felhaszn\u00e1l\u00f3i ig\u00e9nyekhez \u00e9s preferenci\u00e1khoz.<\/p>","protected":false},"featured_media":13317,"template":"","meta":{"_gspb_post_css":""},"product_brand":[],"product_cat":[2224,1821,2222,1854,1861,1820],"product_tag":[],"class_list":{"0":"post-15768","1":"product","2":"type-product","3":"status-publish","4":"has-post-thumbnail","6":"product_cat-ace-target","7":"product_cat-gulovnice-zbrane-b-c","8":"product_cat-t3x-ace","9":"product_cat-tikka","10":"product_cat-tikka-t3x","11":"product_cat-zbrane-b-c","13":"first","14":"outofstock","15":"taxable","16":"shipping-taxable","17":"purchasable","18":"product-type-simple"},"ct_brands":[],"_links":{"self":[{"href":"https:\/\/zbranebudai.sk\/hu\/wp-json\/wp\/v2\/product\/15768","targetHints":{"allow":["GET"]}}],"collection":[{"href":"https:\/\/zbranebudai.sk\/hu\/wp-json\/wp\/v2\/product"}],"about":[{"href":"https:\/\/zbranebudai.sk\/hu\/wp-json\/wp\/v2\/types\/product"}],"wp:featuredmedia":[{"embeddable":true,"href":"https:\/\/zbranebudai.sk\/hu\/wp-json\/wp\/v2\/media\/13317"}],"wp:attachment":[{"href":"https:\/\/zbranebudai.sk\/hu\/wp-json\/wp\/v2\/media?parent=15768"}],"wp:term":[{"taxonomy":"product_brand","embeddable":true,"href":"https:\/\/zbranebudai.sk\/hu\/wp-json\/wp\/v2\/product_brand?post=15768"},{"taxonomy":"product_cat","embeddable":true,"href":"https:\/\/zbranebudai.sk\/hu\/wp-json\/wp\/v2\/product_cat?post=15768"},{"taxonomy":"product_tag","embeddable":true,"href":"https:\/\/zbranebudai.sk\/hu\/wp-json\/wp\/v2\/product_tag?post=15768"}],"curies":[{"name":"wp","href":"https:\/\/api.w.org\/{rel}","templated":true}]}}