{"id":15765,"date":"2025-02-17T17:59:58","date_gmt":"2025-02-17T15:59:58","guid":{"rendered":"https:\/\/zbranebudai.sk\/product\/vytahovac-pre-echelon-9x19\/"},"modified":"2026-04-09T03:02:53","modified_gmt":"2026-04-09T01:02:53","slug":"kivono-az-echelon-9x19-hez","status":"publish","type":"product","link":"https:\/\/zbranebudai.sk\/hu\/product\/vytahovac-pre-echelon-9x19\/","title":{"rendered":"Extraktor ECHELON 9\u00d719-hez"},"content":{"rendered":"","protected":false},"excerpt":{"rendered":"<p>34\/E82550\/ECHELON 9\u00d719-es extrakci\u00f3s szed\u0151<\/p>","protected":false},"featured_media":0,"template":"","meta":{"_gspb_post_css":""},"product_brand":[],"product_cat":[2078,1864,2043,2033,1820],"product_tag":[],"class_list":{"0":"post-15765","1":"product","2":"type-product","3":"status-publish","5":"product_cat-nahradne-diely-prislusenstvo-springfield-armory","6":"product_cat-pistole-zbrane-b-c","7":"product_cat-prislusenstvo-springfield-armory","8":"product_cat-springfield-armory-hs-produkt","9":"product_cat-zbrane-b-c","11":"first","12":"instock","13":"taxable","14":"shipping-taxable","15":"purchasable","16":"product-type-simple"},"ct_brands":[],"_links":{"self":[{"href":"https:\/\/zbranebudai.sk\/hu\/wp-json\/wp\/v2\/product\/15765","targetHints":{"allow":["GET"]}}],"collection":[{"href":"https:\/\/zbranebudai.sk\/hu\/wp-json\/wp\/v2\/product"}],"about":[{"href":"https:\/\/zbranebudai.sk\/hu\/wp-json\/wp\/v2\/types\/product"}],"wp:attachment":[{"href":"https:\/\/zbranebudai.sk\/hu\/wp-json\/wp\/v2\/media?parent=15765"}],"wp:term":[{"taxonomy":"product_brand","embeddable":true,"href":"https:\/\/zbranebudai.sk\/hu\/wp-json\/wp\/v2\/product_brand?post=15765"},{"taxonomy":"product_cat","embeddable":true,"href":"https:\/\/zbranebudai.sk\/hu\/wp-json\/wp\/v2\/product_cat?post=15765"},{"taxonomy":"product_tag","embeddable":true,"href":"https:\/\/zbranebudai.sk\/hu\/wp-json\/wp\/v2\/product_tag?post=15765"}],"curies":[{"name":"wp","href":"https:\/\/api.w.org\/{rel}","templated":true}]}}