{"id":15760,"date":"2025-02-17T17:59:58","date_gmt":"2025-02-17T15:59:58","guid":{"rendered":"https:\/\/zbranebudai.sk\/product\/podlozky-na-predlzenie-botky-pazby-pre-sako-100-carbon-3ks\/"},"modified":"2026-04-16T05:46:00","modified_gmt":"2026-04-16T03:46:00","slug":"cipo-hosszabbito-betetek-karmok-kabathoz-100-carbon-3db-3db","status":"publish","type":"product","link":"https:\/\/zbranebudai.sk\/hu\/product\/podlozky-na-predlzenie-botky-pazby-pre-sako-100-carbon-3ks\/","title":{"rendered":"T\u00f6lt\u00e9nyhosszabb\u00edt\u00f3 bet\u00e9tek Sako 100 Carbonhoz (3db)"},"content":{"rendered":"","protected":false},"excerpt":{"rendered":"<p>Pad vastags\u00e1ga 5mm, 10mm, 20mm<\/p>","protected":false},"featured_media":0,"template":"","meta":{"_gspb_post_css":""},"product_brand":[],"product_cat":[1939,1821,1928,1822,1820],"product_tag":[],"class_list":{"0":"post-15760","1":"product","2":"type-product","3":"status-publish","5":"product_cat-doplnky-prislusenstvo-sako","6":"product_cat-gulovnice-zbrane-b-c","7":"product_cat-prislusenstvo-sako","8":"product_cat-sako","9":"product_cat-zbrane-b-c","11":"first","12":"instock","13":"taxable","14":"shipping-taxable","15":"purchasable","16":"product-type-simple"},"ct_brands":[],"_links":{"self":[{"href":"https:\/\/zbranebudai.sk\/hu\/wp-json\/wp\/v2\/product\/15760","targetHints":{"allow":["GET"]}}],"collection":[{"href":"https:\/\/zbranebudai.sk\/hu\/wp-json\/wp\/v2\/product"}],"about":[{"href":"https:\/\/zbranebudai.sk\/hu\/wp-json\/wp\/v2\/types\/product"}],"wp:attachment":[{"href":"https:\/\/zbranebudai.sk\/hu\/wp-json\/wp\/v2\/media?parent=15760"}],"wp:term":[{"taxonomy":"product_brand","embeddable":true,"href":"https:\/\/zbranebudai.sk\/hu\/wp-json\/wp\/v2\/product_brand?post=15760"},{"taxonomy":"product_cat","embeddable":true,"href":"https:\/\/zbranebudai.sk\/hu\/wp-json\/wp\/v2\/product_cat?post=15760"},{"taxonomy":"product_tag","embeddable":true,"href":"https:\/\/zbranebudai.sk\/hu\/wp-json\/wp\/v2\/product_tag?post=15760"}],"curies":[{"name":"wp","href":"https:\/\/api.w.org\/{rel}","templated":true}]}}