{"id":15758,"date":"2025-02-17T17:59:58","date_gmt":"2025-02-17T15:59:58","guid":{"rendered":"https:\/\/zbranebudai.sk\/product\/spustovy-mechanizmus-sako-90-rh-std-jednostupnovy-nerezovy\/"},"modified":"2026-04-16T05:46:00","modified_gmt":"2026-04-16T03:46:00","slug":"kioldoszerkezet-kabat-90-rh-std-egyfokozatu-rozsdamentes-acelbol","status":"publish","type":"product","link":"https:\/\/zbranebudai.sk\/hu\/product\/spustovy-mechanizmus-sako-90-rh-std-jednostupnovy-nerezovy\/","title":{"rendered":"Ravaszmechanizmus Sako 90 RH STD egyfokozat\u00fa rozsdamentes ac\u00e9lb\u00f3l"},"content":{"rendered":"","protected":false},"excerpt":{"rendered":"<p>Standard kiold\u00f3 jobbkezes haszn\u00e1latra<\/p>","protected":false},"featured_media":13284,"template":"","meta":{"_gspb_post_css":""},"product_brand":[],"product_cat":[1821,1981,1928,1822,1820],"product_tag":[],"class_list":{"0":"post-15758","1":"product","2":"type-product","3":"status-publish","4":"has-post-thumbnail","6":"product_cat-gulovnice-zbrane-b-c","7":"product_cat-nd-prislusenstvo-sako","8":"product_cat-prislusenstvo-sako","9":"product_cat-sako","10":"product_cat-zbrane-b-c","12":"first","13":"outofstock","14":"taxable","15":"shipping-taxable","16":"purchasable","17":"product-type-simple"},"ct_brands":[],"_links":{"self":[{"href":"https:\/\/zbranebudai.sk\/hu\/wp-json\/wp\/v2\/product\/15758","targetHints":{"allow":["GET"]}}],"collection":[{"href":"https:\/\/zbranebudai.sk\/hu\/wp-json\/wp\/v2\/product"}],"about":[{"href":"https:\/\/zbranebudai.sk\/hu\/wp-json\/wp\/v2\/types\/product"}],"wp:featuredmedia":[{"embeddable":true,"href":"https:\/\/zbranebudai.sk\/hu\/wp-json\/wp\/v2\/media\/13284"}],"wp:attachment":[{"href":"https:\/\/zbranebudai.sk\/hu\/wp-json\/wp\/v2\/media?parent=15758"}],"wp:term":[{"taxonomy":"product_brand","embeddable":true,"href":"https:\/\/zbranebudai.sk\/hu\/wp-json\/wp\/v2\/product_brand?post=15758"},{"taxonomy":"product_cat","embeddable":true,"href":"https:\/\/zbranebudai.sk\/hu\/wp-json\/wp\/v2\/product_cat?post=15758"},{"taxonomy":"product_tag","embeddable":true,"href":"https:\/\/zbranebudai.sk\/hu\/wp-json\/wp\/v2\/product_tag?post=15758"}],"curies":[{"name":"wp","href":"https:\/\/api.w.org\/{rel}","templated":true}]}}