{"id":15756,"date":"2025-02-17T17:59:57","date_gmt":"2025-02-17T15:59:57","guid":{"rendered":"https:\/\/zbranebudai.sk\/product\/tikka-t3x-ace-game-kal-308win-ns-5rd-fl-h416-20in-mt5-8-24\/"},"modified":"2026-04-23T08:21:13","modified_gmt":"2026-04-23T06:21:13","slug":"tikka-t3x-ace-game-kal-308win-ns-5rd-fl-h416-20in-20in-mt5-8-24","status":"publish","type":"product","link":"https:\/\/zbranebudai.sk\/hu\/product\/tikka-t3x-ace-game-kal-308win-ns-5rd-fl-h416-20in-mt5-8-24\/","title":{"rendered":"Tikka T3x ACE Game, cal. .308Win. (NS 5rd FL H416 20in MT5\/8-24)"},"content":{"rendered":"<p>PARAM\u00c9TEREK:<\/p>\n<p>Cs\u0151hossz: 510 mm (20\u2033)<br \/>\nTeljes hossz: 1020 mm<br \/>\nT\u00e1lcakapacit\u00e1s: 5\u00a0<br \/>\nCs\u0151oszt\u00e1s: 1:10\u2033<br \/>\nPicatinny s\u00edn: 20 MOA<br \/>\nA hord\u00f3: Cerakote grafit fekete<br \/>\n\u00cdg\u00e9ret: Alum\u00ednium, Cerakote Midnight Bronze<br \/>\nS\u00faly: 3,8 kg<\/p>","protected":false},"excerpt":{"rendered":"<p>A Tikka T3x Ace Game ugyanarra a modul\u00e1ris v\u00e1zra \u00e9p\u00fcl, mint a T3x Ace Target, \u00edgy ide\u00e1lis t\u00e1rs a taktikai prec\u00edzi\u00f3s l\u00f6v\u00e9szethez \u00e9s vad\u00e1szathoz. A f\u0151 k\u00fcl\u00f6nbs\u00e9g a k\u00f6zepes vastags\u00e1g\u00fa \u00e1gy\u00fas cs\u0151, amelyet a nagyobb pontoss\u00e1g \u00e9s az alacsonyabb rezg\u00e9s \u00e9rdek\u00e9ben terveztek. El\u00e9g k\u00f6nny\u0171 ahhoz, hogy k\u00e9nyelmesen hordozhat\u00f3 legyen, m\u00e9gis szil\u00e1rd stabilit\u00e1st \u00e9s pontoss\u00e1got biztos\u00edt. A Tikka T3x Ace Game \u00e1ll\u00edthat\u00f3 els\u00fct\u0151szerkezettel, csontv\u00e1zas, teljesen \u00e1ll\u00edthat\u00f3 h\u00e1ts\u00f3 sz\u00e1rral rendelkezik, amelyhez s\u00falyt lehet hozz\u00e1adni a stabilit\u00e1s n\u00f6vel\u00e9se \u00e9rdek\u00e9ben, \u00e1ll\u00edthat\u00f3 k\u00e9tkezes h\u00fcvelykujjt\u00e1masszal, \u00e1ll\u00edthat\u00f3 AR-kompatibilis pisztolymarkolattal \u00e9s cser\u00e9lhet\u0151 t\u00e1rny\u00edl\u00e1ssal a k\u00fcl\u00f6nb\u00f6z\u0151 t\u00edpus\u00fa t\u00e1rak haszn\u00e1lat\u00e1hoz. Az M-LOK \u00e9s Arca-Swiss RRS\u00ae kompatibilis szabv\u00e1nyos\u00edtott r\u00f6gz\u00edt\u0151fel\u00fcletekkel is rendelkezik, amelyek lehet\u0151v\u00e9 teszik tov\u00e1bbi taktikai felszerel\u00e9sek hozz\u00e1ad\u00e1s\u00e1t a k\u00fcl\u00f6nb\u00f6z\u0151 ig\u00e9nyekhez \u00e9s l\u00f6v\u00e9si forgat\u00f3k\u00f6nyvekhez, vagy s\u00falyok felszerel\u00e9s\u00e9t a puska pontos egyens\u00falyoz\u00e1s\u00e1hoz, a stabilit\u00e1s \u00e9s a teljes\u00edtm\u00e9ny maximaliz\u00e1l\u00e1sa \u00e9rdek\u00e9ben. Ez a p\u00e1ratlan pontoss\u00e1g\u00fa \u00e9s alkalmazkod\u00f3k\u00e9pess\u00e9g\u0171, sokoldal\u00fa platform versenyz\u00e9sben \u00e9s vad\u00e1szatban egyar\u00e1nt m\u0171k\u00f6dik.<\/p>","protected":false},"featured_media":13278,"template":"","meta":{"_gspb_post_css":""},"product_brand":[],"product_cat":[1821,2222,2223,1854,1861,1820],"product_tag":[],"class_list":{"0":"post-15756","1":"product","2":"type-product","3":"status-publish","4":"has-post-thumbnail","6":"product_cat-gulovnice-zbrane-b-c","7":"product_cat-t3x-ace","8":"product_cat-t3x-ace-game","9":"product_cat-tikka","10":"product_cat-tikka-t3x","11":"product_cat-zbrane-b-c","13":"first","14":"instock","15":"taxable","16":"shipping-taxable","17":"purchasable","18":"product-type-simple"},"ct_brands":[],"_links":{"self":[{"href":"https:\/\/zbranebudai.sk\/hu\/wp-json\/wp\/v2\/product\/15756","targetHints":{"allow":["GET"]}}],"collection":[{"href":"https:\/\/zbranebudai.sk\/hu\/wp-json\/wp\/v2\/product"}],"about":[{"href":"https:\/\/zbranebudai.sk\/hu\/wp-json\/wp\/v2\/types\/product"}],"wp:featuredmedia":[{"embeddable":true,"href":"https:\/\/zbranebudai.sk\/hu\/wp-json\/wp\/v2\/media\/13278"}],"wp:attachment":[{"href":"https:\/\/zbranebudai.sk\/hu\/wp-json\/wp\/v2\/media?parent=15756"}],"wp:term":[{"taxonomy":"product_brand","embeddable":true,"href":"https:\/\/zbranebudai.sk\/hu\/wp-json\/wp\/v2\/product_brand?post=15756"},{"taxonomy":"product_cat","embeddable":true,"href":"https:\/\/zbranebudai.sk\/hu\/wp-json\/wp\/v2\/product_cat?post=15756"},{"taxonomy":"product_tag","embeddable":true,"href":"https:\/\/zbranebudai.sk\/hu\/wp-json\/wp\/v2\/product_tag?post=15756"}],"curies":[{"name":"wp","href":"https:\/\/api.w.org\/{rel}","templated":true}]}}