{"id":15747,"date":"2025-02-17T17:59:56","date_gmt":"2025-02-17T15:59:56","guid":{"rendered":"https:\/\/zbranebudai.sk\/product\/vzduchovka-hatsan-95-kal-45mm\/"},"modified":"2026-05-07T11:40:37","modified_gmt":"2026-05-07T09:40:37","slug":"legpuska-hatsan-95-kaliber-45mm","status":"publish","type":"product","link":"https:\/\/zbranebudai.sk\/hu\/product\/vzduchovka-hatsan-95-kal-45mm\/","title":{"rendered":"Hatsan 95 l\u00e9gpuska, cal. 4,5mm"},"content":{"rendered":"<div class=\"_mb4\">Hatsan 95 - l\u00e9gpuska 405 mm-es prec\u00edzi\u00f3s, huzalozott cs\u0151vel \u00e9s val\u00f3di t\u00f6r\u00f6k di\u00f3f\u00e1b\u00f3l k\u00e9sz\u00fclt, jobb- \u00e9s balkezes l\u00f6v\u0151k sz\u00e1m\u00e1ra egyar\u00e1nt alkalmas sz\u00e1rral. A magasabb modellsorozatb\u00f3l sz\u00e1rmaz\u00f3 2 fokozat\u00fa, teljesen \u00e1ll\u00edthat\u00f3 Quattro Trigger ravasz, \u00e1ll\u00edthat\u00f3 ellen\u00e1ll\u00e1ssal \u00e9s \u00fathosszal, valamint aranyozott ravaszny\u00e9llel. Az SAS leng\u00e9scsillap\u00edt\u00f3 rendszer jelent\u0151sen cs\u00f6kkenti a rezg\u00e9seket. Ravaszbiztos\u00edt\u00e1s. A l\u00e9gpuska dupla sz\u00f6v\u0151s\u00ednnel van felszerelve, 11 mm-es \u00e9s 19 mm-es hornyokkal, amelyek kollim\u00e1tor \u00e9s c\u00e9lt\u00e1vcs\u0151 sz\u00e1m\u00e1ra egyar\u00e1nt alkalmasak. TRU-GLO sz\u00e1loptik\u00e1s c\u00e9lz\u00f3k\u00e9sz\u00fcl\u00e9k kontrasztos sz\u00ednekkel a jobb c\u00e9lz\u00e1s \u00e9rdek\u00e9ben m\u00e9g gyenge f\u00e9nyviszonyok mellett is.<\/div>\n<p><strong>QUATRO TRIGGER:<\/strong>\u00a0k\u00e9tfokozat\u00fa \u00e1ll\u00edthat\u00f3 kiold\u00f3, amelynek ellen\u00e1ll\u00e1sa 2 fokozatra van osztva, az els\u0151 fokozatban kisebb, a m\u00e1sodik fokozatban nagyobb ellen\u00e1ll\u00e1ssal.<\/p>\n<p><strong>SAS:<\/strong>\u00a0(Shock Absorber System) a jelent\u0151s rezg\u00e9scs\u00f6kkent\u00e9s \u00e9rdek\u00e9ben.<\/p>","protected":false},"excerpt":{"rendered":"<h5>PARAM\u00c9TEREK:<\/h5>\n<p>Energia: legfeljebb 17 J<br \/>\nCs\u0151hossz: 405 mm (15.9\u2033)<br \/>\nTeljes hossz: 1125 mm<br \/>\nC\u00e9l: Truglo z\u00f6ld f\u00e9nyvezet\u0151 sz\u00e1l<br \/>\nFly: Truglo piros k\u00f6nny\u0171v\u00edzi zsin\u00f3r<br \/>\nDupla sz\u00f6v\u0151r\u00fad: 11\/19 mm<br \/>\nKiold\u00f3: Quattro kiold\u00f3<br \/>\nS\u00faly: 3,8 kg<\/p>","protected":false},"featured_media":16198,"template":"","meta":{"_gspb_post_css":""},"product_brand":[],"product_cat":[1835,1834,1824],"product_tag":[],"class_list":{"0":"post-15747","1":"product","2":"type-product","3":"status-publish","4":"has-post-thumbnail","6":"product_cat-dlhe-vzduchovky","7":"product_cat-vzduchovky","8":"product_cat-zbrane-18-d","10":"first","11":"instock","12":"taxable","13":"shipping-taxable","14":"purchasable","15":"product-type-simple"},"ct_brands":[],"_links":{"self":[{"href":"https:\/\/zbranebudai.sk\/hu\/wp-json\/wp\/v2\/product\/15747","targetHints":{"allow":["GET"]}}],"collection":[{"href":"https:\/\/zbranebudai.sk\/hu\/wp-json\/wp\/v2\/product"}],"about":[{"href":"https:\/\/zbranebudai.sk\/hu\/wp-json\/wp\/v2\/types\/product"}],"wp:featuredmedia":[{"embeddable":true,"href":"https:\/\/zbranebudai.sk\/hu\/wp-json\/wp\/v2\/media\/16198"}],"wp:attachment":[{"href":"https:\/\/zbranebudai.sk\/hu\/wp-json\/wp\/v2\/media?parent=15747"}],"wp:term":[{"taxonomy":"product_brand","embeddable":true,"href":"https:\/\/zbranebudai.sk\/hu\/wp-json\/wp\/v2\/product_brand?post=15747"},{"taxonomy":"product_cat","embeddable":true,"href":"https:\/\/zbranebudai.sk\/hu\/wp-json\/wp\/v2\/product_cat?post=15747"},{"taxonomy":"product_tag","embeddable":true,"href":"https:\/\/zbranebudai.sk\/hu\/wp-json\/wp\/v2\/product_tag?post=15747"}],"curies":[{"name":"wp","href":"https:\/\/api.w.org\/{rel}","templated":true}]}}