{"id":15746,"date":"2025-02-17T17:59:56","date_gmt":"2025-02-17T15:59:56","guid":{"rendered":"https:\/\/zbranebudai.sk\/product\/vzduchovka-hatsan-125-pro-kal-45mm\/"},"modified":"2026-04-16T03:43:55","modified_gmt":"2026-04-16T01:43:55","slug":"legpuska-hatsan-125-pro-cal-45mm","status":"publish","type":"product","link":"https:\/\/zbranebudai.sk\/hu\/product\/vzduchovka-hatsan-125-pro-kal-45mm\/","title":{"rendered":"L\u00e9gpuska Hatsan 125 PRO, cal. 4,5mm"},"content":{"rendered":"<div class=\"_mb4\">Hatsan 125 PRO - modern l\u00e9gpuska ergonomikus szintetikus pisztolymarkolat\u00fa sz\u00e1rral. TRIOPAD\u00ae rendszer a maxim\u00e1lis visszar\u00fag\u00e1selnyel\u00e9s\u00e9rt. 2 fokozat\u00fa, teljesen \u00e1ll\u00edthat\u00f3 Quattro ravasz a magasabb modellsorozatb\u00f3l, \u00e1ll\u00edthat\u00f3 ellen\u00e1ll\u00e1ssal \u00e9s \u00fathosszal. SAS leng\u00e9scsillap\u00edt\u00f3 rendszer. Ravaszbiztos\u00edt\u00e1s. A l\u00e9gpuska dupla sz\u00f6v\u0151s\u00ednnel van felszerelve, 11 mm-es \u00e9s 19 mm-es hornyokkal, amelyek kollim\u00e1tor \u00e9s c\u00e9lt\u00e1vcs\u0151 sz\u00e1m\u00e1ra egyar\u00e1nt alkalmasak. TRU-GLO sz\u00e1loptik\u00e1s c\u00e9lz\u00f3k\u00e9sz\u00fcl\u00e9k kontrasztos sz\u00ednekkel a jobb c\u00e9lz\u00e1s \u00e9rdek\u00e9ben m\u00e9g gyenge f\u00e9nyviszonyok mellett is.<\/div>\n<p><strong>QUATRO TRIGGER:<\/strong>\u00a0k\u00e9tfokozat\u00fa \u00e1ll\u00edthat\u00f3 kiold\u00f3, amelynek ellen\u00e1ll\u00e1sa 2 fokozatra van osztva, az els\u0151 fokozatban kisebb, a m\u00e1sodik fokozatban nagyobb ellen\u00e1ll\u00e1ssal.<\/p>\n<p><strong>SAS:<\/strong>\u00a0(Shock Absorber System) a jelent\u0151s rezg\u00e9scs\u00f6kkent\u00e9s \u00e9rdek\u00e9ben.<\/p>\n<p><strong>TRIOPAD\u00ae<\/strong>: rendszer a maxim\u00e1lis visszar\u00fag\u00e1selnyel\u00e9s\u00e9rt + 3 sz\u00e1rhosszabb\u00edt\u00e1s a markolat egy\u00e9ni be\u00e1ll\u00edt\u00e1s\u00e1hoz.<\/p>","protected":false},"excerpt":{"rendered":"<h5>PARAM\u00c9TEREK:<\/h5>\n<p>Energia: legfeljebb 17 J<br \/>\nCs\u0151hossz: 325 mm (12.8\u2033)<br \/>\nTeljes hossz: 1220 mm<br \/>\nC\u00e9l: Truglo z\u00f6ld f\u00e9nyvezet\u0151 sz\u00e1l<br \/>\nFly: Truglo piros k\u00f6nny\u0171v\u00edzi zsin\u00f3r<br \/>\nDupla sz\u00f6v\u0151r\u00fad: 11\/19 mm<br \/>\nKiold\u00f3: Quattro kiold\u00f3<br \/>\nS\u00faly: 3,96 kg<\/p>","protected":false},"featured_media":16200,"template":"","meta":{"_gspb_post_css":""},"product_brand":[],"product_cat":[1835,1834,1824],"product_tag":[],"class_list":{"0":"post-15746","1":"product","2":"type-product","3":"status-publish","4":"has-post-thumbnail","6":"product_cat-dlhe-vzduchovky","7":"product_cat-vzduchovky","8":"product_cat-zbrane-18-d","10":"first","11":"instock","12":"taxable","13":"shipping-taxable","14":"purchasable","15":"product-type-simple"},"ct_brands":[],"_links":{"self":[{"href":"https:\/\/zbranebudai.sk\/hu\/wp-json\/wp\/v2\/product\/15746","targetHints":{"allow":["GET"]}}],"collection":[{"href":"https:\/\/zbranebudai.sk\/hu\/wp-json\/wp\/v2\/product"}],"about":[{"href":"https:\/\/zbranebudai.sk\/hu\/wp-json\/wp\/v2\/types\/product"}],"wp:featuredmedia":[{"embeddable":true,"href":"https:\/\/zbranebudai.sk\/hu\/wp-json\/wp\/v2\/media\/16200"}],"wp:attachment":[{"href":"https:\/\/zbranebudai.sk\/hu\/wp-json\/wp\/v2\/media?parent=15746"}],"wp:term":[{"taxonomy":"product_brand","embeddable":true,"href":"https:\/\/zbranebudai.sk\/hu\/wp-json\/wp\/v2\/product_brand?post=15746"},{"taxonomy":"product_cat","embeddable":true,"href":"https:\/\/zbranebudai.sk\/hu\/wp-json\/wp\/v2\/product_cat?post=15746"},{"taxonomy":"product_tag","embeddable":true,"href":"https:\/\/zbranebudai.sk\/hu\/wp-json\/wp\/v2\/product_tag?post=15746"}],"curies":[{"name":"wp","href":"https:\/\/api.w.org\/{rel}","templated":true}]}}