{"id":15745,"date":"2025-02-17T17:59:56","date_gmt":"2025-02-17T15:59:56","guid":{"rendered":"https:\/\/zbranebudai.sk\/product\/sako-90-finnlight-kal-308win-ns-dm-std-ss-fl-20in-mt15x1\/"},"modified":"2026-04-16T04:10:05","modified_gmt":"2026-04-16T02:10:05","slug":"jacket-90-finnlight-kal-308win-ns-dm-std-ss-ss-fl-20in-mt15x1","status":"publish","type":"product","link":"https:\/\/zbranebudai.sk\/hu\/product\/sako-90-finnlight-kal-308win-ns-dm-std-ss-fl-20in-mt15x1\/","title":{"rendered":"Sako 90 Finnlight, cal. .308Win. (NS DM STD SS FL 20in MT15x1)"},"content":{"rendered":"<p>PARAM\u00c9TEREK:<\/p>\n<p>Cs\u0151hossz: 510 mm (20\u2033)<br \/>\nTeljes hossz: 1028 mm<br \/>\nT\u00e1lcakapacit\u00e1s: 5<br \/>\nCs\u0151oszt\u00e1s: 1:10\u2033<br \/>\nPicatinny s\u00edn: igen<br \/>\nA hord\u00f3: Rozsdamentes<br \/>\n\u00cdg\u00e9ret: Szintetikus<br \/>\nS\u00faly: 3,2 kg<\/p>","protected":false},"excerpt":{"rendered":"<p>A 90 Finnlight dzseki ide\u00e1lis v\u00e1laszt\u00e1s eg\u00e9sz napos vad\u00e1szathoz ig\u00e9nyes k\u00f6r\u00fclm\u00e9nyek k\u00f6z\u00f6tt, nagy tart\u00f3ss\u00e1g\u00e1nak \u00e9s k\u00f6nny\u0171 s\u00faly\u00e1nak k\u00f6sz\u00f6nhet\u0151en. A textur\u00e1lt sz\u00e1rfel\u00fclet, amelyet a pisztolymarkolat \u00e9s az alkar szintetikus b\u0151rrel eg\u00e9sz\u00edt ki, biztos \u00e9s k\u00e9nyelmes fog\u00e1st biztos\u00edt. A rozsdamentes ac\u00e9lb\u00f3l hidegen kov\u00e1csolt cs\u0151 modern Sako technol\u00f3gi\u00e1kkal k\u00e9sz\u00fclt. Minden kaliber optim\u00e1lis furattal \u00e9s oszt\u00e1ssal rendelkezik a maxim\u00e1lis teljes\u00edtm\u00e9ny \u00e9s pontoss\u00e1g \u00e9rdek\u00e9ben. A k\u00e9tsoros rozsdamentes ac\u00e9l t\u00e1r lehet\u0151v\u00e9 teszi a t\u00f6lt\u00e9st a kil\u00f6v\u0151ny\u00edl\u00e1son kereszt\u00fcl. Az egyed\u00fcl\u00e1ll\u00f3 reteszkiold\u00f3 gomb lehet\u0151v\u00e9 teszi a t\u00f6lt\u00e9nyek biztons\u00e1gos behelyez\u00e9s\u00e9t vagy elt\u00e1vol\u00edt\u00e1s\u00e1t a t\u00e1rb\u00f3l m\u00e9g z\u00e1rt fegyver eset\u00e9n is. Az \u00e1ll\u00edthat\u00f3 ravaszellen\u00e1ll\u00e1s biztos\u00edtja a pontos l\u00f6v\u00e9svez\u00e9rl\u00e9st. A kiv\u00e1l\u00f3 ergon\u00f3mia a maxim\u00e1lis pontoss\u00e1ggal, megb\u00edzhat\u00f3s\u00e1ggal \u00e9s z\u00f6kken\u0151mentes m\u0171k\u00f6d\u00e9ssel p\u00e1rosulva teszi ezt a fegyvert ide\u00e1liss\u00e1 az ig\u00e9nyes vad\u00e1szok sz\u00e1m\u00e1ra, akik szeretik a neh\u00e9z terep \u00e9s a zord id\u0151j\u00e1r\u00e1s kih\u00edv\u00e1sait.<\/p>","protected":false},"featured_media":13259,"template":"","meta":{"_gspb_post_css":""},"product_brand":[],"product_cat":[2221,1821,1822,2143,1820],"product_tag":[],"class_list":{"0":"post-15745","1":"product","2":"type-product","3":"status-publish","4":"has-post-thumbnail","6":"product_cat-90-finnlight","7":"product_cat-gulovnice-zbrane-b-c","8":"product_cat-sako","9":"product_cat-sako-90","10":"product_cat-zbrane-b-c","12":"first","13":"instock","14":"taxable","15":"shipping-taxable","16":"purchasable","17":"product-type-simple"},"ct_brands":[],"_links":{"self":[{"href":"https:\/\/zbranebudai.sk\/hu\/wp-json\/wp\/v2\/product\/15745","targetHints":{"allow":["GET"]}}],"collection":[{"href":"https:\/\/zbranebudai.sk\/hu\/wp-json\/wp\/v2\/product"}],"about":[{"href":"https:\/\/zbranebudai.sk\/hu\/wp-json\/wp\/v2\/types\/product"}],"wp:featuredmedia":[{"embeddable":true,"href":"https:\/\/zbranebudai.sk\/hu\/wp-json\/wp\/v2\/media\/13259"}],"wp:attachment":[{"href":"https:\/\/zbranebudai.sk\/hu\/wp-json\/wp\/v2\/media?parent=15745"}],"wp:term":[{"taxonomy":"product_brand","embeddable":true,"href":"https:\/\/zbranebudai.sk\/hu\/wp-json\/wp\/v2\/product_brand?post=15745"},{"taxonomy":"product_cat","embeddable":true,"href":"https:\/\/zbranebudai.sk\/hu\/wp-json\/wp\/v2\/product_cat?post=15745"},{"taxonomy":"product_tag","embeddable":true,"href":"https:\/\/zbranebudai.sk\/hu\/wp-json\/wp\/v2\/product_tag?post=15745"}],"curies":[{"name":"wp","href":"https:\/\/api.w.org\/{rel}","templated":true}]}}