{"id":15743,"date":"2025-02-17T17:59:56","date_gmt":"2025-02-17T15:59:56","guid":{"rendered":"https:\/\/zbranebudai.sk\/product\/adjustable-gas-regulator-sauer-303\/"},"modified":"2026-04-30T11:05:45","modified_gmt":"2026-04-30T09:05:45","slug":"allithato-gazszabalyozo-sauer-303","status":"publish","type":"product","link":"https:\/\/zbranebudai.sk\/hu\/product\/adjustable-gas-regulator-sauer-303\/","title":{"rendered":"\u00c1ll\u00edthat\u00f3 g\u00e1zszab\u00e1lyoz\u00f3, Sauer 303"},"content":{"rendered":"","protected":false},"excerpt":{"rendered":"","protected":false},"featured_media":13254,"template":"","meta":{"_gspb_post_css":""},"product_brand":[],"product_cat":[1820],"product_tag":[],"class_list":{"0":"post-15743","1":"product","2":"type-product","3":"status-publish","4":"has-post-thumbnail","6":"product_cat-zbrane-b-c","8":"first","9":"instock","10":"taxable","11":"shipping-taxable","12":"purchasable","13":"product-type-simple"},"ct_brands":[],"_links":{"self":[{"href":"https:\/\/zbranebudai.sk\/hu\/wp-json\/wp\/v2\/product\/15743","targetHints":{"allow":["GET"]}}],"collection":[{"href":"https:\/\/zbranebudai.sk\/hu\/wp-json\/wp\/v2\/product"}],"about":[{"href":"https:\/\/zbranebudai.sk\/hu\/wp-json\/wp\/v2\/types\/product"}],"wp:featuredmedia":[{"embeddable":true,"href":"https:\/\/zbranebudai.sk\/hu\/wp-json\/wp\/v2\/media\/13254"}],"wp:attachment":[{"href":"https:\/\/zbranebudai.sk\/hu\/wp-json\/wp\/v2\/media?parent=15743"}],"wp:term":[{"taxonomy":"product_brand","embeddable":true,"href":"https:\/\/zbranebudai.sk\/hu\/wp-json\/wp\/v2\/product_brand?post=15743"},{"taxonomy":"product_cat","embeddable":true,"href":"https:\/\/zbranebudai.sk\/hu\/wp-json\/wp\/v2\/product_cat?post=15743"},{"taxonomy":"product_tag","embeddable":true,"href":"https:\/\/zbranebudai.sk\/hu\/wp-json\/wp\/v2\/product_tag?post=15743"}],"curies":[{"name":"wp","href":"https:\/\/api.w.org\/{rel}","templated":true}]}}