{"id":15740,"date":"2025-02-17T17:59:55","date_gmt":"2025-02-17T15:59:55","guid":{"rendered":"https:\/\/zbranebudai.sk\/product\/predne-mieridlo-pre-x-series\/"},"modified":"2026-04-16T05:45:06","modified_gmt":"2026-04-16T03:45:06","slug":"elulso-latcso-az-x-sorozathoz","status":"publish","type":"product","link":"https:\/\/zbranebudai.sk\/hu\/product\/predne-mieridlo-pre-x-series\/","title":{"rendered":"El\u00fcls\u0151 c\u00e9lkereszt az X-sorozathoz"},"content":{"rendered":"","protected":false},"excerpt":{"rendered":"<p>A Stalon praktikus kieg\u00e9sz\u00edt\u0151je a tartoz\u00e9k r\u00f6gz\u00edt\u0151 s\u00ednnel ell\u00e1tott el\u00fcls\u0151 l\u00e1tcs\u0151, amely lehet\u0151v\u00e9 teszi, hogy a szok\u00e1sos nyitott l\u00e1tcs\u00f6vekkel l\u0151j\u00f6n \u00e9s vad\u00e1sszon, m\u00e9g egy be\u00e9p\u00edtett elnyom\u00f3val is. A v\u00f6r\u00f6s f\u00e9nysz\u00e1las el\u00fcls\u0151 ir\u00e1nyz\u00e9k a fegyver ir\u00e1nyz\u00e9k\u00e1t helyettes\u00edti. Az X sorozathoz tervezt\u00e9k.<\/p>","protected":false},"featured_media":13248,"template":"","meta":{"_gspb_post_css":""},"product_brand":[],"product_cat":[1820],"product_tag":[],"class_list":{"0":"post-15740","1":"product","2":"type-product","3":"status-publish","4":"has-post-thumbnail","6":"product_cat-zbrane-b-c","8":"first","9":"instock","10":"taxable","11":"shipping-taxable","12":"purchasable","13":"product-type-simple"},"ct_brands":[],"_links":{"self":[{"href":"https:\/\/zbranebudai.sk\/hu\/wp-json\/wp\/v2\/product\/15740","targetHints":{"allow":["GET"]}}],"collection":[{"href":"https:\/\/zbranebudai.sk\/hu\/wp-json\/wp\/v2\/product"}],"about":[{"href":"https:\/\/zbranebudai.sk\/hu\/wp-json\/wp\/v2\/types\/product"}],"wp:featuredmedia":[{"embeddable":true,"href":"https:\/\/zbranebudai.sk\/hu\/wp-json\/wp\/v2\/media\/13248"}],"wp:attachment":[{"href":"https:\/\/zbranebudai.sk\/hu\/wp-json\/wp\/v2\/media?parent=15740"}],"wp:term":[{"taxonomy":"product_brand","embeddable":true,"href":"https:\/\/zbranebudai.sk\/hu\/wp-json\/wp\/v2\/product_brand?post=15740"},{"taxonomy":"product_cat","embeddable":true,"href":"https:\/\/zbranebudai.sk\/hu\/wp-json\/wp\/v2\/product_cat?post=15740"},{"taxonomy":"product_tag","embeddable":true,"href":"https:\/\/zbranebudai.sk\/hu\/wp-json\/wp\/v2\/product_tag?post=15740"}],"curies":[{"name":"wp","href":"https:\/\/api.w.org\/{rel}","templated":true}]}}