{"id":15734,"date":"2025-02-17T17:59:55","date_gmt":"2025-02-17T15:59:55","guid":{"rendered":"https:\/\/zbranebudai.sk\/product\/pistol-echelon-4-0c-threaded-3-dot-tritium-9x19\/"},"modified":"2026-04-16T05:44:06","modified_gmt":"2026-04-16T03:44:06","slug":"pisztoly-echelon-4-0c-menetes-3-pont-tritium-9x19","status":"publish","type":"product","link":"https:\/\/zbranebudai.sk\/hu\/product\/pistol-echelon-4-0c-threaded-3-dot-tritium-9x19\/","title":{"rendered":"Pisztoly ECHELON 4.0C menetes, 3 pontos, tr\u00edcium, 9\u00d719"},"content":{"rendered":"<p>PARAM\u00c9TEREK:<\/p>\n<p>T\u00e1rkapacit\u00e1s: 15\/18 t\u00f6lt\u00e9ny<br \/>\nC\u00e9lz\u00f3k: 3-Dot Tritium<br \/>\nCs\u0151hossz: 119 mm (4.7\u2033)<br \/>\nTeljes hossz: 203 mm<br \/>\nSz\u00e9less\u00e9g: 30 mm<br \/>\nMagass\u00e1g: 130 mm<br \/>\nS\u00faly: 680 g (15 t\u00f6lt\u00e9nyes t\u00e1rral)<\/p>\n<p>CSOMAG TARTALMA:<\/p>\n<p>1x pisztoly ECHELON 4.0C<br \/>\n2x t\u00e1lca (15rd, 18rd)<br \/>\n2x Foganty\u00fa h\u00e1tul (S,L)<br \/>\n1x VIS tartoz\u00e9kok az optika felszerel\u00e9s\u00e9hez<br \/>\n1x gyorst\u00f6lt\u0151<br \/>\n1x tiszt\u00edt\u00f3 k\u00e9szlet<br \/>\n1x fegyverz\u00e1r<br \/>\n1x hordt\u00e1ska\u00a0<\/p>","protected":false},"excerpt":{"rendered":"<p>Az \u00faj kompakt Echelon\u2122 4.0C megtartja a teljes m\u00e9ret\u0171 modell legfontosabb jellemz\u0151it, de r\u00f6videbb, 4\u2033-es cs\u0151vel, kisebb markolattal \u00e9s kisebb kapacit\u00e1s\u00fa, 15\/18 t\u00f6lt\u00e9nyes t\u00e1rral jobb elrejthet\u0151s\u00e9get \u00e9s k\u00e9nyelmesebb viseletet biztos\u00edt. A rendk\u00edv\u00fcl testre szabhat\u00f3 modul\u00e1ris platform kiv\u00e1l\u00f3 ergon\u00f3mi\u00e1t \u00e9s sz\u00e1mos szabadalmaztatott funkci\u00f3t k\u00edn\u00e1l. A COG k\u00f6zponti kezel\u0151egys\u00e9ge teljesen \u00f6n\u00e1ll\u00f3, lehet\u0151v\u00e9 t\u00e9ve a k\u00fcl\u00f6nb\u00f6z\u0151 fegyvertestm\u00e9retek k\u00f6z\u00f6tti egyszer\u0171, m\u00e1sodpercek alatt t\u00f6rt\u00e9n\u0151 cser\u00e9t. A prec\u00edzi\u00f3san megtervezett rozsdamentes ac\u00e9l v\u00e1z a legkem\u00e9nyebb k\u00f6r\u00fclm\u00e9nyeknek is ellen\u00e1ll, \u00e9s massz\u00edv h\u00e1zk\u00e9nt szolg\u00e1l a szabadalmaztatott rendszer sz\u00e1m\u00e1ra. A forradalmi optika r\u00f6gz\u00edt\u00e9se a Variable Interface System (VIS) seg\u00edts\u00e9g\u00e9vel lehet\u0151v\u00e9 teszi a k\u00fcl\u00f6nb\u00f6z\u0151 m\u00e1rk\u00e1j\u00fa kollim\u00e1torok beszerel\u00e9s\u00e9t szerel\u0151lemez haszn\u00e1lata n\u00e9lk\u00fcl. Egyszer\u0171en \u00e1ll\u00edtsa be az \u00f6nz\u00e1r\u00f3 csapokat a k\u00edv\u00e1nt poz\u00edci\u00f3ba, \u00e9s m\u00e1ris egy maxim\u00e1lisan alacsonyan \u00fcl\u0151 tart\u00f3val rendelkezik a t\u00f6k\u00e9letesen pontos \u00e9s intuit\u00edv c\u00e9lz\u00e1s \u00e9rdek\u00e9ben. Az Echelon\u2122 kov\u00e1csolt cs\u0151vel \u00e9s cs\u00faszd\u00e1val rendelkezik Melonite v\u00e9d\u0151r\u00e9teggel, ravaszbiztos\u00edt\u00e1ssal, els\u00fct\u0151szegbiztos\u00edt\u00e1ssal, t\u00f6lt\u00f6tt t\u00e1r kijelz\u0151vel \u00e9s k\u00e9tkezes t\u00e1rkiold\u00f3val. (ECT9409B-3D)<\/p>","protected":false},"featured_media":13235,"template":"","meta":{"_gspb_post_css":""},"product_brand":[],"product_cat":[2183,2220,1864,2033,1820],"product_tag":[],"class_list":{"0":"post-15734","1":"product","2":"type-product","3":"status-publish","4":"has-post-thumbnail","6":"product_cat-echelon","7":"product_cat-echelon-4-0c","8":"product_cat-pistole-zbrane-b-c","9":"product_cat-springfield-armory-hs-produkt","10":"product_cat-zbrane-b-c","12":"first","13":"outofstock","14":"taxable","15":"shipping-taxable","16":"purchasable","17":"product-type-simple"},"ct_brands":[],"_links":{"self":[{"href":"https:\/\/zbranebudai.sk\/hu\/wp-json\/wp\/v2\/product\/15734","targetHints":{"allow":["GET"]}}],"collection":[{"href":"https:\/\/zbranebudai.sk\/hu\/wp-json\/wp\/v2\/product"}],"about":[{"href":"https:\/\/zbranebudai.sk\/hu\/wp-json\/wp\/v2\/types\/product"}],"wp:featuredmedia":[{"embeddable":true,"href":"https:\/\/zbranebudai.sk\/hu\/wp-json\/wp\/v2\/media\/13235"}],"wp:attachment":[{"href":"https:\/\/zbranebudai.sk\/hu\/wp-json\/wp\/v2\/media?parent=15734"}],"wp:term":[{"taxonomy":"product_brand","embeddable":true,"href":"https:\/\/zbranebudai.sk\/hu\/wp-json\/wp\/v2\/product_brand?post=15734"},{"taxonomy":"product_cat","embeddable":true,"href":"https:\/\/zbranebudai.sk\/hu\/wp-json\/wp\/v2\/product_cat?post=15734"},{"taxonomy":"product_tag","embeddable":true,"href":"https:\/\/zbranebudai.sk\/hu\/wp-json\/wp\/v2\/product_tag?post=15734"}],"curies":[{"name":"wp","href":"https:\/\/api.w.org\/{rel}","templated":true}]}}