{"id":15730,"date":"2025-02-17T17:59:54","date_gmt":"2025-02-17T15:59:54","guid":{"rendered":"https:\/\/zbranebudai.sk\/product\/sako-trg-22-kal-65-creedmoor-green-standard-stock-2010-ns-m08-26in-mt5-8-24\/"},"modified":"2026-04-16T05:44:05","modified_gmt":"2026-04-16T03:44:05","slug":"jacket-square-22-cal-65-creedmoor-zold-standard-stock-2010-ns-m08-26in-mt5-8-24","status":"publish","type":"product","link":"https:\/\/zbranebudai.sk\/hu\/product\/sako-trg-22-kal-65-creedmoor-green-standard-stock-2010-ns-m08-26in-mt5-8-24\/","title":{"rendered":"Sako TRG 22, cal. 6,5 Creedmoor, Z\u00f6ld Standard Stock (2010 NS M08 26in MT5\/8-24)"},"content":{"rendered":"","protected":false},"excerpt":{"rendered":"<p>A SAKO TRG 22 sz\u00e1mos korm\u00e1nynak szolg\u00e1l els\u0151dleges mesterl\u00f6v\u00e9szpuskak\u00e9nt. Kiv\u00e1l\u00f3an alkalmas a nagy hat\u00f3t\u00e1vols\u00e1g\u00fa prec\u00edzi\u00f3s l\u00f6v\u00e9szetre. A tov\u00e1bbfejlesztett ravaszmechanizmus ergonomikusan elhelyezett biztos\u00edt\u00e9kot tartalmaz a k\u00f6nny\u0171 \u00e9s gyors m\u0171k\u00f6dtet\u00e9s \u00e9rdek\u00e9ben. A tov\u00e1bbfejlesztett z\u00e1rszerkezet\u0171 markolat illeszked\u00e9se lehet\u0151v\u00e9 teszi a legdurv\u00e1bb kezel\u00e9st is. A TRG 22 zak\u00f3 egy teljes \u00e9rt\u00e9k\u0171 ISSF versenypuska, \u00e9s t\u00f6bbsz\u00f6r\u00f6s CISM versenygy\u0151ztes.<\/p>","protected":false},"featured_media":0,"template":"","meta":{"_gspb_post_css":""},"product_brand":[],"product_cat":[1820],"product_tag":[],"class_list":{"0":"post-15730","1":"product","2":"type-product","3":"status-publish","5":"product_cat-zbrane-b-c","7":"first","8":"outofstock","9":"taxable","10":"shipping-taxable","11":"purchasable","12":"product-type-simple"},"ct_brands":[],"_links":{"self":[{"href":"https:\/\/zbranebudai.sk\/hu\/wp-json\/wp\/v2\/product\/15730","targetHints":{"allow":["GET"]}}],"collection":[{"href":"https:\/\/zbranebudai.sk\/hu\/wp-json\/wp\/v2\/product"}],"about":[{"href":"https:\/\/zbranebudai.sk\/hu\/wp-json\/wp\/v2\/types\/product"}],"wp:attachment":[{"href":"https:\/\/zbranebudai.sk\/hu\/wp-json\/wp\/v2\/media?parent=15730"}],"wp:term":[{"taxonomy":"product_brand","embeddable":true,"href":"https:\/\/zbranebudai.sk\/hu\/wp-json\/wp\/v2\/product_brand?post=15730"},{"taxonomy":"product_cat","embeddable":true,"href":"https:\/\/zbranebudai.sk\/hu\/wp-json\/wp\/v2\/product_cat?post=15730"},{"taxonomy":"product_tag","embeddable":true,"href":"https:\/\/zbranebudai.sk\/hu\/wp-json\/wp\/v2\/product_tag?post=15730"}],"curies":[{"name":"wp","href":"https:\/\/api.w.org\/{rel}","templated":true}]}}