{"id":15729,"date":"2025-02-17T17:59:54","date_gmt":"2025-02-17T15:59:54","guid":{"rendered":"https:\/\/zbranebudai.sk\/product\/voere-s16-with-carbon-barrel-s16-basic-kal-223rem\/"},"modified":"2026-04-30T11:04:26","modified_gmt":"2026-04-30T09:04:26","slug":"voere-s16-szencsovel-s16-alap-cal-223rem","status":"publish","type":"product","link":"https:\/\/zbranebudai.sk\/hu\/product\/voere-s16-with-carbon-barrel-s16-basic-kal-223rem\/","title":{"rendered":"Voere S16 sz\u00e9ncs\u0151vel (S16 Basic), cal. .223Rem."},"content":{"rendered":"<p>PARAM\u00c9TEREK:<\/p>\n<p>Cs\u0151hossz: 500 mm (19,7 in)<br \/>\nTeljes hossz: 1035-1085 mm<br \/>\nT\u00e1lcakapacit\u00e1s: 5<br \/>\nCs\u0151oszt\u00e1s: 1:10\u2033<br \/>\nPicatinny s\u00edn: igen (0 MOA)<br \/>\nA hord\u00f3: Sz\u00e9n<br \/>\n\u00cdg\u00e9ret: Szintetikus sz\u00e9nsz\u00e1llal<br \/>\nS\u00faly: 2,1 kg<\/p>","protected":false},"excerpt":{"rendered":"<p>A Voere S16 Basic karboncs\u0151vel t\u00f6k\u00e9letes t\u00e1rs az eg\u00e9sz napos erdei vad\u00e1szatokhoz, ahol k\u00fcl\u00f6n\u00f6sen \u00e9rt\u00e9kelni fogja a hihetetlen\u00fcl k\u00f6nny\u0171, mind\u00f6ssze 2,1 kg-os s\u00faly\u00e1t! A Voere S16 tart\u00f3s, sz\u00e9nsz\u00e1llal meger\u0151s\u00edtett szintetikus sz\u00e1rral van ell\u00e1tva, amely maxim\u00e1lis szil\u00e1rds\u00e1got \u00e9s tart\u00f3ss\u00e1got biztos\u00edt. A durva text\u00far\u00e1j\u00fa fel\u00fcletnek k\u00f6sz\u00f6nhet\u0151en j\u00f3 fog\u00e1st \u00e9s szil\u00e1rd tart\u00e1st biztos\u00edt m\u00e9g zord id\u0151j\u00e1r\u00e1si k\u00f6r\u00fclm\u00e9nyek k\u00f6z\u00f6tt is, \u00e9s karc\u00e1ll\u00f3bb is. Az \u00e1ll\u00edthat\u00f3 gall\u00e9r \u00e9s a bakancs maxim\u00e1lis alkalmazkod\u00f3k\u00e9pess\u00e9get tesz lehet\u0151v\u00e9. A cs\u0151 torkolat\u00e1n l\u00e9v\u0151 menetes sapka alatt egy apr\u00f3cska fesz\u00edt\u0151f\u00e9k tal\u00e1lhat\u00f3. Az 5 l\u00f6v\u00e9ses polimer t\u00e1r (2 db mell\u00e9kelve) oldalr\u00f3l behelyezhet\u0151 \u00e9s kompatibilis az \u00f6sszes AR15 t\u00e1rral. Ez a szuper k\u00f6nny\u0171 puska k\u00fcl\u00f6n\u00f6sen a nagyon k\u00f6nny\u0171 s\u00falyt, t\u00f6m\u00f6rs\u00e9get \u00e9s min\u0151s\u00e9gi kivitelez\u00e9st keres\u0151 vad\u00e1szoknak fog tetszeni. Bevonat: s\u00f6t\u00e9tsz\u00fcrke, Torkolatf\u00e9k: Vad\u00e1szati torkolatf\u00e9k menettel a hangtomp\u00edt\u00f3khoz, Biztons\u00e1g: T\u0171zszegbiztos\u00edt\u00e1s (sz\u00e1ll\u00edt\u00e1si biztons\u00e1g) inkl. Finger-Stop, Trigger: K\u00e9tfokozat\u00fa Match ravasz (MD), Scope Mount: Ac\u00e9l Picatinny-s\u00edn (0 MOA), Suppressor: Suppressor n\u00e9lk\u00fcl (suppressor n\u00e9lk\u00fcl).<\/p>","protected":false},"featured_media":13222,"template":"","meta":{"_gspb_post_css":""},"product_brand":[],"product_cat":[1821,2219,2202,1820],"product_tag":[],"class_list":{"0":"post-15729","1":"product","2":"type-product","3":"status-publish","4":"has-post-thumbnail","6":"product_cat-gulovnice-zbrane-b-c","7":"product_cat-s16","8":"product_cat-voere","9":"product_cat-zbrane-b-c","11":"first","12":"instock","13":"taxable","14":"shipping-taxable","15":"purchasable","16":"product-type-simple"},"ct_brands":[],"_links":{"self":[{"href":"https:\/\/zbranebudai.sk\/hu\/wp-json\/wp\/v2\/product\/15729","targetHints":{"allow":["GET"]}}],"collection":[{"href":"https:\/\/zbranebudai.sk\/hu\/wp-json\/wp\/v2\/product"}],"about":[{"href":"https:\/\/zbranebudai.sk\/hu\/wp-json\/wp\/v2\/types\/product"}],"wp:featuredmedia":[{"embeddable":true,"href":"https:\/\/zbranebudai.sk\/hu\/wp-json\/wp\/v2\/media\/13222"}],"wp:attachment":[{"href":"https:\/\/zbranebudai.sk\/hu\/wp-json\/wp\/v2\/media?parent=15729"}],"wp:term":[{"taxonomy":"product_brand","embeddable":true,"href":"https:\/\/zbranebudai.sk\/hu\/wp-json\/wp\/v2\/product_brand?post=15729"},{"taxonomy":"product_cat","embeddable":true,"href":"https:\/\/zbranebudai.sk\/hu\/wp-json\/wp\/v2\/product_cat?post=15729"},{"taxonomy":"product_tag","embeddable":true,"href":"https:\/\/zbranebudai.sk\/hu\/wp-json\/wp\/v2\/product_tag?post=15729"}],"curies":[{"name":"wp","href":"https:\/\/api.w.org\/{rel}","templated":true}]}}