{"id":15727,"date":"2025-02-17T17:59:54","date_gmt":"2025-02-17T15:59:54","guid":{"rendered":"https:\/\/zbranebudai.sk\/product\/zasobnik-ruger-ai-style-precision-rifle-556-nato-223-rem-10rd\/"},"modified":"2026-04-30T09:54:27","modified_gmt":"2026-04-30T07:54:27","slug":"ruger-ai-style-precizios-puska-556-nato-223-rem-10rd","status":"publish","type":"product","link":"https:\/\/zbranebudai.sk\/hu\/product\/zasobnik-ruger-ai-style-precision-rifle-556-nato-223-rem-10rd\/","title":{"rendered":"Ruger AI-style prec\u00edzi\u00f3s puska 5,56 NATO\/.223 Rem. 10rd"},"content":{"rendered":"","protected":false},"excerpt":{"rendered":"<p>Ruger Precision\u00ae \u00e9s Scout kaliber\u0171 fegyverekhez alkalmas 10 l\u00f6v\u00e9ses t\u00e1r. 5.56 NATO\/223 Rem. \u00e9s a Ruger American\u00ae cal. 204 Ruger. Az AI-st\u00edlus\u00fa t\u00e1rny\u00edl\u00e1ssal rendelkez\u0151 modellekben val\u00f3 m\u0171k\u00f6d\u00e9sre tervezt\u00e9k cal. .223 Rem, 2,50in\/63,5 mm maxim\u00e1lis t\u00f6ltethosszal. 60% \u00fcveggel t\u00f6lt\u00f6tt polimer az er\u0151ss\u00e9g \u00e9s tart\u00f3ss\u00e1g \u00e9rdek\u00e9ben. Rozsdamentes ac\u00e9l rug\u00f3 megb\u00edzhat\u00f3 adagol\u00e1st \u00e9s korr\u00f3zi\u00f3\u00e1ll\u00f3s\u00e1got biztos\u00edt. A porv\u00e9d\u0151 v\u00e9di a hubot a sz\u00e1ll\u00edt\u00e1s \u00e9s t\u00e1rol\u00e1s sor\u00e1n keletkez\u0151 s\u00e9r\u00fcl\u00e9sekt\u0151l. Fekete kivitel Ruger log\u00f3val. Az USA-ban k\u00e9sz\u00fclt.<\/p>","protected":false},"featured_media":13219,"template":"","meta":{"_gspb_post_css":""},"product_brand":[],"product_cat":[1821,1838,1837,1820],"product_tag":[],"class_list":{"0":"post-15727","1":"product","2":"type-product","3":"status-publish","4":"has-post-thumbnail","6":"product_cat-gulovnice-zbrane-b-c","7":"product_cat-prislusenstvo-ruger","8":"product_cat-ruger","9":"product_cat-zbrane-b-c","11":"first","12":"instock","13":"taxable","14":"shipping-taxable","15":"purchasable","16":"product-type-simple"},"ct_brands":[],"_links":{"self":[{"href":"https:\/\/zbranebudai.sk\/hu\/wp-json\/wp\/v2\/product\/15727","targetHints":{"allow":["GET"]}}],"collection":[{"href":"https:\/\/zbranebudai.sk\/hu\/wp-json\/wp\/v2\/product"}],"about":[{"href":"https:\/\/zbranebudai.sk\/hu\/wp-json\/wp\/v2\/types\/product"}],"wp:featuredmedia":[{"embeddable":true,"href":"https:\/\/zbranebudai.sk\/hu\/wp-json\/wp\/v2\/media\/13219"}],"wp:attachment":[{"href":"https:\/\/zbranebudai.sk\/hu\/wp-json\/wp\/v2\/media?parent=15727"}],"wp:term":[{"taxonomy":"product_brand","embeddable":true,"href":"https:\/\/zbranebudai.sk\/hu\/wp-json\/wp\/v2\/product_brand?post=15727"},{"taxonomy":"product_cat","embeddable":true,"href":"https:\/\/zbranebudai.sk\/hu\/wp-json\/wp\/v2\/product_cat?post=15727"},{"taxonomy":"product_tag","embeddable":true,"href":"https:\/\/zbranebudai.sk\/hu\/wp-json\/wp\/v2\/product_tag?post=15727"}],"curies":[{"name":"wp","href":"https:\/\/api.w.org\/{rel}","templated":true}]}}