{"id":15726,"date":"2025-02-17T17:59:54","date_gmt":"2025-02-17T15:59:54","guid":{"rendered":"https:\/\/zbranebudai.sk\/product\/marlin-336-trapper-70906-kal-30-30-win\/"},"modified":"2026-04-16T05:45:06","modified_gmt":"2026-04-16T03:45:06","slug":"marlin-336-trapper-70906-cal-30-30-win","status":"publish","type":"product","link":"https:\/\/zbranebudai.sk\/hu\/product\/marlin-336-trapper-70906-kal-30-30-win\/","title":{"rendered":"Marlin 336 Trapper (70906), cal. .30-30 Win"},"content":{"rendered":"<p>PARAM\u00c9TEREK:<\/p>\n<p>Cs\u0151hossz: 411 mm (16.17\u2033)<br \/>\nTeljes hossz: 870 mm<br \/>\nKapacit\u00e1s: 5<br \/>\nCs\u0151oszt\u00e1s: 1:11\u2033 RH<br \/>\nPicatinny s\u00edn: Nem<br \/>\nA hord\u00f3: Rozsdamentes ac\u00e9l szat\u00edrozott<br \/>\n\u00cdg\u00e9ret: Fekete lamin\u00e1lt<br \/>\nS\u00faly: 3,2 kg<\/p>","protected":false},"excerpt":{"rendered":"<p>A Marlin 336 Trapper ugyanarra a platformra \u00e9p\u00fcl, mint a Marlin SBL sorozat, de r\u00f6videbb, fordul\u00e9konyabb, 16\u2033-es cs\u0151vel \u00e9s \u00e1ll\u00edthat\u00f3 Skinner Sights\u2122 c\u00e9lz\u00f3kkal rendelkezik. A szat\u00e9n rozsdamentes kivitel biztos\u00edtja az alacsony t\u00fckr\u00f6z\u0151d\u00e9st a terepen, \u00e9s az \u00fajratervezett, v\u00e9konyabb alkarral ell\u00e1tott sz\u00e1rforma jav\u00edtja az eszt\u00e9tik\u00e1t \u00e9s az ergon\u00f3mi\u00e1t. A csiszolt, spir\u00e1lis hornyokkal ell\u00e1tott z\u00e1rszerkezet jellegzetes, eleg\u00e1ns megjelen\u00e9st \u00e9s sim\u00e1bb m\u0171k\u00f6d\u00e9st biztos\u00edt. Ez a western st\u00edlus\u00fa karos puska remek\u00fcl n\u00e9z ki \u00e9s remek\u00fcl l\u0151.<\/p>","protected":false},"featured_media":13217,"template":"","meta":{"_gspb_post_css":""},"product_brand":[],"product_cat":[1821,2155,1820],"product_tag":[],"class_list":{"0":"post-15726","1":"product","2":"type-product","3":"status-publish","4":"has-post-thumbnail","6":"product_cat-gulovnice-zbrane-b-c","7":"product_cat-marlin","8":"product_cat-zbrane-b-c","10":"first","11":"instock","12":"taxable","13":"shipping-taxable","14":"purchasable","15":"product-type-simple"},"ct_brands":[],"_links":{"self":[{"href":"https:\/\/zbranebudai.sk\/hu\/wp-json\/wp\/v2\/product\/15726","targetHints":{"allow":["GET"]}}],"collection":[{"href":"https:\/\/zbranebudai.sk\/hu\/wp-json\/wp\/v2\/product"}],"about":[{"href":"https:\/\/zbranebudai.sk\/hu\/wp-json\/wp\/v2\/types\/product"}],"wp:featuredmedia":[{"embeddable":true,"href":"https:\/\/zbranebudai.sk\/hu\/wp-json\/wp\/v2\/media\/13217"}],"wp:attachment":[{"href":"https:\/\/zbranebudai.sk\/hu\/wp-json\/wp\/v2\/media?parent=15726"}],"wp:term":[{"taxonomy":"product_brand","embeddable":true,"href":"https:\/\/zbranebudai.sk\/hu\/wp-json\/wp\/v2\/product_brand?post=15726"},{"taxonomy":"product_cat","embeddable":true,"href":"https:\/\/zbranebudai.sk\/hu\/wp-json\/wp\/v2\/product_cat?post=15726"},{"taxonomy":"product_tag","embeddable":true,"href":"https:\/\/zbranebudai.sk\/hu\/wp-json\/wp\/v2\/product_tag?post=15726"}],"curies":[{"name":"wp","href":"https:\/\/api.w.org\/{rel}","templated":true}]}}