{"id":15724,"date":"2025-02-17T17:59:53","date_gmt":"2025-02-17T15:59:53","guid":{"rendered":"https:\/\/zbranebudai.sk\/product\/cielnik-xd-m-elite-co-witness-zvyseny\/"},"modified":"2026-04-16T05:44:05","modified_gmt":"2026-04-16T03:44:05","slug":"calorifier-xd-m-elite-co-tanu-emelkedett","status":"publish","type":"product","link":"https:\/\/zbranebudai.sk\/hu\/product\/cielnik-xd-m-elite-co-witness-zvyseny\/","title":{"rendered":"XD-M\u00ae Elite Co-Witness Target - magas\u00edtott c\u00e9lt\u00e1bla"},"content":{"rendered":"","protected":false},"excerpt":{"rendered":"<p>Emelt ac\u00e9l c\u00e9lt\u00e1vcs\u0151 t\u00fckr\u00f6z\u0151d\u00e9sg\u00e1tl\u00f3 rec\u00e9z\u00e9ssel, hangtomp\u00edt\u00f3val val\u00f3 haszn\u00e1latra alkalmas. HS SF19 modellekhez is (h\u00e1ts\u00f3 ir\u00e1nyz\u00e9k Co-Witness\/482853-00B)<\/p>","protected":false},"featured_media":13213,"template":"","meta":{"_gspb_post_css":""},"product_brand":[],"product_cat":[2051,1864,2043,2033,1820],"product_tag":[],"class_list":{"0":"post-15724","1":"product","2":"type-product","3":"status-publish","4":"has-post-thumbnail","6":"product_cat-mieridla-prislusenstvo-springfield-armory","7":"product_cat-pistole-zbrane-b-c","8":"product_cat-prislusenstvo-springfield-armory","9":"product_cat-springfield-armory-hs-produkt","10":"product_cat-zbrane-b-c","12":"first","13":"instock","14":"taxable","15":"shipping-taxable","16":"purchasable","17":"product-type-simple"},"ct_brands":[],"_links":{"self":[{"href":"https:\/\/zbranebudai.sk\/hu\/wp-json\/wp\/v2\/product\/15724","targetHints":{"allow":["GET"]}}],"collection":[{"href":"https:\/\/zbranebudai.sk\/hu\/wp-json\/wp\/v2\/product"}],"about":[{"href":"https:\/\/zbranebudai.sk\/hu\/wp-json\/wp\/v2\/types\/product"}],"wp:featuredmedia":[{"embeddable":true,"href":"https:\/\/zbranebudai.sk\/hu\/wp-json\/wp\/v2\/media\/13213"}],"wp:attachment":[{"href":"https:\/\/zbranebudai.sk\/hu\/wp-json\/wp\/v2\/media?parent=15724"}],"wp:term":[{"taxonomy":"product_brand","embeddable":true,"href":"https:\/\/zbranebudai.sk\/hu\/wp-json\/wp\/v2\/product_brand?post=15724"},{"taxonomy":"product_cat","embeddable":true,"href":"https:\/\/zbranebudai.sk\/hu\/wp-json\/wp\/v2\/product_cat?post=15724"},{"taxonomy":"product_tag","embeddable":true,"href":"https:\/\/zbranebudai.sk\/hu\/wp-json\/wp\/v2\/product_tag?post=15724"}],"curies":[{"name":"wp","href":"https:\/\/api.w.org\/{rel}","templated":true}]}}