{"id":15723,"date":"2025-02-17T17:59:53","date_gmt":"2025-02-17T15:59:53","guid":{"rendered":"https:\/\/zbranebudai.sk\/product\/termoska-sako-thermos-stainless-king-05-l\/"},"modified":"2026-04-23T08:19:25","modified_gmt":"2026-04-23T06:19:25","slug":"termosz-kabat-termosz-rozsdamentes-kiraly-05-l","status":"publish","type":"product","link":"https:\/\/zbranebudai.sk\/hu\/product\/termoska-sako-thermos-stainless-king-05-l\/","title":{"rendered":"Thermos SAKO Thermos Stainless King 0,5 l Thermos SAKO Thermos Stainless King 0,5 l"},"content":{"rendered":"<p>PARAM\u00c9TEREK:<\/p>\n<p>T\u00e9rfogat: 475 ml<br \/>\nM\u00e9retek: 200x84x84 mm<br \/>\nS\u00faly: 0,45 kg<\/p>","protected":false},"excerpt":{"rendered":"<p>SAKO Thermos\u2122 Stainless King termo b\u00f6gre Thermos\u2122 v\u00e1kuumszigetel\u0151 technol\u00f3gi\u00e1val a maxim\u00e1lis h\u0151m\u00e9rs\u00e9klet-megtart\u00e1s \u00e9rdek\u00e9ben. A v\u00e1kuumszigetel\u00e9s a legjobb m\u00f3dja annak, hogy italai a lehet\u0151 legtov\u00e1bb meg\u0151rizz\u00e9k h\u0151m\u00e9rs\u00e9klet\u00fcket. Tart\u00f3s duplafal\u00fa rozsdamentes ac\u00e9lszerkezet. A DrinkLock\u2122 z\u00e1r\u00f3fed\u00e9l v\u00e9d a h\u0151vesztes\u00e9g ellen, \u00e9s z\u00e1rva abszol\u00fat sziv\u00e1rg\u00e1smentes. Be\u00e9p\u00edtett teakamp\u00f3 a teafilterek \u00e9s a lufik sz\u00e1m\u00e1ra. Mosogat\u00f3g\u00e9pben moshat\u00f3 (fels\u0151 \u00e1llv\u00e1nyon aj\u00e1nlott).<\/p>","protected":false},"featured_media":13211,"template":"","meta":{"_gspb_post_css":""},"product_brand":[],"product_cat":[1939,1821,1928,1822,1820],"product_tag":[],"class_list":{"0":"post-15723","1":"product","2":"type-product","3":"status-publish","4":"has-post-thumbnail","6":"product_cat-doplnky-prislusenstvo-sako","7":"product_cat-gulovnice-zbrane-b-c","8":"product_cat-prislusenstvo-sako","9":"product_cat-sako","10":"product_cat-zbrane-b-c","12":"first","13":"instock","14":"taxable","15":"shipping-taxable","16":"purchasable","17":"product-type-simple"},"ct_brands":[],"_links":{"self":[{"href":"https:\/\/zbranebudai.sk\/hu\/wp-json\/wp\/v2\/product\/15723","targetHints":{"allow":["GET"]}}],"collection":[{"href":"https:\/\/zbranebudai.sk\/hu\/wp-json\/wp\/v2\/product"}],"about":[{"href":"https:\/\/zbranebudai.sk\/hu\/wp-json\/wp\/v2\/types\/product"}],"wp:featuredmedia":[{"embeddable":true,"href":"https:\/\/zbranebudai.sk\/hu\/wp-json\/wp\/v2\/media\/13211"}],"wp:attachment":[{"href":"https:\/\/zbranebudai.sk\/hu\/wp-json\/wp\/v2\/media?parent=15723"}],"wp:term":[{"taxonomy":"product_brand","embeddable":true,"href":"https:\/\/zbranebudai.sk\/hu\/wp-json\/wp\/v2\/product_brand?post=15723"},{"taxonomy":"product_cat","embeddable":true,"href":"https:\/\/zbranebudai.sk\/hu\/wp-json\/wp\/v2\/product_cat?post=15723"},{"taxonomy":"product_tag","embeddable":true,"href":"https:\/\/zbranebudai.sk\/hu\/wp-json\/wp\/v2\/product_tag?post=15723"}],"curies":[{"name":"wp","href":"https:\/\/api.w.org\/{rel}","templated":true}]}}