{"id":15717,"date":"2025-02-17T17:59:52","date_gmt":"2025-02-17T15:59:52","guid":{"rendered":"https:\/\/zbranebudai.sk\/product\/demo-baner-logo-bubix-120-x180-cm\/"},"modified":"2026-04-09T03:22:53","modified_gmt":"2026-04-09T01:22:53","slug":"demo-banner-logo-bubix-120-x180-cm","status":"publish","type":"product","link":"https:\/\/zbranebudai.sk\/hu\/product\/demo-baner-logo-bubix-120-x180-cm\/","title":{"rendered":"BUBIX log\u00f3s demo banner (120 x180 cm)"},"content":{"rendered":"<p>A k\u00f6lcs\u00f6n felt\u00e9telei:<\/p>\n<p>- Haszn\u00e1lat ut\u00e1n megfelel\u0151en tiszt\u00edtsa meg<br \/>\n- A t\u00f6r\u00e9sek elker\u00fcl\u00e9se \u00e9rdek\u00e9ben ne hajtsa \u00f6ssze, hanem g\u00f6rgesse meg.<br \/>\n- T\u00e1rol\u00e1s\/sz\u00e1ll\u00edt\u00e1s kartondobozban<\/p>","protected":false},"excerpt":{"rendered":"<p>MESH - perfor\u00e1lt banner 360g\/m2, teljesen hegesztett \u00e9lekkel \u00e9s 40 cm-es rozsdamentes ac\u00e9l f\u0171z\u0151lyukakkal. Amennyiben l\u0151t\u00e9ren vagy \u00fczletben t\u00f6rt\u00e9n\u0151 \u00e1lland\u00f3 elhelyez\u00e9s ir\u00e1nt \u00e9rdekl\u0151dik, meg\u00e1llapod\u00e1s alapj\u00e1n lehet\u0151s\u00e9g van egyedi banner gy\u00e1rt\u00e1s\u00e1ra.<\/p>","protected":false},"featured_media":13199,"template":"","meta":{"_gspb_post_css":""},"product_brand":[],"product_cat":[2211,2218,1820],"product_tag":[],"class_list":{"0":"post-15717","1":"product","2":"type-product","3":"status-publish","4":"has-post-thumbnail","6":"product_cat-demo","7":"product_cat-demo-banery","8":"product_cat-zbrane-b-c","10":"first","11":"instock","12":"taxable","13":"shipping-taxable","14":"purchasable","15":"product-type-simple"},"ct_brands":[],"_links":{"self":[{"href":"https:\/\/zbranebudai.sk\/hu\/wp-json\/wp\/v2\/product\/15717","targetHints":{"allow":["GET"]}}],"collection":[{"href":"https:\/\/zbranebudai.sk\/hu\/wp-json\/wp\/v2\/product"}],"about":[{"href":"https:\/\/zbranebudai.sk\/hu\/wp-json\/wp\/v2\/types\/product"}],"wp:featuredmedia":[{"embeddable":true,"href":"https:\/\/zbranebudai.sk\/hu\/wp-json\/wp\/v2\/media\/13199"}],"wp:attachment":[{"href":"https:\/\/zbranebudai.sk\/hu\/wp-json\/wp\/v2\/media?parent=15717"}],"wp:term":[{"taxonomy":"product_brand","embeddable":true,"href":"https:\/\/zbranebudai.sk\/hu\/wp-json\/wp\/v2\/product_brand?post=15717"},{"taxonomy":"product_cat","embeddable":true,"href":"https:\/\/zbranebudai.sk\/hu\/wp-json\/wp\/v2\/product_cat?post=15717"},{"taxonomy":"product_tag","embeddable":true,"href":"https:\/\/zbranebudai.sk\/hu\/wp-json\/wp\/v2\/product_tag?post=15717"}],"curies":[{"name":"wp","href":"https:\/\/api.w.org\/{rel}","templated":true}]}}