{"id":15702,"date":"2025-02-17T17:59:51","date_gmt":"2025-02-17T15:59:51","guid":{"rendered":"https:\/\/zbranebudai.sk\/product\/demo-tlmic-stalon-rf-1-2-28-cal-17-22\/"},"modified":"2026-04-09T02:59:00","modified_gmt":"2026-04-09T00:59:00","slug":"demo-tlmic-stalon-rf-1-2-28-cal-17-22","status":"publish","type":"product","link":"https:\/\/zbranebudai.sk\/hu\/product\/demo-tlmic-stalon-rf-1-2-28-cal-17-22\/","title":{"rendered":"Demo hangtomp\u00edt\u00f3 Stalon RF, 1\/2-28, cal. .17-.22"},"content":{"rendered":"<p>A k\u00f6lcs\u00f6n felt\u00e9telei:<\/p>\n<p>- Ne haszn\u00e1ljon \u00fajrat\u00f6lt\u00f6tt l\u0151szert<br \/>\n- Jegyezze fel a kil\u0151tt l\u00f6v\u00e9sek sz\u00e1m\u00e1t<br \/>\n- L\u00f6v\u00e9s ut\u00e1n megfelel\u0151en sz\u00e1r\u00edtsa meg a hangtomp\u00edt\u00f3t, l\u00e1sd a haszn\u00e1lati utas\u00edt\u00e1st.<br \/>\n- S\u00e9r\u00fcl\u00e9s eset\u00e9n a hangtomp\u00edt\u00f3t meg kell v\u00e1s\u00e1rolni.<\/p>","protected":false},"excerpt":{"rendered":"<p>A dem\u00f3csillap\u00edt\u00f3k bemutat\u00f3 c\u00e9lokra szolg\u00e1lnak. Kiz\u00e1r\u00f3lag \u00fczleti partnereink b\u00e9relhetik \u0151ket t\u0171zfegyverkez\u00e9si enged\u00e9llyel. \u0150k felel\u0151sek \u00e9rt\u00fck a k\u00f6lcs\u00f6nz\u00e9s teljes id\u0151tartama alatt. A szok\u00e1sos k\u00f6lcs\u00f6nz\u00e9si id\u0151szak legfeljebb 7 nap. A k\u00f6lcs\u00f6nz\u00e9s ingyenes, csak a sz\u00e1ll\u00edt\u00e1si d\u00edjat kell megfizetni.<\/p>","protected":false},"featured_media":13163,"template":"","meta":{"_gspb_post_css":""},"product_brand":[],"product_cat":[2211,2217,1820],"product_tag":[],"class_list":{"0":"post-15702","1":"product","2":"type-product","3":"status-publish","4":"has-post-thumbnail","6":"product_cat-demo","7":"product_cat-demo-tlmice","8":"product_cat-zbrane-b-c","10":"first","11":"instock","12":"taxable","13":"shipping-taxable","14":"purchasable","15":"product-type-simple"},"ct_brands":[],"_links":{"self":[{"href":"https:\/\/zbranebudai.sk\/hu\/wp-json\/wp\/v2\/product\/15702","targetHints":{"allow":["GET"]}}],"collection":[{"href":"https:\/\/zbranebudai.sk\/hu\/wp-json\/wp\/v2\/product"}],"about":[{"href":"https:\/\/zbranebudai.sk\/hu\/wp-json\/wp\/v2\/types\/product"}],"wp:featuredmedia":[{"embeddable":true,"href":"https:\/\/zbranebudai.sk\/hu\/wp-json\/wp\/v2\/media\/13163"}],"wp:attachment":[{"href":"https:\/\/zbranebudai.sk\/hu\/wp-json\/wp\/v2\/media?parent=15702"}],"wp:term":[{"taxonomy":"product_brand","embeddable":true,"href":"https:\/\/zbranebudai.sk\/hu\/wp-json\/wp\/v2\/product_brand?post=15702"},{"taxonomy":"product_cat","embeddable":true,"href":"https:\/\/zbranebudai.sk\/hu\/wp-json\/wp\/v2\/product_cat?post=15702"},{"taxonomy":"product_tag","embeddable":true,"href":"https:\/\/zbranebudai.sk\/hu\/wp-json\/wp\/v2\/product_tag?post=15702"}],"curies":[{"name":"wp","href":"https:\/\/api.w.org\/{rel}","templated":true}]}}