{"id":15700,"date":"2025-02-17T17:59:51","date_gmt":"2025-02-17T15:59:51","guid":{"rendered":"https:\/\/zbranebudai.sk\/product\/demo-hammerli-tac-r1-22-kal-22lr\/"},"modified":"2026-05-07T13:43:22","modified_gmt":"2026-05-07T11:43:22","slug":"demo-hammerli-tac-r1-22-kaliber-22lr","status":"publish","type":"product","link":"https:\/\/zbranebudai.sk\/hu\/product\/demo-hammerli-tac-r1-22-kal-22lr\/","title":{"rendered":"Demo Hammerli TAC R1 22, cal. .22LR"},"content":{"rendered":"<p>A k\u00f6lcs\u00f6n felt\u00e9telei:<\/p>\n<p>- Ne haszn\u00e1ljon \u00fajrat\u00f6lt\u00f6tt l\u0151szert<br \/>\n- Jegyezze fel a kil\u0151tt l\u00f6v\u00e9sek sz\u00e1m\u00e1t<br \/>\n- Tiszt\u00edtsa meg a fegyvert megfelel\u0151en l\u00f6v\u00e9s ut\u00e1n<br \/>\n- S\u00e9r\u00fcl\u00e9s eset\u00e9n a fegyvert vissza kell v\u00e1s\u00e1rolni.<\/p>","protected":false},"excerpt":{"rendered":"<p>A dem\u00f3fegyverek bemutat\u00f3 c\u00e9lokra szolg\u00e1lnak. Csak l\u0151fegyvertart\u00e1si enged\u00e9llyel rendelkez\u0151 \u00fczleti partnereink b\u00e9relhetik \u0151ket. \u0150k felel\u0151sek \u00e9rt\u00fck a k\u00f6lcs\u00f6nz\u00e9s teljes id\u0151tartama alatt. A szok\u00e1sos k\u00f6lcs\u00f6nz\u00e9si id\u0151szak legfeljebb 7 nap. A k\u00f6lcs\u00f6nz\u00e9s ingyenes, csak a sz\u00e1ll\u00edt\u00e1si d\u00edjat kell megfizetni.<\/p>","protected":false},"featured_media":13159,"template":"","meta":{"_gspb_post_css":""},"product_brand":[],"product_cat":[1821,1883,1884,1820],"product_tag":[],"class_list":{"0":"post-15700","1":"product","2":"type-product","3":"status-publish","4":"has-post-thumbnail","6":"product_cat-gulovnice-zbrane-b-c","7":"product_cat-hammerli","8":"product_cat-hammerli-tac-r1","9":"product_cat-zbrane-b-c","11":"first","12":"outofstock","13":"taxable","14":"shipping-taxable","15":"purchasable","16":"product-type-simple"},"ct_brands":[],"_links":{"self":[{"href":"https:\/\/zbranebudai.sk\/hu\/wp-json\/wp\/v2\/product\/15700","targetHints":{"allow":["GET"]}}],"collection":[{"href":"https:\/\/zbranebudai.sk\/hu\/wp-json\/wp\/v2\/product"}],"about":[{"href":"https:\/\/zbranebudai.sk\/hu\/wp-json\/wp\/v2\/types\/product"}],"wp:featuredmedia":[{"embeddable":true,"href":"https:\/\/zbranebudai.sk\/hu\/wp-json\/wp\/v2\/media\/13159"}],"wp:attachment":[{"href":"https:\/\/zbranebudai.sk\/hu\/wp-json\/wp\/v2\/media?parent=15700"}],"wp:term":[{"taxonomy":"product_brand","embeddable":true,"href":"https:\/\/zbranebudai.sk\/hu\/wp-json\/wp\/v2\/product_brand?post=15700"},{"taxonomy":"product_cat","embeddable":true,"href":"https:\/\/zbranebudai.sk\/hu\/wp-json\/wp\/v2\/product_cat?post=15700"},{"taxonomy":"product_tag","embeddable":true,"href":"https:\/\/zbranebudai.sk\/hu\/wp-json\/wp\/v2\/product_tag?post=15700"}],"curies":[{"name":"wp","href":"https:\/\/api.w.org\/{rel}","templated":true}]}}