{"id":15697,"date":"2025-02-17T17:59:50","date_gmt":"2025-02-17T15:59:50","guid":{"rendered":"https:\/\/zbranebudai.sk\/product\/demo-hk-mr308-a3-20-kal-308win-slim-line-hkey-handguard\/"},"modified":"2026-04-09T02:58:59","modified_gmt":"2026-04-09T00:58:59","slug":"demo-hk-mr308-a3-20-cal-308win-slim-line-hkey-kezvedo","status":"publish","type":"product","link":"https:\/\/zbranebudai.sk\/hu\/product\/demo-hk-mr308-a3-20-kal-308win-slim-line-hkey-handguard\/","title":{"rendered":"Demo HK MR308 A3 A3 20\u2033, cal. .308Win., Slim-Line HKey k\u00e9zi v\u00e9d\u0151pajzs"},"content":{"rendered":"<p>A k\u00f6lcs\u00f6n felt\u00e9telei:<\/p>\n<p>- Ne haszn\u00e1ljon \u00fajrat\u00f6lt\u00f6tt l\u0151szert<br \/>\n- Jegyezze fel a kil\u0151tt l\u00f6v\u00e9sek sz\u00e1m\u00e1t<br \/>\n- Tiszt\u00edtsa meg a fegyvert megfelel\u0151en l\u00f6v\u00e9s ut\u00e1n<br \/>\n- S\u00e9r\u00fcl\u00e9s eset\u00e9n a fegyvert vissza kell v\u00e1s\u00e1rolni.<\/p>","protected":false},"excerpt":{"rendered":"<p>A dem\u00f3fegyverek bemutat\u00f3 c\u00e9lokra szolg\u00e1lnak. Csak l\u0151fegyvertart\u00e1si enged\u00e9llyel rendelkez\u0151 \u00fczleti partnereink b\u00e9relhetik \u0151ket. \u0150k felel\u0151sek \u00e9rt\u00fck a k\u00f6lcs\u00f6nz\u00e9s teljes id\u0151tartama alatt. A szok\u00e1sos k\u00f6lcs\u00f6nz\u00e9si id\u0151szak legfeljebb 7 nap. A k\u00f6lcs\u00f6nz\u00e9s ingyenes, csak a sz\u00e1ll\u00edt\u00e1si d\u00edjat kell megfizetni.<\/p>","protected":false},"featured_media":13153,"template":"","meta":{"_gspb_post_css":""},"product_brand":[],"product_cat":[2211,2216,1820],"product_tag":[],"class_list":{"0":"post-15697","1":"product","2":"type-product","3":"status-publish","4":"has-post-thumbnail","6":"product_cat-demo","7":"product_cat-demo-gulovnice","8":"product_cat-zbrane-b-c","10":"first","11":"instock","12":"taxable","13":"shipping-taxable","14":"purchasable","15":"product-type-simple"},"ct_brands":[],"_links":{"self":[{"href":"https:\/\/zbranebudai.sk\/hu\/wp-json\/wp\/v2\/product\/15697","targetHints":{"allow":["GET"]}}],"collection":[{"href":"https:\/\/zbranebudai.sk\/hu\/wp-json\/wp\/v2\/product"}],"about":[{"href":"https:\/\/zbranebudai.sk\/hu\/wp-json\/wp\/v2\/types\/product"}],"wp:featuredmedia":[{"embeddable":true,"href":"https:\/\/zbranebudai.sk\/hu\/wp-json\/wp\/v2\/media\/13153"}],"wp:attachment":[{"href":"https:\/\/zbranebudai.sk\/hu\/wp-json\/wp\/v2\/media?parent=15697"}],"wp:term":[{"taxonomy":"product_brand","embeddable":true,"href":"https:\/\/zbranebudai.sk\/hu\/wp-json\/wp\/v2\/product_brand?post=15697"},{"taxonomy":"product_cat","embeddable":true,"href":"https:\/\/zbranebudai.sk\/hu\/wp-json\/wp\/v2\/product_cat?post=15697"},{"taxonomy":"product_tag","embeddable":true,"href":"https:\/\/zbranebudai.sk\/hu\/wp-json\/wp\/v2\/product_tag?post=15697"}],"curies":[{"name":"wp","href":"https:\/\/api.w.org\/{rel}","templated":true}]}}