{"id":15688,"date":"2025-02-17T17:59:48","date_gmt":"2025-02-17T15:59:48","guid":{"rendered":"https:\/\/zbranebudai.sk\/product\/demo-pistol-hk-p30-v3-kal-9x19\/"},"modified":"2026-04-09T02:59:00","modified_gmt":"2026-04-09T00:59:00","slug":"bemutato-pisztoly-hk-p30-v3-cal-9x19","status":"publish","type":"product","link":"https:\/\/zbranebudai.sk\/hu\/product\/demo-pistol-hk-p30-v3-kal-9x19\/","title":{"rendered":"Demo pisztoly HK P30 V3, cal. 9\u00d719"},"content":{"rendered":"<p>A k\u00f6lcs\u00f6n felt\u00e9telei:<\/p>\n<p>- Ne haszn\u00e1ljon \u00fajrat\u00f6lt\u00f6tt l\u0151szert<br \/>\n- Jegyezze fel a kil\u0151tt l\u00f6v\u00e9sek sz\u00e1m\u00e1t<br \/>\n- Tiszt\u00edtsa meg a fegyvert megfelel\u0151en l\u00f6v\u00e9s ut\u00e1n<br \/>\n- S\u00e9r\u00fcl\u00e9s eset\u00e9n a fegyvert vissza kell v\u00e1s\u00e1rolni.<\/p>","protected":false},"excerpt":{"rendered":"<p>A dem\u00f3fegyverek bemutat\u00f3 c\u00e9lokra szolg\u00e1lnak. Csak l\u0151fegyvertart\u00e1si enged\u00e9llyel rendelkez\u0151 \u00fczleti partnereink b\u00e9relhetik \u0151ket. \u0150k felel\u0151sek \u00e9rt\u00fck a k\u00f6lcs\u00f6nz\u00e9s teljes id\u0151tartama alatt. A szok\u00e1sos k\u00f6lcs\u00f6nz\u00e9si id\u0151szak legfeljebb 7 nap. A k\u00f6lcs\u00f6nz\u00e9s ingyenes, csak a sz\u00e1ll\u00edt\u00e1si d\u00edjat kell megfizetni.<\/p>","protected":false},"featured_media":13135,"template":"","meta":{"_gspb_post_css":""},"product_brand":[],"product_cat":[2211,2212,1820],"product_tag":[],"class_list":{"0":"post-15688","1":"product","2":"type-product","3":"status-publish","4":"has-post-thumbnail","6":"product_cat-demo","7":"product_cat-demo-pistole","8":"product_cat-zbrane-b-c","10":"first","11":"instock","12":"taxable","13":"shipping-taxable","14":"purchasable","15":"product-type-simple"},"ct_brands":[],"_links":{"self":[{"href":"https:\/\/zbranebudai.sk\/hu\/wp-json\/wp\/v2\/product\/15688","targetHints":{"allow":["GET"]}}],"collection":[{"href":"https:\/\/zbranebudai.sk\/hu\/wp-json\/wp\/v2\/product"}],"about":[{"href":"https:\/\/zbranebudai.sk\/hu\/wp-json\/wp\/v2\/types\/product"}],"wp:featuredmedia":[{"embeddable":true,"href":"https:\/\/zbranebudai.sk\/hu\/wp-json\/wp\/v2\/media\/13135"}],"wp:attachment":[{"href":"https:\/\/zbranebudai.sk\/hu\/wp-json\/wp\/v2\/media?parent=15688"}],"wp:term":[{"taxonomy":"product_brand","embeddable":true,"href":"https:\/\/zbranebudai.sk\/hu\/wp-json\/wp\/v2\/product_brand?post=15688"},{"taxonomy":"product_cat","embeddable":true,"href":"https:\/\/zbranebudai.sk\/hu\/wp-json\/wp\/v2\/product_cat?post=15688"},{"taxonomy":"product_tag","embeddable":true,"href":"https:\/\/zbranebudai.sk\/hu\/wp-json\/wp\/v2\/product_tag?post=15688"}],"curies":[{"name":"wp","href":"https:\/\/api.w.org\/{rel}","templated":true}]}}