{"id":15677,"date":"2025-02-17T17:59:46","date_gmt":"2025-02-17T15:59:46","guid":{"rendered":"https:\/\/zbranebudai.sk\/product\/krytka-zavitu-ustia-hlavne-sako-tikka-15x1-nerez\/"},"modified":"2026-04-02T00:18:03","modified_gmt":"2026-04-01T22:18:03","slug":"sapka-a-csofedelhez-a-tikka-15x1-rozsdamentes-acelbol-keszult-csoboritashoz","status":"publish","type":"product","link":"https:\/\/zbranebudai.sk\/hu\/product\/krytka-zavitu-ustia-hlavne-sako-tikka-15x1-nerez\/","title":{"rendered":"SAKO\/TIKKA, 15\u00d71 - rozsdamentes ac\u00e9lb\u00f3l k\u00e9sz\u00fclt cs\u0151menetes sapka"},"content":{"rendered":"","protected":false},"excerpt":{"rendered":"","protected":false},"featured_media":13099,"template":"","meta":{"_gspb_post_css":""},"product_brand":[],"product_cat":[1821,1981,1928,1822,1820],"product_tag":[],"class_list":{"0":"post-15677","1":"product","2":"type-product","3":"status-publish","4":"has-post-thumbnail","6":"product_cat-gulovnice-zbrane-b-c","7":"product_cat-nd-prislusenstvo-sako","8":"product_cat-prislusenstvo-sako","9":"product_cat-sako","10":"product_cat-zbrane-b-c","12":"first","13":"outofstock","14":"taxable","15":"shipping-taxable","16":"purchasable","17":"product-type-simple"},"ct_brands":[],"_links":{"self":[{"href":"https:\/\/zbranebudai.sk\/hu\/wp-json\/wp\/v2\/product\/15677","targetHints":{"allow":["GET"]}}],"collection":[{"href":"https:\/\/zbranebudai.sk\/hu\/wp-json\/wp\/v2\/product"}],"about":[{"href":"https:\/\/zbranebudai.sk\/hu\/wp-json\/wp\/v2\/types\/product"}],"wp:featuredmedia":[{"embeddable":true,"href":"https:\/\/zbranebudai.sk\/hu\/wp-json\/wp\/v2\/media\/13099"}],"wp:attachment":[{"href":"https:\/\/zbranebudai.sk\/hu\/wp-json\/wp\/v2\/media?parent=15677"}],"wp:term":[{"taxonomy":"product_brand","embeddable":true,"href":"https:\/\/zbranebudai.sk\/hu\/wp-json\/wp\/v2\/product_brand?post=15677"},{"taxonomy":"product_cat","embeddable":true,"href":"https:\/\/zbranebudai.sk\/hu\/wp-json\/wp\/v2\/product_cat?post=15677"},{"taxonomy":"product_tag","embeddable":true,"href":"https:\/\/zbranebudai.sk\/hu\/wp-json\/wp\/v2\/product_tag?post=15677"}],"curies":[{"name":"wp","href":"https:\/\/api.w.org\/{rel}","templated":true}]}}