{"id":15674,"date":"2025-02-17T17:59:46","date_gmt":"2025-02-17T15:59:46","guid":{"rendered":"https:\/\/zbranebudai.sk\/product\/tikka-optisup-hunt-5-8-24-max-kal-30-polyfade-tungsten\/"},"modified":"2026-04-16T05:39:54","modified_gmt":"2026-04-16T03:39:54","slug":"tikka-optisup-hunt-5-8-24-max-kal-30-polifade-tungsten","status":"publish","type":"product","link":"https:\/\/zbranebudai.sk\/hu\/product\/tikka-optisup-hunt-5-8-24-max-kal-30-polyfade-tungsten\/","title":{"rendered":"Tikka Optisup Hunt, 5\/8-24, max. kal. .30, Polyfade Tungsten"},"content":{"rendered":"<p>PARAM\u00c9TEREK:<\/p>\n<p>Maxim\u00e1lis kaliber: .30<br \/>\nZajcsillap\u00edt\u00e1s: 25-28 dB<br \/>\n\u00c1tm\u00e9r\u0151: 45 mm<br \/>\nHossz\u00fas\u00e1g: 214 mm (84 mm \u00fcltet\u00e9s \/ 130 mm cs\u0151hosszabb\u00edt\u00e1s)<br \/>\nAnyag - test: elox\u00e1lt, kiv\u00e1l\u00f3 min\u0151s\u00e9g\u0171 alum\u00ednium<br \/>\nAnyag - menet: rozsdamentes ac\u00e9l<br \/>\nAnyag - terel\u0151lapok: elox\u00e1lt, kiv\u00e1l\u00f3 min\u0151s\u00e9g\u0171 alum\u00ednium<br \/>\nSz\u00edn: Fekete b\u00e1rsony<br \/>\nS\u00faly: 353 g<\/p>","protected":false},"excerpt":{"rendered":"<p>A Tikka Optisup Hunt leng\u00e9scsillap\u00edt\u00f3 eleg\u00e1ns diz\u00e1jnnal \u00e9s bev\u00e1lt konstrukci\u00f3val rendelkezik. A felhaszn\u00e1lt anyagok \u00e9sszer\u0171 egyens\u00falyt k\u00e9pviselnek a tart\u00f3ss\u00e1g \u00e9s a s\u00faly k\u00f6z\u00f6tt. A j\u00f3, 28 dB-es csillap\u00edt\u00e1snak k\u00f6sz\u00f6nhet\u0151en a l\u00f6v\u00e9s nem rik\u00edt\u00f3 \u00e9s f\u00fclsiket\u00edt\u0151; a visszar\u00fag\u00e1s jelent\u0151sen cs\u00f6kken. A hangtomp\u00edt\u00f3 kiv\u00e1l\u00f3 \u00e1r-\u00e9rt\u00e9k ar\u00e1nyt k\u00edn\u00e1l, \u00e9s praktikus \u00e9s sz\u00e9p kieg\u00e9sz\u00edt\u0151je lehet a l\u0151t\u00e9rnek.<\/p>","protected":false},"featured_media":13093,"template":"","meta":{"_gspb_post_css":""},"product_brand":[],"product_cat":[2108,2107,1820],"product_tag":[],"class_list":{"0":"post-15674","1":"product","2":"type-product","3":"status-publish","4":"has-post-thumbnail","6":"product_cat-sako-tikka","7":"product_cat-tlmice-zbrane-b-c","8":"product_cat-zbrane-b-c","10":"first","11":"outofstock","12":"taxable","13":"shipping-taxable","14":"purchasable","15":"product-type-simple"},"ct_brands":[],"_links":{"self":[{"href":"https:\/\/zbranebudai.sk\/hu\/wp-json\/wp\/v2\/product\/15674","targetHints":{"allow":["GET"]}}],"collection":[{"href":"https:\/\/zbranebudai.sk\/hu\/wp-json\/wp\/v2\/product"}],"about":[{"href":"https:\/\/zbranebudai.sk\/hu\/wp-json\/wp\/v2\/types\/product"}],"wp:featuredmedia":[{"embeddable":true,"href":"https:\/\/zbranebudai.sk\/hu\/wp-json\/wp\/v2\/media\/13093"}],"wp:attachment":[{"href":"https:\/\/zbranebudai.sk\/hu\/wp-json\/wp\/v2\/media?parent=15674"}],"wp:term":[{"taxonomy":"product_brand","embeddable":true,"href":"https:\/\/zbranebudai.sk\/hu\/wp-json\/wp\/v2\/product_brand?post=15674"},{"taxonomy":"product_cat","embeddable":true,"href":"https:\/\/zbranebudai.sk\/hu\/wp-json\/wp\/v2\/product_cat?post=15674"},{"taxonomy":"product_tag","embeddable":true,"href":"https:\/\/zbranebudai.sk\/hu\/wp-json\/wp\/v2\/product_tag?post=15674"}],"curies":[{"name":"wp","href":"https:\/\/api.w.org\/{rel}","templated":true}]}}