{"id":15667,"date":"2025-02-17T17:59:45","date_gmt":"2025-02-17T15:59:45","guid":{"rendered":"https:\/\/zbranebudai.sk\/product\/beretta-30x-tomcat-just-in-case-kal-32-acp\/"},"modified":"2026-04-23T06:38:17","modified_gmt":"2026-04-23T04:38:17","slug":"beretta-30x-tomcat-csak-a-biztonsag-kedveert-kal-32-acp","status":"publish","type":"product","link":"https:\/\/zbranebudai.sk\/hu\/product\/beretta-30x-tomcat-just-in-case-kal-32-acp\/","title":{"rendered":"Beretta 30X Tomcat Just in Case, cal. .32 ACP"},"content":{"rendered":"<p>PARAM\u00c9TEREK:<\/p>\n<p>T\u00e1lcakapacit\u00e1s: 8<br \/>\nCs\u0151hossz: 61 mm (2.4in)<br \/>\nTeljes hossz: 127 mm<br \/>\nSz\u00e9less\u00e9g: 35 mm<br \/>\nMagass\u00e1g: 109 mm<br \/>\nSz\u00e1nd\u00e9kos hossz: 86 mm<br \/>\nS\u00faly: 454 g<\/p>\n<p>B\u0151vebben: www.beretta.com\/en-us\/product\/30x-tomcat-just-in-case-FA0138<\/p>","protected":false},"excerpt":{"rendered":"<p>A Beretta 30X Tomcat Just in Case egy rendk\u00edv\u00fcl j\u00f3l elrejthet\u0151 mikro-kompakt pisztoly a forradalmi ELS (Effortless Loading System) rendszerrel, amely kik\u00fcsz\u00f6b\u00f6li a cs\u00faszka kih\u00faz\u00e1s\u00e1nak sz\u00fcks\u00e9gess\u00e9g\u00e9t, \u00e9s p\u00e1ratlanul k\u00f6nny\u0171 kezelhet\u0151s\u00e9get biztos\u00edt. Ez a zsebpisztoly olyan tov\u00e1bbfejlesztett funkci\u00f3kkal b\u00fcszk\u00e9lkedhet, mint a megn\u00f6velt t\u00e1rkapacit\u00e1s, az optim\u00e1lis hozz\u00e1f\u00e9rhet\u0151s\u00e9g \u00e9rdek\u00e9ben \u00e1t\u00e1ll\u00edtott kezel\u0151szervek, a k\u00e9tszeres szerkezeti szil\u00e1rds\u00e1ggal rendelkez\u0151 meger\u0151s\u00edtett v\u00e1z, a csontv\u00e1zas ravasz \u00e9s a 35% k\u00f6nnyebb h\u00faz\u00e1s\u00fa kalap\u00e1cs. Az \u00faj textur\u00e1lt \"Helica\" markolatok minden eddigin\u00e9l k\u00e9nyelmesebb\u00e9 \u00e9s sz\u00f3rakoztat\u00f3bb\u00e1 teszik a l\u00f6v\u00e9szetet. A kompakt m\u00e9ret \u00e9s a k\u00f6nny\u0171 kialak\u00edt\u00e1s megk\u00f6nny\u00edti a hordoz\u00e1st, a fegyver k\u00f6nnyen elf\u00e9r zsebben, h\u00e1tizs\u00e1kban vagy t\u00fal\u00e9l\u0151csomagban an\u00e9lk\u00fcl, hogy feleslegesen nagy t\u00f6meg\u0171v\u00e9 v\u00e1lna. A Beretta 30X Tomcat egy diszkr\u00e9t, biztons\u00e1gos, megb\u00edzhat\u00f3 \u00e9s felhaszn\u00e1l\u00f3bar\u00e1t zsebpisztoly az ultra rejtett visel\u00e9shez.<\/p>","protected":false},"featured_media":13077,"template":"","meta":{"_gspb_post_css":""},"product_brand":[],"product_cat":[1950,1864,1951,1820],"product_tag":[],"class_list":{"0":"post-15667","1":"product","2":"type-product","3":"status-publish","4":"has-post-thumbnail","6":"product_cat-beretta-usa","7":"product_cat-pistole-zbrane-b-c","8":"product_cat-pistole-beretta-usa","9":"product_cat-zbrane-b-c","11":"first","12":"outofstock","13":"taxable","14":"shipping-taxable","15":"purchasable","16":"product-type-simple"},"ct_brands":[],"_links":{"self":[{"href":"https:\/\/zbranebudai.sk\/hu\/wp-json\/wp\/v2\/product\/15667","targetHints":{"allow":["GET"]}}],"collection":[{"href":"https:\/\/zbranebudai.sk\/hu\/wp-json\/wp\/v2\/product"}],"about":[{"href":"https:\/\/zbranebudai.sk\/hu\/wp-json\/wp\/v2\/types\/product"}],"wp:featuredmedia":[{"embeddable":true,"href":"https:\/\/zbranebudai.sk\/hu\/wp-json\/wp\/v2\/media\/13077"}],"wp:attachment":[{"href":"https:\/\/zbranebudai.sk\/hu\/wp-json\/wp\/v2\/media?parent=15667"}],"wp:term":[{"taxonomy":"product_brand","embeddable":true,"href":"https:\/\/zbranebudai.sk\/hu\/wp-json\/wp\/v2\/product_brand?post=15667"},{"taxonomy":"product_cat","embeddable":true,"href":"https:\/\/zbranebudai.sk\/hu\/wp-json\/wp\/v2\/product_cat?post=15667"},{"taxonomy":"product_tag","embeddable":true,"href":"https:\/\/zbranebudai.sk\/hu\/wp-json\/wp\/v2\/product_tag?post=15667"}],"curies":[{"name":"wp","href":"https:\/\/api.w.org\/{rel}","templated":true}]}}