{"id":15666,"date":"2025-02-17T17:59:45","date_gmt":"2025-02-17T15:59:45","guid":{"rendered":"https:\/\/zbranebudai.sk\/product\/beretta-92gts-full-size-standard-kal-9x19\/"},"modified":"2026-04-09T01:15:58","modified_gmt":"2026-04-08T23:15:58","slug":"beretta-92gts-teljes-meretu-szabvanyos-kaliberu-9x19","status":"publish","type":"product","link":"https:\/\/zbranebudai.sk\/hu\/product\/beretta-92gts-full-size-standard-kal-9x19\/","title":{"rendered":"Beretta 92GTS Full Size Standard, cal. 9\u00d719"},"content":{"rendered":"<p>PARAM\u00c9TEREK:<\/p>\n<p>A tart\u00e1ly kapacit\u00e1sa: 18<br \/>\nCs\u0151hossz: 119 mm (4.7in)<br \/>\nTeljes hossz: 216 mm<br \/>\nSz\u00e9less\u00e9g: 38 mm<br \/>\nMagass\u00e1g: 137 mm<br \/>\nSz\u00e1nd\u00e9kos hossz: 153 mm<br \/>\nS\u00faly: 944 g<\/p>\n<p>B\u0151vebben: www.beretta.com\/en-us\/product\/92gts-full-size-standard-FA0129<\/p>","protected":false},"excerpt":{"rendered":"<p>A Beretta 92GTS a 92-es sorozat k\u00f6vetkez\u0151 gener\u00e1ci\u00f3j\u00e1t k\u00e9pviseli, amely az ikonikus Beretta 92 legend\u00e1s ergon\u00f3mi\u00e1j\u00e1t a legmodernebb innov\u00e1ci\u00f3kkal \u00f6tv\u00f6zi. A 92GTS G-t\u00edpus\u00fa dekokkerrel van felszerelve, amely a legmodernebb Twin Sear technol\u00f3gi\u00e1t haszn\u00e1lja, biztos\u00edtva a hib\u00e1tlan \u00e9s sima dobkiold\u00e1st. A DLC bevonat\u00fa ravasz alkatr\u00e9szek, valamint a k\u00f6nny\u0171, csontv\u00e1zas kalap\u00e1cs biztos\u00edtja a sima \u00e9s \u00e9rz\u00e9keny m\u0171k\u00f6d\u00e9st. Kollim\u00e1torral el\u0151k\u00e9sz\u00edtett z\u00e1rszerkezet, k\u00f6nny\u0171 v\u00edzsz\u00e1las c\u00e9lz\u00f3k\u00e9sz\u00fcl\u00e9k \u00e9s a vak\u00edt\u00e1s megakad\u00e1lyoz\u00e1s\u00e1ra szolg\u00e1l\u00f3 fogazott c\u00e9lz\u00f3k\u00e9sz\u00fcl\u00e9k. Fedezze fel a Beretta 92GTS-t, amely egyes\u00edti a st\u00edlust, a hat\u00e9konys\u00e1got \u00e9s az innov\u00e1ci\u00f3t a p\u00e1ratlan teljes\u00edtm\u00e9ny \u00e9rdek\u00e9ben.<\/p>","protected":false},"featured_media":13075,"template":"","meta":{"_gspb_post_css":""},"product_brand":[],"product_cat":[1950,1864,1951,1820],"product_tag":[],"class_list":{"0":"post-15666","1":"product","2":"type-product","3":"status-publish","4":"has-post-thumbnail","6":"product_cat-beretta-usa","7":"product_cat-pistole-zbrane-b-c","8":"product_cat-pistole-beretta-usa","9":"product_cat-zbrane-b-c","11":"first","12":"outofstock","13":"taxable","14":"shipping-taxable","15":"purchasable","16":"product-type-simple"},"ct_brands":[],"_links":{"self":[{"href":"https:\/\/zbranebudai.sk\/hu\/wp-json\/wp\/v2\/product\/15666","targetHints":{"allow":["GET"]}}],"collection":[{"href":"https:\/\/zbranebudai.sk\/hu\/wp-json\/wp\/v2\/product"}],"about":[{"href":"https:\/\/zbranebudai.sk\/hu\/wp-json\/wp\/v2\/types\/product"}],"wp:featuredmedia":[{"embeddable":true,"href":"https:\/\/zbranebudai.sk\/hu\/wp-json\/wp\/v2\/media\/13075"}],"wp:attachment":[{"href":"https:\/\/zbranebudai.sk\/hu\/wp-json\/wp\/v2\/media?parent=15666"}],"wp:term":[{"taxonomy":"product_brand","embeddable":true,"href":"https:\/\/zbranebudai.sk\/hu\/wp-json\/wp\/v2\/product_brand?post=15666"},{"taxonomy":"product_cat","embeddable":true,"href":"https:\/\/zbranebudai.sk\/hu\/wp-json\/wp\/v2\/product_cat?post=15666"},{"taxonomy":"product_tag","embeddable":true,"href":"https:\/\/zbranebudai.sk\/hu\/wp-json\/wp\/v2\/product_tag?post=15666"}],"curies":[{"name":"wp","href":"https:\/\/api.w.org\/{rel}","templated":true}]}}