{"id":15665,"date":"2025-02-17T17:59:45","date_gmt":"2025-02-17T15:59:45","guid":{"rendered":"https:\/\/zbranebudai.sk\/product\/beretta-92xi-sao-tact-two-tone-kal-9x19\/"},"modified":"2026-04-30T09:19:20","modified_gmt":"2026-04-30T07:19:20","slug":"beretta-92xi-sao-tact-ket-tonusu-kal-9x19","status":"publish","type":"product","link":"https:\/\/zbranebudai.sk\/hu\/product\/beretta-92xi-sao-tact-two-tone-kal-9x19\/","title":{"rendered":"Beretta 92XI SAO Tact Two-Tone, cal. 9\u00d719"},"content":{"rendered":"<p>PARAM\u00c9TEREK:<\/p>\n<p>A tart\u00e1ly kapacit\u00e1sa: 18<br \/>\nCs\u0151hossz: 130 mm (5.1in)<br \/>\nTeljes hossz: 221 mm<br \/>\nSz\u00e9less\u00e9g: 38 mm<br \/>\nMagass\u00e1g: 137 mm<br \/>\nSz\u00e1nd\u00e9kos hossz: 155 mm<br \/>\nS\u00faly: 944 g<\/p>\n<p>B\u0151vebben: www.beretta.com\/en-us\/product\/92xi-sao-tactical-FA0106<\/p>","protected":false},"excerpt":{"rendered":"<p>A 92XI SAO Tactical Two-Tone, amely az alap 92XI sorozatra \u00e9p\u00fcl, rendelkezik a r\u00e9g\u00f3ta v\u00e1rt k\u00e9tkezes biztos\u00edt\u00e9kkal a 92-es standard csal\u00e1d v\u00e1z\u00e1n, egy egyszeri m\u0171k\u00f6d\u00e9s\u0171 ravaszmechanizmussal, pr\u00e9mium H-SERIES CERAKOTE\u00ae kivitelben, amely korr\u00f3zi\u00f3- \u00e9s vegyszer\u00e1ll\u00f3, rendk\u00edv\u00fcl tart\u00f3s ker\u00e1mia bevonatot k\u00e9pez, valamint sz\u00e1mos ergon\u00f3miai fejleszt\u00e9ssel. Az agressz\u00edv markolat text\u00far\u00e1z\u00e1sa seg\u00edti az egyenletes fog\u00e1st a jobb visszar\u00fag\u00e1skontroll \u00e9s l\u00f6v\u00e9selhelyez\u00e9s \u00e9rdek\u00e9ben. A 92XI SAO Tactical Two-Tone egy lapos profil\u00fa X-treme S egyfunkci\u00f3s ravasz, a sima m\u0171k\u00f6d\u00e9s \u00e9rdek\u00e9ben DLC-bevonat\u00fa ravaszalkatr\u00e9szek, valamint egy k\u00f6nny\u0171, csontv\u00e1zas kalap\u00e1cs kakasfelh\u00faz\u00e1si \u00e9s reteszel\u00e9si k\u00e9pess\u00e9gekkel. A menetes cs\u0151 \u00e9s a megemelt c\u00e9lz\u00f3k\u00e9sz\u00fcl\u00e9k lehet\u0151v\u00e9 teszi a pontos c\u00e9lz\u00e1st m\u00e9g elnyom\u00f3val is.<\/p>","protected":false},"featured_media":13073,"template":"","meta":{"_gspb_post_css":""},"product_brand":[],"product_cat":[1950,1864,1951,1820],"product_tag":[],"class_list":{"0":"post-15665","1":"product","2":"type-product","3":"status-publish","4":"has-post-thumbnail","6":"product_cat-beretta-usa","7":"product_cat-pistole-zbrane-b-c","8":"product_cat-pistole-beretta-usa","9":"product_cat-zbrane-b-c","11":"first","12":"outofstock","13":"taxable","14":"shipping-taxable","15":"purchasable","16":"product-type-simple"},"ct_brands":[],"_links":{"self":[{"href":"https:\/\/zbranebudai.sk\/hu\/wp-json\/wp\/v2\/product\/15665","targetHints":{"allow":["GET"]}}],"collection":[{"href":"https:\/\/zbranebudai.sk\/hu\/wp-json\/wp\/v2\/product"}],"about":[{"href":"https:\/\/zbranebudai.sk\/hu\/wp-json\/wp\/v2\/types\/product"}],"wp:featuredmedia":[{"embeddable":true,"href":"https:\/\/zbranebudai.sk\/hu\/wp-json\/wp\/v2\/media\/13073"}],"wp:attachment":[{"href":"https:\/\/zbranebudai.sk\/hu\/wp-json\/wp\/v2\/media?parent=15665"}],"wp:term":[{"taxonomy":"product_brand","embeddable":true,"href":"https:\/\/zbranebudai.sk\/hu\/wp-json\/wp\/v2\/product_brand?post=15665"},{"taxonomy":"product_cat","embeddable":true,"href":"https:\/\/zbranebudai.sk\/hu\/wp-json\/wp\/v2\/product_cat?post=15665"},{"taxonomy":"product_tag","embeddable":true,"href":"https:\/\/zbranebudai.sk\/hu\/wp-json\/wp\/v2\/product_tag?post=15665"}],"curies":[{"name":"wp","href":"https:\/\/api.w.org\/{rel}","templated":true}]}}