{"id":15661,"date":"2025-02-17T17:59:45","date_gmt":"2025-02-17T15:59:45","guid":{"rendered":"https:\/\/zbranebudai.sk\/product\/pistol-echelon-4-5f-comp-9x19\/"},"modified":"2026-04-16T05:39:54","modified_gmt":"2026-04-16T03:39:54","slug":"pisztoly-echelon-4-5f-comp-9x19","status":"publish","type":"product","link":"https:\/\/zbranebudai.sk\/hu\/product\/pistol-echelon-4-5f-comp-9x19\/","title":{"rendered":"Pisztoly ECHELON 4.5F COMP, 9\u00d719"},"content":{"rendered":"<p>PARAM\u00c9TEREK:<\/p>\n<p>T\u00e1rkapacit\u00e1s: 17\/20 t\u00f6lt\u00e9ny<br \/>\nMieridl\u00e1: Tritium l\u00e9gy lumineszcens gy\u0171r\u0171vel + U-Notch<br \/>\nCs\u0151hossz: 114 mm (4.5\u2033)<br \/>\nTeljes hossz: 203 mm<br \/>\nSz\u00e9less\u00e9g: 30 mm<br \/>\nMagass\u00e1g: 140 mm<br \/>\nS\u00faly: 678 g (17 t\u00e1rral)<\/p>\n<p>CSOMAG TARTALMA:<\/p>\n<p>1x pisztoly ECHELON COMP, cal. 9\u00d719<br \/>\n2x t\u00e1r (17rd, 20rd)<br \/>\n2x Foganty\u00fa h\u00e1tul (S,L)<br \/>\n1x VIS tartoz\u00e9kok az optika felszerel\u00e9s\u00e9hez<br \/>\n1x gyorst\u00f6lt\u0151<br \/>\n1x tiszt\u00edt\u00f3 k\u00e9szlet<br \/>\n1x fegyverz\u00e1r<br \/>\n1x hordt\u00e1ska\u00a0<\/p>\n<p>B\u0151vebben a www.bwarms.sk\/news\/32-echelon\/ oldalon.<\/p>","protected":false},"excerpt":{"rendered":"<p>A Springfield Armory Echelon\u2122 \u00faj m\u00e9rc\u00e9t \u00e1ll\u00edt fel a modern pisztolyok k\u00f6z\u00f6tt. A COMP m\u00e1rkajelz\u00e9s\u0171 modell a cs\u0151be \u00e9s a cs\u00faszd\u00e1ba \u00e9p\u00edtett integr\u00e1lt kompenz\u00e1torral rendelkezik, amely cs\u00f6kkentett visszar\u00fag\u00e1st \u00e9s cs\u0151mozg\u00e1st eredm\u00e9nyez a gyorsabb \u00e9s pontosabb ism\u00e9tl\u0151 l\u00f6v\u00e9sek \u00e9rdek\u00e9ben, mik\u00f6zben a m\u00e9ret \u00e9s a s\u00faly v\u00e1ltozatlan marad. A rendk\u00edv\u00fcl testre szabhat\u00f3 modul\u00e1ris platform kiv\u00e1l\u00f3 ergon\u00f3mi\u00e1t \u00e9s sz\u00e1mos szabadalmaztatott funkci\u00f3t k\u00edn\u00e1l. A COG k\u00f6zponti kezel\u0151egys\u00e9ge teljesen \u00f6n\u00e1ll\u00f3, lehet\u0151v\u00e9 t\u00e9ve a k\u00fcl\u00f6nb\u00f6z\u0151 pisztolytestm\u00e9retek k\u00f6z\u00f6tti egyszer\u0171, m\u00e1sodpercek alatt t\u00f6rt\u00e9n\u0151 cser\u00e9t. A prec\u00edzi\u00f3san megtervezett rozsdamentes ac\u00e9l v\u00e1z a legnehezebb k\u00f6r\u00fclm\u00e9nyeknek is ellen\u00e1ll, \u00e9s massz\u00edv h\u00e1zk\u00e9nt szolg\u00e1l a szabadalmaztatott rendszer sz\u00e1m\u00e1ra. A forradalmi optika r\u00f6gz\u00edt\u00e9se a Variable Interface System (VIS) seg\u00edts\u00e9g\u00e9vel lehet\u0151v\u00e9 teszi a k\u00fcl\u00f6nb\u00f6z\u0151 m\u00e1rk\u00e1j\u00fa kollim\u00e1torok beszerel\u00e9s\u00e9t szerel\u0151lemez haszn\u00e1lata n\u00e9lk\u00fcl. Egyszer\u0171en \u00e1ll\u00edtsa be az \u00f6nz\u00e1r\u00f3 csapokat a k\u00edv\u00e1nt poz\u00edci\u00f3ba, \u00e9s m\u00e1ris egy maxim\u00e1lisan alacsonyan \u00fcl\u0151 tart\u00f3val rendelkezik a t\u00f6k\u00e9letesen pontos \u00e9s intuit\u00edv c\u00e9lz\u00e1s \u00e9rdek\u00e9ben. Az Echelon\u2122 kov\u00e1csolt cs\u0151vel \u00e9s cs\u00faszd\u00e1val rendelkezik Melonite v\u00e9d\u0151r\u00e9teggel, ravaszbiztos\u00edt\u00e1ssal, els\u00fct\u0151szegbiztos\u00edt\u00e1ssal, t\u00f6lt\u00f6tt t\u00e1r kijelz\u0151vel \u00e9s k\u00e9tkezes t\u00e1rkiold\u00f3val. K\u00e9t 17 \u00e9s 20 t\u00f6lt\u00e9nyes rozsdamentes ac\u00e9l t\u00e1rral \u00e9rkezik (EC9459B-U-COMP).<\/p>","protected":false},"featured_media":13051,"template":"","meta":{"_gspb_post_css":""},"product_brand":[],"product_cat":[2183,2184,1864,2033,1820],"product_tag":[],"class_list":{"0":"post-15661","1":"product","2":"type-product","3":"status-publish","4":"has-post-thumbnail","6":"product_cat-echelon","7":"product_cat-echelon-4-5f","8":"product_cat-pistole-zbrane-b-c","9":"product_cat-springfield-armory-hs-produkt","10":"product_cat-zbrane-b-c","12":"first","13":"instock","14":"taxable","15":"shipping-taxable","16":"purchasable","17":"product-type-simple"},"ct_brands":[],"_links":{"self":[{"href":"https:\/\/zbranebudai.sk\/hu\/wp-json\/wp\/v2\/product\/15661","targetHints":{"allow":["GET"]}}],"collection":[{"href":"https:\/\/zbranebudai.sk\/hu\/wp-json\/wp\/v2\/product"}],"about":[{"href":"https:\/\/zbranebudai.sk\/hu\/wp-json\/wp\/v2\/types\/product"}],"wp:featuredmedia":[{"embeddable":true,"href":"https:\/\/zbranebudai.sk\/hu\/wp-json\/wp\/v2\/media\/13051"}],"wp:attachment":[{"href":"https:\/\/zbranebudai.sk\/hu\/wp-json\/wp\/v2\/media?parent=15661"}],"wp:term":[{"taxonomy":"product_brand","embeddable":true,"href":"https:\/\/zbranebudai.sk\/hu\/wp-json\/wp\/v2\/product_brand?post=15661"},{"taxonomy":"product_cat","embeddable":true,"href":"https:\/\/zbranebudai.sk\/hu\/wp-json\/wp\/v2\/product_cat?post=15661"},{"taxonomy":"product_tag","embeddable":true,"href":"https:\/\/zbranebudai.sk\/hu\/wp-json\/wp\/v2\/product_tag?post=15661"}],"curies":[{"name":"wp","href":"https:\/\/api.w.org\/{rel}","templated":true}]}}