{"id":15657,"date":"2025-02-17T17:59:43","date_gmt":"2025-02-17T15:59:43","guid":{"rendered":"https:\/\/zbranebudai.sk\/product\/akciovy-set-hs-sf19-4-5-tb-rdr-afde-kal-9x19-tlmic-voere\/"},"modified":"2026-04-09T03:09:09","modified_gmt":"2026-04-09T01:09:09","slug":"akcio-keszlet-hs-sf19-4-5-tb-rdr-afde-kal-9x19-tlmic-voere","status":"publish","type":"product","link":"https:\/\/zbranebudai.sk\/hu\/product\/akciovy-set-hs-sf19-4-5-tb-rdr-afde-kal-9x19-tlmic-voere\/","title":{"rendered":"Akci\u00f3k\u00e9szlet HS SF19 4.5 TB RDR AFDE, cal. 9\u00d719 + Voere hangtomp\u00edt\u00f3"},"content":{"rendered":"<p>AKCI\u00d3S K\u00c9SZLET:<\/p>\n<p>1x pisztoly HS SF19 4,5 TB RDR AFDE, cal. 9\u00d719<br \/>\n1x Voere Pistol Impulse Suppressor A085, 1\/2\u2033-28, 9\u00d719<\/p>","protected":false},"excerpt":{"rendered":"<p>Az SF19 4,5 TB RDR AFDE a t\u00f6k\u00e9letes taktikai pisztolykaliber. 9\u00d719-es, menetes torkolattal, tov\u00e1bbfejlesztett ravasz r\u00f6videbb vissza\u00e1ll\u00edt\u00e1ssal \u00e9s kollim\u00e1tor r\u00f6gz\u00edt\u00e9ssel. A megemelt ir\u00e1nyz\u00e9k \u00e9s az ablakt\u00e1vcs\u0151 lehet\u0151v\u00e9 teszi a probl\u00e9mamentes c\u00e9lz\u00e1st m\u00e9g hangtomp\u00edt\u00f3 felszerel\u00e9s\u00e9vel is. Mindk\u00e9t c\u00e9lkereszt oldalir\u00e1nyban \u00e1ll\u00edthat\u00f3, ac\u00e9lb\u00f3l k\u00e9sz\u00fclt, a vak\u00edt\u00e1s megakad\u00e1lyoz\u00e1s\u00e1ra fogaz\u00e1ssal ell\u00e1tott. A teny\u00e9rbiztos\u00edt\u00e1s, a ravaszv\u00e9d\u0151, az els\u00fct\u0151szegbiztos\u00edt\u00e1s, a kamra t\u00f6lt\u00f6tts\u00e9gjelz\u0151 \u00e9s az els\u00fct\u0151szeg \u00e1llapotjelz\u0151 maxim\u00e1lis biztons\u00e1got ny\u00fajt. Tov\u00e1bbi jellemz\u0151k k\u00f6z\u00e9 tartozik az k\u00e9tkezes t\u00e1rkiold\u00f3 \u00e9s reteszz\u00e1r, a picatinny s\u00edn, az agressz\u00edv markolat text\u00far\u00e1z\u00e1s, a cser\u00e9lhet\u0151 markolat h\u00e1tlapok (3 m\u00e9ret). A megn\u00f6velt ravaszv\u00e9d\u0151 lehet\u0151v\u00e9 teszi a k\u00f6nny\u0171 kezelhet\u0151s\u00e9get m\u00e9g keszty\u0171 visel\u00e9se eset\u00e9n is. A pisztoly h\u00e1rom nagy kapacit\u00e1s\u00fa, k\u00e9tsoros, rozsdamentes ac\u00e9lb\u00f3l k\u00e9sz\u00fclt t\u00e1rral (19 t\u00f6lt\u00e9ny) \u00e9rkezik. Lehet\u0151s\u00e9g van Magwell szett, azaz meghosszabb\u00edtott t\u00e1rny\u00edl\u00e1s megv\u00e1s\u00e1rl\u00e1s\u00e1ra nagy kapacit\u00e1s\u00fa 20 vagy 22 t\u00f6lt\u00e9nyes t\u00e1rral.<\/p>","protected":false},"featured_media":13043,"template":"","meta":{"_gspb_post_css":""},"product_brand":[],"product_cat":[1864,2033,2036,2034,1820],"product_tag":[],"class_list":{"0":"post-15657","1":"product","2":"type-product","3":"status-publish","4":"has-post-thumbnail","6":"product_cat-pistole-zbrane-b-c","7":"product_cat-springfield-armory-hs-produkt","8":"product_cat-xd-m-elite","9":"product_cat-xd","10":"product_cat-zbrane-b-c","12":"first","13":"outofstock","14":"taxable","15":"shipping-taxable","16":"purchasable","17":"product-type-simple"},"ct_brands":[],"_links":{"self":[{"href":"https:\/\/zbranebudai.sk\/hu\/wp-json\/wp\/v2\/product\/15657","targetHints":{"allow":["GET"]}}],"collection":[{"href":"https:\/\/zbranebudai.sk\/hu\/wp-json\/wp\/v2\/product"}],"about":[{"href":"https:\/\/zbranebudai.sk\/hu\/wp-json\/wp\/v2\/types\/product"}],"wp:featuredmedia":[{"embeddable":true,"href":"https:\/\/zbranebudai.sk\/hu\/wp-json\/wp\/v2\/media\/13043"}],"wp:attachment":[{"href":"https:\/\/zbranebudai.sk\/hu\/wp-json\/wp\/v2\/media?parent=15657"}],"wp:term":[{"taxonomy":"product_brand","embeddable":true,"href":"https:\/\/zbranebudai.sk\/hu\/wp-json\/wp\/v2\/product_brand?post=15657"},{"taxonomy":"product_cat","embeddable":true,"href":"https:\/\/zbranebudai.sk\/hu\/wp-json\/wp\/v2\/product_cat?post=15657"},{"taxonomy":"product_tag","embeddable":true,"href":"https:\/\/zbranebudai.sk\/hu\/wp-json\/wp\/v2\/product_tag?post=15657"}],"curies":[{"name":"wp","href":"https:\/\/api.w.org\/{rel}","templated":true}]}}