{"id":15655,"date":"2025-02-17T17:59:43","date_gmt":"2025-02-17T15:59:43","guid":{"rendered":"https:\/\/zbranebudai.sk\/product\/vis-sada-skrutiek-pre-montaz-optiky-na-echelon\/"},"modified":"2026-04-09T02:56:11","modified_gmt":"2026-04-09T00:56:11","slug":"csavarok-keszlete-az-optika-echelonra-torteno-felszerelesehez","status":"publish","type":"product","link":"https:\/\/zbranebudai.sk\/hu\/product\/vis-sada-skrutiek-pre-montaz-optiky-na-echelon\/","title":{"rendered":"VIS csavark\u00e9szlet az optika ECHELON-ra t\u00f6rt\u00e9n\u0151 felszerel\u00e9s\u00e9hez"},"content":{"rendered":"","protected":false},"excerpt":{"rendered":"<p>A kollim\u00e1torhoz mell\u00e9kelt csavarok nem mindig megfelel\u0151 hossz\u00fas\u00e1g\u00faak. Ez az optikai r\u00f6gz\u00edt\u0151csavar-k\u00e9szlet sz\u00e1mos Echelon-specifikus csavart tartalmaz, amelyek seg\u00edtik a kollim\u00e1torok VIS Variable Interface Systemhez t\u00f6rt\u00e9n\u0151 r\u00f6gz\u00edt\u00e9s\u00e9t. Ez azt jelenti, hogy nem kell a csavarok megfelel\u0151 hossz\u00fas\u00e1g\u00fara val\u00f3 r\u00f6vid\u00edt\u00e9s\u00e9vel bajl\u00f3dnia. A csavarok a tov\u00e1bbi szil\u00e1rds\u00e1g \u00e9rdek\u00e9ben el\u0151zetesen k\u00e9k Loctite\u00ae-tal vannak ell\u00e1tva. Trijicon RMR\u00ae, Holosun 507C, 508T, Holsun 509T, Leupold\u00ae DeltaPoint\u00ae Pro.<\/p>","protected":false},"featured_media":13037,"template":"","meta":{"_gspb_post_css":""},"product_brand":[],"product_cat":[2077,1864,2043,2033,1820],"product_tag":[],"class_list":{"0":"post-15655","1":"product","2":"type-product","3":"status-publish","4":"has-post-thumbnail","6":"product_cat-doplnky-prislusenstvo-springfield-armory","7":"product_cat-pistole-zbrane-b-c","8":"product_cat-prislusenstvo-springfield-armory","9":"product_cat-springfield-armory-hs-produkt","10":"product_cat-zbrane-b-c","12":"first","13":"instock","14":"taxable","15":"shipping-taxable","16":"purchasable","17":"product-type-simple"},"ct_brands":[],"_links":{"self":[{"href":"https:\/\/zbranebudai.sk\/hu\/wp-json\/wp\/v2\/product\/15655","targetHints":{"allow":["GET"]}}],"collection":[{"href":"https:\/\/zbranebudai.sk\/hu\/wp-json\/wp\/v2\/product"}],"about":[{"href":"https:\/\/zbranebudai.sk\/hu\/wp-json\/wp\/v2\/types\/product"}],"wp:featuredmedia":[{"embeddable":true,"href":"https:\/\/zbranebudai.sk\/hu\/wp-json\/wp\/v2\/media\/13037"}],"wp:attachment":[{"href":"https:\/\/zbranebudai.sk\/hu\/wp-json\/wp\/v2\/media?parent=15655"}],"wp:term":[{"taxonomy":"product_brand","embeddable":true,"href":"https:\/\/zbranebudai.sk\/hu\/wp-json\/wp\/v2\/product_brand?post=15655"},{"taxonomy":"product_cat","embeddable":true,"href":"https:\/\/zbranebudai.sk\/hu\/wp-json\/wp\/v2\/product_cat?post=15655"},{"taxonomy":"product_tag","embeddable":true,"href":"https:\/\/zbranebudai.sk\/hu\/wp-json\/wp\/v2\/product_tag?post=15655"}],"curies":[{"name":"wp","href":"https:\/\/api.w.org\/{rel}","templated":true}]}}