{"id":15652,"date":"2025-02-17T17:59:43","date_gmt":"2025-02-17T15:59:43","guid":{"rendered":"https:\/\/zbranebudai.sk\/product\/tikka-t3x-ctr-bifrost-grs-coyote-brown-kal-65-creedmoor-ns-10rd-pica-24in-mt5-8-24\/"},"modified":"2026-02-20T09:08:25","modified_gmt":"2026-02-20T07:08:25","slug":"tikka-t3x-ctr-bifrost-grs-coyote-barna-cal-65-creedmoor-ns-10rd-pica-24in-mt5-8-24","status":"publish","type":"product","link":"https:\/\/zbranebudai.sk\/hu\/product\/tikka-t3x-ctr-bifrost-grs-coyote-brown-kal-65-creedmoor-ns-10rd-pica-24in-mt5-8-24\/","title":{"rendered":"Tikka T3x CTR Bifrost GRS Coyote Brown, cal. 6.5 Creedmoor, (NS 10rd PICA 24in MT5\/8-24)"},"content":{"rendered":"<p>PARAM\u00c9TEREK:<\/p>\n<p>Cs\u0151hossz: 610 mm (24 in)<br \/>\nTeljes hossz: 1110 - 1140 mm<br \/>\nA tart\u00e1ly kapacit\u00e1sa: 10<br \/>\nCs\u0151oszt\u00e1s: 1:8\u2033<br \/>\nPicatinny s\u00edn: igen<br \/>\nAnyag: ac\u00e9l<br \/>\n\u00cdg\u00e9ret: \u00d6sszetett Bifrost GRS Coyote Brown<br \/>\nS\u00faly: 3,9 kg<\/p>","protected":false},"excerpt":{"rendered":"<p>Korl\u00e1tozott p\u00e9ld\u00e1nysz\u00e1m\u00fa Tikka T3x Compact taktikai puska k\u00f6nny\u0171 GRS Bifrost kompozit l\u00f6v\u00e9sz\u00e1rral. A teljesen \u00e1ll\u00edthat\u00f3 Bifrost \u00e1llom\u00e1ny k\u00f6nny\u0171, massz\u00edv \u00e9s id\u0151j\u00e1r\u00e1s\u00e1ll\u00f3. Az ergonomikusan kont\u00farozott markolat \u00e9s az el\u0151markolat teljes ir\u00e1ny\u00edt\u00e1st biztos\u00edt minden k\u00f6r\u00fclm\u00e9nyek k\u00f6z\u00f6tt. Az \u00e1ll\u00edthat\u00f3 magass\u00e1g\u00fa orrpofa, a picatinny s\u00edn, a k\u00e9tl\u00e1b\u00fa el\u0151k\u00e9sz\u00edt\u00e9s, a QD furatok \u00e9s a cs\u00fasz\u00f3 sz\u00e1rnyas bakancs sz\u00f6gbe\u00e1ll\u00edt\u00e1ssal a T3x pusk\u00e1khoz val\u00f3 \u00e1llom\u00e1nyok legjobbja.<\/p>","protected":false},"featured_media":13031,"template":"","meta":{"_gspb_post_css":""},"product_brand":[],"product_cat":[1821,1960,1854,1861,1820],"product_tag":[],"class_list":{"0":"post-15652","1":"product","2":"type-product","3":"status-publish","4":"has-post-thumbnail","6":"product_cat-gulovnice-zbrane-b-c","7":"product_cat-t3x-compact-tactical-rifle","8":"product_cat-tikka","9":"product_cat-tikka-t3x","10":"product_cat-zbrane-b-c","12":"first","13":"outofstock","14":"taxable","15":"shipping-taxable","16":"purchasable","17":"product-type-simple"},"ct_brands":[],"_links":{"self":[{"href":"https:\/\/zbranebudai.sk\/hu\/wp-json\/wp\/v2\/product\/15652","targetHints":{"allow":["GET"]}}],"collection":[{"href":"https:\/\/zbranebudai.sk\/hu\/wp-json\/wp\/v2\/product"}],"about":[{"href":"https:\/\/zbranebudai.sk\/hu\/wp-json\/wp\/v2\/types\/product"}],"wp:featuredmedia":[{"embeddable":true,"href":"https:\/\/zbranebudai.sk\/hu\/wp-json\/wp\/v2\/media\/13031"}],"wp:attachment":[{"href":"https:\/\/zbranebudai.sk\/hu\/wp-json\/wp\/v2\/media?parent=15652"}],"wp:term":[{"taxonomy":"product_brand","embeddable":true,"href":"https:\/\/zbranebudai.sk\/hu\/wp-json\/wp\/v2\/product_brand?post=15652"},{"taxonomy":"product_cat","embeddable":true,"href":"https:\/\/zbranebudai.sk\/hu\/wp-json\/wp\/v2\/product_cat?post=15652"},{"taxonomy":"product_tag","embeddable":true,"href":"https:\/\/zbranebudai.sk\/hu\/wp-json\/wp\/v2\/product_tag?post=15652"}],"curies":[{"name":"wp","href":"https:\/\/api.w.org\/{rel}","templated":true}]}}