{"id":15651,"date":"2025-02-17T17:59:43","date_gmt":"2025-02-17T15:59:43","guid":{"rendered":"https:\/\/zbranebudai.sk\/product\/khan-arms-arista-st-nickel-kal-12-76-hl-76cm\/"},"modified":"2026-04-09T02:33:53","modified_gmt":"2026-04-09T00:33:53","slug":"khan-arms-arista-st-nikkel-cal-12-76-hl-76cm","status":"publish","type":"product","link":"https:\/\/zbranebudai.sk\/hu\/product\/khan-arms-arista-st-nickel-kal-12-76-hl-76cm\/","title":{"rendered":"Khan Arms Arista ST Nickel, cal. 12\/76, m\u00e9lys\u00e9g 76cm"},"content":{"rendered":"<p>PARAM\u00c9TEREK:<\/p>\n<p>Cs\u0151hossz: 760 mm<br \/>\nLOP: 365 mm<br \/>\nTeljes hossz: 1190 mm<br \/>\nA hord\u00f3: ac\u00e9l: Feket\u00e9re festett ac\u00e9l<br \/>\n\u00cdg\u00e9ret: T\u00f6r\u00f6k di\u00f3<br \/>\nS\u00faly: 3,4 kg<\/p>","protected":false},"excerpt":{"rendered":"<p>Khan Arms Arista ST Nickel duplacs\u00f6v\u0171 s\u00f6r\u00e9tes puska t\u00f6r\u00f6k di\u00f3fa sz\u00e1rral \u00e9s kov\u00e1csolt ac\u00e9l sz\u00e1rral, l\u00e9zergrav\u00edrozott ARISTA felirattal. V\u00f6r\u00f6s f\u00e9ny-fluoreszk\u00e1l\u00f3 sz\u00e1l. 3\u2033 kamra, cs\u0151v\u00e1laszt\u00f3, kivon\u00f3 \u00e9s \u00f6vhurok. Tartalmaz 5 bels\u0151 fojt\u00f3cs\u00f6vet.<\/p>","protected":false},"featured_media":13029,"template":"","meta":{"_gspb_post_css":""},"product_brand":[],"product_cat":[1999,2003,2002,1820],"product_tag":[],"class_list":{"0":"post-15651","1":"product","2":"type-product","3":"status-publish","4":"has-post-thumbnail","6":"product_cat-brokovnice","7":"product_cat-dvojhlavnove-brokovnice-khan-arms-khan-arms-brokovnice","8":"product_cat-khan-arms-brokovnice","9":"product_cat-zbrane-b-c","11":"first","12":"outofstock","13":"taxable","14":"shipping-taxable","15":"purchasable","16":"product-type-simple"},"ct_brands":[],"_links":{"self":[{"href":"https:\/\/zbranebudai.sk\/hu\/wp-json\/wp\/v2\/product\/15651","targetHints":{"allow":["GET"]}}],"collection":[{"href":"https:\/\/zbranebudai.sk\/hu\/wp-json\/wp\/v2\/product"}],"about":[{"href":"https:\/\/zbranebudai.sk\/hu\/wp-json\/wp\/v2\/types\/product"}],"wp:featuredmedia":[{"embeddable":true,"href":"https:\/\/zbranebudai.sk\/hu\/wp-json\/wp\/v2\/media\/13029"}],"wp:attachment":[{"href":"https:\/\/zbranebudai.sk\/hu\/wp-json\/wp\/v2\/media?parent=15651"}],"wp:term":[{"taxonomy":"product_brand","embeddable":true,"href":"https:\/\/zbranebudai.sk\/hu\/wp-json\/wp\/v2\/product_brand?post=15651"},{"taxonomy":"product_cat","embeddable":true,"href":"https:\/\/zbranebudai.sk\/hu\/wp-json\/wp\/v2\/product_cat?post=15651"},{"taxonomy":"product_tag","embeddable":true,"href":"https:\/\/zbranebudai.sk\/hu\/wp-json\/wp\/v2\/product_tag?post=15651"}],"curies":[{"name":"wp","href":"https:\/\/api.w.org\/{rel}","templated":true}]}}