{"id":15647,"date":"2025-02-17T17:59:42","date_gmt":"2025-02-17T15:59:42","guid":{"rendered":"https:\/\/zbranebudai.sk\/product\/ruger-american-rifle-gen-ii-predator-46930-kal-65-creedmoor\/"},"modified":"2026-04-16T05:39:04","modified_gmt":"2026-04-16T03:39:04","slug":"ruger-american-rifle-gen-ii-predator-46930-cal-65-creedmoor","status":"publish","type":"product","link":"https:\/\/zbranebudai.sk\/hu\/product\/ruger-american-rifle-gen-ii-predator-46930-kal-65-creedmoor\/","title":{"rendered":"Ruger American Rifle Gen II Predator 46930, cal. 6.5 Creedmoor"},"content":{"rendered":"<p>PARAM\u00c9TEREK:<\/p>\n<p>Cs\u0151hossz: 559 mm (22\u2033)<br \/>\nTeljes hossz: 1099 mm<br \/>\nT\u00e1lcakapacit\u00e1s: 3<br \/>\nCs\u0151oszt\u00e1s: 1:8\u2033 RH<br \/>\nPicatinny s\u00edn: Igen<br \/>\nA hord\u00f3: Cerakote: \u00e9getett bronz<br \/>\n\u00c1llom\u00e1ny: Green Splatter Gen II amerikai<br \/>\nS\u00faly: 3,0 kg<\/p>","protected":false},"excerpt":{"rendered":"<p>A Ruger American Rifle Gen II Predator az ide\u00e1lis puska az eg\u00e9sz napos erdei vad\u00e1szatokhoz, ahol k\u00fcl\u00f6n\u00f6sen \u00e9rt\u00e9kelni fogja a k\u00f6nny\u0171 s\u00falyt \u00e9s a nagy visszar\u00fag\u00e1st. Az \u00faj, durva text\u00far\u00e1j\u00fa fel\u00fcletnek k\u00f6sz\u00f6nhet\u0151en a puska j\u00f3 fog\u00e1st \u00e9s biztos tart\u00e1st biztos\u00edt m\u00e9g neh\u00e9z id\u0151j\u00e1r\u00e1si k\u00f6r\u00fclm\u00e9nyek k\u00f6z\u00f6tt is. Az egyedi spir\u00e1lis cs\u0151form\u00e1val egy\u00fctt eredeti diz\u00e1jndarabot alkotnak. Puha gumipont tov\u00e1bbfejlesztett, fokozatosan lejt\u0151 geometri\u00e1val a visszar\u00fag\u00e1s cs\u00f6kkent\u00e9se \u00e9rdek\u00e9ben. A cs\u00f6v\u00f6n, a torkolatf\u00e9ken \u00e9s a cs\u00faszd\u00e1n tal\u00e1lhat\u00f3 Cerakote\u00ae bevonat n\u00f6veli a tart\u00f3ss\u00e1got \u00e9s biztos\u00edtja a k\u00f6nny\u0171 tiszt\u00edthat\u00f3s\u00e1got. Hidegen kov\u00e1csolt cs\u0151 m\u00e9ly spir\u00e1lis hornyokkal, amelyek cs\u00f6kkentik a s\u00falyt a cs\u0151 v\u00e9g\u00e9n, jav\u00edtva az egyens\u00falyt an\u00e9lk\u00fcl, hogy a tart\u00f3ss\u00e1g vagy a pontoss\u00e1g fel\u00e1ldozn\u00e1. \u00c1ll\u00edthat\u00f3 ravasz 1,4 \u00e9s 2,3 kg k\u00f6z\u00f6tt. Tartalmaz egy fesz\u00edt\u0151f\u00e9ket.<\/p>","protected":false},"featured_media":13021,"template":"","meta":{"_gspb_post_css":""},"product_brand":[],"product_cat":[1821,2207,1837,2189,1820],"product_tag":[],"class_list":{"0":"post-15647","1":"product","2":"type-product","3":"status-publish","4":"has-post-thumbnail","6":"product_cat-gulovnice-zbrane-b-c","7":"product_cat-predator-ruger-american-rifle-gen-ii","8":"product_cat-ruger","9":"product_cat-ruger-american-rifle-gen-ii","10":"product_cat-zbrane-b-c","12":"first","13":"outofstock","14":"taxable","15":"shipping-taxable","16":"purchasable","17":"product-type-simple"},"ct_brands":[],"_links":{"self":[{"href":"https:\/\/zbranebudai.sk\/hu\/wp-json\/wp\/v2\/product\/15647","targetHints":{"allow":["GET"]}}],"collection":[{"href":"https:\/\/zbranebudai.sk\/hu\/wp-json\/wp\/v2\/product"}],"about":[{"href":"https:\/\/zbranebudai.sk\/hu\/wp-json\/wp\/v2\/types\/product"}],"wp:featuredmedia":[{"embeddable":true,"href":"https:\/\/zbranebudai.sk\/hu\/wp-json\/wp\/v2\/media\/13021"}],"wp:attachment":[{"href":"https:\/\/zbranebudai.sk\/hu\/wp-json\/wp\/v2\/media?parent=15647"}],"wp:term":[{"taxonomy":"product_brand","embeddable":true,"href":"https:\/\/zbranebudai.sk\/hu\/wp-json\/wp\/v2\/product_brand?post=15647"},{"taxonomy":"product_cat","embeddable":true,"href":"https:\/\/zbranebudai.sk\/hu\/wp-json\/wp\/v2\/product_cat?post=15647"},{"taxonomy":"product_tag","embeddable":true,"href":"https:\/\/zbranebudai.sk\/hu\/wp-json\/wp\/v2\/product_tag?post=15647"}],"curies":[{"name":"wp","href":"https:\/\/api.w.org\/{rel}","templated":true}]}}