{"id":15644,"date":"2025-02-17T17:59:42","date_gmt":"2025-02-17T15:59:42","guid":{"rendered":"https:\/\/zbranebudai.sk\/product\/khan-arms-k-005-s-s-engraved-kal-12-76-hl-76cm\/"},"modified":"2025-08-31T03:35:32","modified_gmt":"2025-08-31T01:35:32","slug":"khan-arms-k-005-s-s-gravirozott-cal-12-76-hl-76cm","status":"publish","type":"product","link":"https:\/\/zbranebudai.sk\/hu\/product\/khan-arms-k-005-s-s-engraved-kal-12-76-hl-76cm\/","title":{"rendered":"Khan Arms K-005 S\/S grav\u00edrozott, cal. 12\/76, m\u00e9lys\u00e9g 76cm"},"content":{"rendered":"<p>PARAM\u00c9TEREK:<\/p>\n<p>Cs\u0151hossz: 760 mm<br \/>\nLOP: 365 mm<br \/>\nTeljes hossz: 1200 mm<br \/>\nA hord\u00f3: ac\u00e9l: Feket\u00e9re festett ac\u00e9l<br \/>\n\u00cdg\u00e9ret: T\u00f6r\u00f6k di\u00f3<br \/>\nS\u00faly: 3,2 kg<\/p>","protected":false},"excerpt":{"rendered":"<p>Khan Arms K-005 S\/S Grav\u00edrozott t\u00f6r\u00f6k di\u00f3fa sz\u00e1rral \u00e9s nikkelezett ac\u00e9l baszkul\u00e1rral, 24K arany grav\u00edroz\u00e1ssal \u00e9s intarzi\u00e1val. 3\u2033 kamra, cs\u0151v\u00e1laszt\u00f3, kil\u00f6v\u0151 \u00e9s \u00f6vhurok. 5 bels\u0151 fojt\u00f3cs\u0151 mell\u00e9kelve.<\/p>","protected":false},"featured_media":13015,"template":"","meta":{"_gspb_post_css":""},"product_brand":[],"product_cat":[1999,2001,2000,1820],"product_tag":[],"class_list":{"0":"post-15644","1":"product","2":"type-product","3":"status-publish","4":"has-post-thumbnail","6":"product_cat-brokovnice","7":"product_cat-dvojhlavnove-brokovnice-khan-arms","8":"product_cat-khan-arms","9":"product_cat-zbrane-b-c","11":"first","12":"outofstock","13":"taxable","14":"shipping-taxable","15":"purchasable","16":"product-type-simple"},"ct_brands":[],"_links":{"self":[{"href":"https:\/\/zbranebudai.sk\/hu\/wp-json\/wp\/v2\/product\/15644","targetHints":{"allow":["GET"]}}],"collection":[{"href":"https:\/\/zbranebudai.sk\/hu\/wp-json\/wp\/v2\/product"}],"about":[{"href":"https:\/\/zbranebudai.sk\/hu\/wp-json\/wp\/v2\/types\/product"}],"wp:featuredmedia":[{"embeddable":true,"href":"https:\/\/zbranebudai.sk\/hu\/wp-json\/wp\/v2\/media\/13015"}],"wp:attachment":[{"href":"https:\/\/zbranebudai.sk\/hu\/wp-json\/wp\/v2\/media?parent=15644"}],"wp:term":[{"taxonomy":"product_brand","embeddable":true,"href":"https:\/\/zbranebudai.sk\/hu\/wp-json\/wp\/v2\/product_brand?post=15644"},{"taxonomy":"product_cat","embeddable":true,"href":"https:\/\/zbranebudai.sk\/hu\/wp-json\/wp\/v2\/product_cat?post=15644"},{"taxonomy":"product_tag","embeddable":true,"href":"https:\/\/zbranebudai.sk\/hu\/wp-json\/wp\/v2\/product_tag?post=15644"}],"curies":[{"name":"wp","href":"https:\/\/api.w.org\/{rel}","templated":true}]}}